{"id":7074,"date":"2020-12-09T16:19:09","date_gmt":"2020-03-22T09:38:46","guid":{"rendered":"https:\/\/myavocado.md\/produs\/hirtie-igien-milde-4rol-spa-marine\/"},"modified":"2025-08-05T11:17:42","modified_gmt":"2025-08-05T08:17:42","slug":"hirtie-igienica-milde-3-str-4-buc-cool-blue","status":"publish","type":"product","link":"https:\/\/myavocado.md\/ru\/produs\/hirtie-igienica-milde-3-str-4-buc-cool-blue\/","title":{"rendered":"\u0422\u0443\u0430\u043b\u0435\u0442\u043d\u0430\u044f \u0431\u0443\u043c\u0430\u0433\u0430 MILDE 3 \u0441\u043b 4 \u0448\u0442 Cool blue"},"content":{"rendered":"<h1><a href=\"https:\/\/myavocado.md\/?s=milde&amp;post_type=product\">Milde<\/a><\/h1>\n<p>Bucur\u0103-te de sentimentul de prospe\u021bime \u0219i de cur\u0103\u021benie pe care pachetul albastru de Milde \u00eel va l\u0103sa \u00een casa ta.<\/p>\n<p>H\u00e2rtie alb\u0103 igienic\u0103 cu model albastru deschis<br \/>\nUn parfum cu note \u00eenalte revigorante \u0219i cu o baz\u0103 extrem de nobil\u0103 \u0219i de durat\u0103.<br \/>\n\u00cen pachetul albastru de Milde vei auzi sunetul valurilor, \u00een timp ce parfumul s\u0103u \u00ee\u021bi va aminti de bucuria zilelor \u00eensorite. Te vei cufunda \u00een senza\u021bia de delicate\u021be asem\u0103n\u0103toare atingerii spumei m\u0103rii.<\/p>\n<p><a href=\"http:\/\/www.mildeworld.com\/ro\/products\/view\/2\/cool_blue\/\" target=\"_blank\" rel=\"noopener noreferrer\">Vizualiza\u021bi produsul pe site-ul web al produc\u0103torului<\/a><\/p>\n","protected":false},"excerpt":{"rendered":"<p>Milde Bucur\u0103-te de sentimentul de prospe\u021bime \u0219i de cur\u0103\u021benie pe care pachetul albastru de Milde \u00eel va l\u0103sa \u00een casa<\/p>\n","protected":false},"featured_media":13131,"comment_status":"closed","ping_status":"closed","template":"","meta":[],"product_cat":[91,175,39],"product_tag":[],"yoast_head":"<!-- This site is optimized with the Yoast SEO plugin v22.6 - https:\/\/yoast.com\/wordpress\/plugins\/seo\/ -->\n<title>\u0422\u0443\u0430\u043b\u0435\u0442\u043d\u0430\u044f \u0431\u0443\u043c\u0430\u0433\u0430 MILDE 3 \u0441\u043b 4 \u0448\u0442 Cool blue - Avocado Beauty Shop<\/title>\n<meta name=\"robots\" content=\"index, follow, max-snippet:-1, max-image-preview:large, max-video-preview:-1\" \/>\n<link rel=\"canonical\" href=\"https:\/\/myavocado.md\/produs\/hirtie-igienica-milde-3-str-4-buc-cool-blue\/\" \/>\n<meta property=\"og:locale\" content=\"ru_RU\" \/>\n<meta property=\"og:type\" content=\"article\" \/>\n<meta property=\"og:title\" content=\"[:ro]Hirtie igienica MILDE 3 str 4 buc Cool blue[:ru]\u0422\u0443\u0430\u043b\u0435\u0442\u043d\u0430\u044f \u0431\u0443\u043c\u0430\u0433\u0430 MILDE 3 \u0441\u043b 4 \u0448\u0442 Cool blue[:] - Avocado Beauty Shop\" \/>\n<meta property=\"og:description\" content=\"Milde Bucur\u0103-te de sentimentul de prospe\u021bime \u0219i de cur\u0103\u021benie pe care pachetul albastru de Milde \u00eel va l\u0103sa \u00een casa\" \/>\n<meta property=\"og:url\" content=\"https:\/\/myavocado.md\/produs\/hirtie-igienica-milde-3-str-4-buc-cool-blue\/\" \/>\n<meta property=\"og:site_name\" content=\"Avocado Beauty Shop\" \/>\n<meta property=\"article:modified_time\" content=\"2025-08-05T08:17:42+00:00\" \/>\n<meta property=\"og:image\" content=\"https:\/\/myavocado.md\/wp-content\/uploads\/2020\/03\/Hirtieigien-Milde-4rol.-SPA-Marine.jpg\" \/>\n\t<meta property=\"og:image:width\" content=\"500\" \/>\n\t<meta property=\"og:image:height\" content=\"700\" \/>\n\t<meta property=\"og:image:type\" content=\"image\/jpeg\" \/>\n<meta name=\"twitter:card\" content=\"summary_large_image\" \/>\n<script type=\"application\/ld+json\" class=\"yoast-schema-graph\">{\"@context\":\"https:\/\/schema.org\",\"@graph\":[{\"@type\":\"WebPage\",\"@id\":\"https:\/\/myavocado.md\/produs\/hirtie-igienica-milde-3-str-4-buc-cool-blue\/\",\"url\":\"https:\/\/myavocado.md\/produs\/hirtie-igienica-milde-3-str-4-buc-cool-blue\/\",\"name\":\"[:ro]Hirtie igienica MILDE 3 str 4 buc Cool blue[:ru]\u0422\u0443\u0430\u043b\u0435\u0442\u043d\u0430\u044f \u0431\u0443\u043c\u0430\u0433\u0430 MILDE 3 \u0441\u043b 4 \u0448\u0442 Cool blue[:] - Avocado Beauty Shop\",\"isPartOf\":{\"@id\":\"https:\/\/myavocado.md\/ru\/#website\"},\"primaryImageOfPage\":{\"@id\":\"https:\/\/myavocado.md\/produs\/hirtie-igienica-milde-3-str-4-buc-cool-blue\/#primaryimage\"},\"image\":{\"@id\":\"https:\/\/myavocado.md\/produs\/hirtie-igienica-milde-3-str-4-buc-cool-blue\/#primaryimage\"},\"thumbnailUrl\":\"https:\/\/myavocado.md\/wp-content\/uploads\/2020\/03\/Hirtieigien-Milde-4rol.-SPA-Marine.jpg\",\"datePublished\":\"2020-03-22T09:38:46+00:00\",\"dateModified\":\"2025-08-05T08:17:42+00:00\",\"breadcrumb\":{\"@id\":\"https:\/\/myavocado.md\/produs\/hirtie-igienica-milde-3-str-4-buc-cool-blue\/#breadcrumb\"},\"inLanguage\":\"ru-RU\",\"potentialAction\":[{\"@type\":\"ReadAction\",\"target\":[\"https:\/\/myavocado.md\/produs\/hirtie-igienica-milde-3-str-4-buc-cool-blue\/\"]}]},{\"@type\":\"ImageObject\",\"inLanguage\":\"ru-RU\",\"@id\":\"https:\/\/myavocado.md\/produs\/hirtie-igienica-milde-3-str-4-buc-cool-blue\/#primaryimage\",\"url\":\"https:\/\/myavocado.md\/wp-content\/uploads\/2020\/03\/Hirtieigien-Milde-4rol.-SPA-Marine.jpg\",\"contentUrl\":\"https:\/\/myavocado.md\/wp-content\/uploads\/2020\/03\/Hirtieigien-Milde-4rol.-SPA-Marine.jpg\",\"width\":500,\"height\":700},{\"@type\":\"BreadcrumbList\",\"@id\":\"https:\/\/myavocado.md\/produs\/hirtie-igienica-milde-3-str-4-buc-cool-blue\/#breadcrumb\",\"itemListElement\":[{\"@type\":\"ListItem\",\"position\":1,\"name\":\"Prima pagin\u0103\",\"item\":\"https:\/\/myavocado.md\/\"},{\"@type\":\"ListItem\",\"position\":2,\"name\":\"\u041c\u0430\u0433\u0430\u0437\u0438\u043d\",\"item\":\"https:\/\/myavocado.md\/ru\/magazin\/\"},{\"@type\":\"ListItem\",\"position\":3,\"name\":\"Hirtie igienica MILDE 3 str 4 buc Cool blue\"}]},{\"@type\":\"WebSite\",\"@id\":\"https:\/\/myavocado.md\/ru\/#website\",\"url\":\"https:\/\/myavocado.md\/ru\/\",\"name\":\"Avocado Beauty Shop\",\"description\":\"Alege inteligent! Economise\u0219te energie \u0219i bani!\",\"publisher\":{\"@id\":\"https:\/\/myavocado.md\/ru\/#organization\"},\"potentialAction\":[{\"@type\":\"SearchAction\",\"target\":{\"@type\":\"EntryPoint\",\"urlTemplate\":\"https:\/\/myavocado.md\/ru\/?s={search_term_string}\"},\"query-input\":\"required name=search_term_string\"}],\"inLanguage\":\"ru-RU\"},{\"@type\":\"Organization\",\"@id\":\"https:\/\/myavocado.md\/ru\/#organization\",\"name\":\"MyAvocado\",\"url\":\"https:\/\/myavocado.md\/ru\/\",\"logo\":{\"@type\":\"ImageObject\",\"inLanguage\":\"ru-RU\",\"@id\":\"https:\/\/myavocado.md\/ru\/#\/schema\/logo\/image\/\",\"url\":\"https:\/\/myavocado.md\/wp-content\/uploads\/2020\/03\/logo-dark.png\",\"contentUrl\":\"https:\/\/myavocado.md\/wp-content\/uploads\/2020\/03\/logo-dark.png\",\"width\":714,\"height\":221,\"caption\":\"MyAvocado\"},\"image\":{\"@id\":\"https:\/\/myavocado.md\/ru\/#\/schema\/logo\/image\/\"}}]}<\/script>\n<!-- \/ Yoast SEO plugin. -->","yoast_head_json":{"title":"[:ro]Hirtie igienica MILDE 3 str 4 buc Cool blue[:ru]\u0422\u0443\u0430\u043b\u0435\u0442\u043d\u0430\u044f \u0431\u0443\u043c\u0430\u0433\u0430 MILDE 3 \u0441\u043b 4 \u0448\u0442 Cool blue[:] - Avocado Beauty Shop","robots":{"index":"index","follow":"follow","max-snippet":"max-snippet:-1","max-image-preview":"max-image-preview:large","max-video-preview":"max-video-preview:-1"},"canonical":"https:\/\/myavocado.md\/produs\/hirtie-igienica-milde-3-str-4-buc-cool-blue\/","og_locale":"ru_RU","og_type":"article","og_title":"[:ro]Hirtie igienica MILDE 3 str 4 buc Cool blue[:ru]\u0422\u0443\u0430\u043b\u0435\u0442\u043d\u0430\u044f \u0431\u0443\u043c\u0430\u0433\u0430 MILDE 3 \u0441\u043b 4 \u0448\u0442 Cool blue[:] - Avocado Beauty Shop","og_description":"Milde Bucur\u0103-te de sentimentul de prospe\u021bime \u0219i de cur\u0103\u021benie pe care pachetul albastru de Milde \u00eel va l\u0103sa \u00een casa","og_url":"https:\/\/myavocado.md\/produs\/hirtie-igienica-milde-3-str-4-buc-cool-blue\/","og_site_name":"Avocado Beauty Shop","article_modified_time":"2025-08-05T08:17:42+00:00","og_image":[{"width":500,"height":700,"url":"https:\/\/myavocado.md\/wp-content\/uploads\/2020\/03\/Hirtieigien-Milde-4rol.-SPA-Marine.jpg","type":"image\/jpeg"}],"twitter_card":"summary_large_image","schema":{"@context":"https:\/\/schema.org","@graph":[{"@type":"WebPage","@id":"https:\/\/myavocado.md\/produs\/hirtie-igienica-milde-3-str-4-buc-cool-blue\/","url":"https:\/\/myavocado.md\/produs\/hirtie-igienica-milde-3-str-4-buc-cool-blue\/","name":"[:ro]Hirtie igienica MILDE 3 str 4 buc Cool blue[:ru]\u0422\u0443\u0430\u043b\u0435\u0442\u043d\u0430\u044f \u0431\u0443\u043c\u0430\u0433\u0430 MILDE 3 \u0441\u043b 4 \u0448\u0442 Cool blue[:] - Avocado Beauty Shop","isPartOf":{"@id":"https:\/\/myavocado.md\/ru\/#website"},"primaryImageOfPage":{"@id":"https:\/\/myavocado.md\/produs\/hirtie-igienica-milde-3-str-4-buc-cool-blue\/#primaryimage"},"image":{"@id":"https:\/\/myavocado.md\/produs\/hirtie-igienica-milde-3-str-4-buc-cool-blue\/#primaryimage"},"thumbnailUrl":"https:\/\/myavocado.md\/wp-content\/uploads\/2020\/03\/Hirtieigien-Milde-4rol.-SPA-Marine.jpg","datePublished":"2020-03-22T09:38:46+00:00","dateModified":"2025-08-05T08:17:42+00:00","breadcrumb":{"@id":"https:\/\/myavocado.md\/produs\/hirtie-igienica-milde-3-str-4-buc-cool-blue\/#breadcrumb"},"inLanguage":"ru-RU","potentialAction":[{"@type":"ReadAction","target":["https:\/\/myavocado.md\/produs\/hirtie-igienica-milde-3-str-4-buc-cool-blue\/"]}]},{"@type":"ImageObject","inLanguage":"ru-RU","@id":"https:\/\/myavocado.md\/produs\/hirtie-igienica-milde-3-str-4-buc-cool-blue\/#primaryimage","url":"https:\/\/myavocado.md\/wp-content\/uploads\/2020\/03\/Hirtieigien-Milde-4rol.-SPA-Marine.jpg","contentUrl":"https:\/\/myavocado.md\/wp-content\/uploads\/2020\/03\/Hirtieigien-Milde-4rol.-SPA-Marine.jpg","width":500,"height":700},{"@type":"BreadcrumbList","@id":"https:\/\/myavocado.md\/produs\/hirtie-igienica-milde-3-str-4-buc-cool-blue\/#breadcrumb","itemListElement":[{"@type":"ListItem","position":1,"name":"Prima pagin\u0103","item":"https:\/\/myavocado.md\/"},{"@type":"ListItem","position":2,"name":"\u041c\u0430\u0433\u0430\u0437\u0438\u043d","item":"https:\/\/myavocado.md\/ru\/magazin\/"},{"@type":"ListItem","position":3,"name":"Hirtie igienica MILDE 3 str 4 buc Cool blue"}]},{"@type":"WebSite","@id":"https:\/\/myavocado.md\/ru\/#website","url":"https:\/\/myavocado.md\/ru\/","name":"Avocado Beauty Shop","description":"Alege inteligent! Economise\u0219te energie \u0219i bani!","publisher":{"@id":"https:\/\/myavocado.md\/ru\/#organization"},"potentialAction":[{"@type":"SearchAction","target":{"@type":"EntryPoint","urlTemplate":"https:\/\/myavocado.md\/ru\/?s={search_term_string}"},"query-input":"required name=search_term_string"}],"inLanguage":"ru-RU"},{"@type":"Organization","@id":"https:\/\/myavocado.md\/ru\/#organization","name":"MyAvocado","url":"https:\/\/myavocado.md\/ru\/","logo":{"@type":"ImageObject","inLanguage":"ru-RU","@id":"https:\/\/myavocado.md\/ru\/#\/schema\/logo\/image\/","url":"https:\/\/myavocado.md\/wp-content\/uploads\/2020\/03\/logo-dark.png","contentUrl":"https:\/\/myavocado.md\/wp-content\/uploads\/2020\/03\/logo-dark.png","width":714,"height":221,"caption":"MyAvocado"},"image":{"@id":"https:\/\/myavocado.md\/ru\/#\/schema\/logo\/image\/"}}]}},"_links":{"self":[{"href":"https:\/\/myavocado.md\/ru\/wp-json\/wp\/v2\/product\/7074"}],"collection":[{"href":"https:\/\/myavocado.md\/ru\/wp-json\/wp\/v2\/product"}],"about":[{"href":"https:\/\/myavocado.md\/ru\/wp-json\/wp\/v2\/types\/product"}],"replies":[{"embeddable":true,"href":"https:\/\/myavocado.md\/ru\/wp-json\/wp\/v2\/comments?post=7074"}],"wp:featuredmedia":[{"embeddable":true,"href":"https:\/\/myavocado.md\/ru\/wp-json\/wp\/v2\/media\/13131"}],"wp:attachment":[{"href":"https:\/\/myavocado.md\/ru\/wp-json\/wp\/v2\/media?parent=7074"}],"wp:term":[{"taxonomy":"product_cat","embeddable":true,"href":"https:\/\/myavocado.md\/ru\/wp-json\/wp\/v2\/product_cat?post=7074"},{"taxonomy":"product_tag","embeddable":true,"href":"https:\/\/myavocado.md\/ru\/wp-json\/wp\/v2\/product_tag?post=7074"}],"curies":[{"name":"wp","href":"https:\/\/api.w.org\/{rel}","templated":true}]}}