{"id":7045,"date":"2020-09-10T15:20:45","date_gmt":"2020-03-22T09:38:43","guid":{"rendered":"https:\/\/myavocado.md\/produs\/detergent-manual-savex-400-gr-premium-white-colors\/"},"modified":"2025-10-23T15:42:39","modified_gmt":"2025-10-23T12:42:39","slug":"detergent-manual-savex-400-gr-whites-colors","status":"publish","type":"product","link":"https:\/\/myavocado.md\/ru\/produs\/detergent-manual-savex-400-gr-whites-colors\/","title":{"rendered":"\u0421\u0442\u0438\u0440\u0430\u043b\u044c\u043d\u044b\u0439 \u043f\u043e\u0440\u043e\u0448\u043e\u043a \u0440\u0443\u0447\u043d\u0430\u044f \u0441\u0442\u0438\u0440\u043a\u0430 SAVEX 400 \u0433 Whites &#038; Colors"},"content":{"rendered":"<h1><a href=\"https:\/\/myavocado.md\/?s=savex&amp;post_type=product\">Savex<\/a><\/h1>\n<p>Toate femeile moderne \u015ftiu c\u0103 atunci c\u00e2nd vine vorba de sp\u0103lat rufe, trei lucruri sunt importante: trebuie s\u0103 fie curate, s\u0103 miroas\u0103 bine \u015fi s\u0103 nu te coste o gr\u0103mad\u0103 de bani.<br \/>\nDe aceea at\u00e2t de multe femei \u015fi-au \u00eencredin\u0163at hainele membrilor familiei expertului \u00een sp\u0103latul rufelor, <a href=\"https:\/\/myavocado.md\/?s=savex&amp;post_type=product\">Savex<\/a>.<br \/>\nSavex func\u0163ioneaz\u0103 de minune. Indiferent ce rufe ai de sp\u0103lat \u2013 albe sau colorate, delicate sau aspre, cu pete \u00eenc\u0103p\u0103\u0163\u00e2nate sau doar acoperite de praful zilnic \u2013 Savex pune la dispozi\u0163ie o gam\u0103 de produse care s\u0103 rezolve orice problem\u0103 \u015fi nevoie.<br \/>\nSavex are un pre\u0163 convenabil. Nu toate lucrurile bune din via\u0163\u0103 trebuie s\u0103 fie scumpe. Savex are un pre\u0163 rezonabil, oferind o \u015fans\u0103 pentru milioane de femei de a se bucura de o sp\u0103lare a rufelor excelent\u0103 f\u0103r\u0103 a pl\u0103ti o sum\u0103 uria\u015f\u0103.<br \/>\nSavex miroase minunat. Miresme splendide, parfumuri unice \u015fi senza\u0163ia c\u0103 tocmai ai dat \u00een jurul t\u0103u cu un parfum scump \u2013 aceasta este experien\u021b\u0103 Savex care l-a transformat \u00een detergentul preferat de foarte, foarte multe femei.<br \/>\nA\u0219adar, dac\u0103 trebuie s\u0103 spele bine, dac\u0103 trebuie s\u0103 coste pu\u021bin \u0219i dac\u0103 trebuie s\u0103 miroas\u0103 splendid, atunci trebuie s\u0103 fie <a href=\"https:\/\/myavocado.md\/?s=savex&amp;post_type=product\">Savex<\/a>.<\/p>\n<p><a href=\"http:\/\/savexlaundry.com\/ro\/#portfolio\" target=\"_blank\" rel=\"noopener noreferrer\">Vizualiza\u021bi produsul pe site-ul web al produc\u0103torului<\/a><\/p>\n","protected":false},"excerpt":{"rendered":"<p>Savex Toate femeile moderne \u015ftiu c\u0103 atunci c\u00e2nd vine vorba de sp\u0103lat rufe, trei lucruri sunt importante: trebuie s\u0103 fie<\/p>\n","protected":false},"featured_media":34977,"comment_status":"closed","ping_status":"closed","template":"","meta":[],"product_cat":[87,172,38],"product_tag":[],"yoast_head":"<!-- This site is optimized with the Yoast SEO plugin v22.6 - https:\/\/yoast.com\/wordpress\/plugins\/seo\/ -->\n<title>\u0421\u0442\u0438\u0440\u0430\u043b\u044c\u043d\u044b\u0439 \u043f\u043e\u0440\u043e\u0448\u043e\u043a \u0440\u0443\u0447\u043d\u0430\u044f \u0441\u0442\u0438\u0440\u043a\u0430 SAVEX 400 \u0433 Whites &amp; Colors - Avocado Beauty Shop<\/title>\n<meta name=\"robots\" content=\"index, follow, max-snippet:-1, max-image-preview:large, max-video-preview:-1\" \/>\n<link rel=\"canonical\" href=\"https:\/\/myavocado.md\/produs\/detergent-manual-savex-400-gr-whites-colors\/\" \/>\n<meta property=\"og:locale\" content=\"ru_RU\" \/>\n<meta property=\"og:type\" content=\"article\" \/>\n<meta property=\"og:title\" content=\"[:ro]Detergent manual SAVEX 400 g Whites &amp; Colors[:ru]\u0421\u0442\u0438\u0440\u0430\u043b\u044c\u043d\u044b\u0439 \u043f\u043e\u0440\u043e\u0448\u043e\u043a \u0440\u0443\u0447\u043d\u0430\u044f \u0441\u0442\u0438\u0440\u043a\u0430 SAVEX 400 \u0433 Whites &amp; Colors[:] - Avocado Beauty Shop\" \/>\n<meta property=\"og:description\" content=\"Savex Toate femeile moderne \u015ftiu c\u0103 atunci c\u00e2nd vine vorba de sp\u0103lat rufe, trei lucruri sunt importante: trebuie s\u0103 fie\" \/>\n<meta property=\"og:url\" content=\"https:\/\/myavocado.md\/produs\/detergent-manual-savex-400-gr-whites-colors\/\" \/>\n<meta property=\"og:site_name\" content=\"Avocado Beauty Shop\" \/>\n<meta property=\"article:modified_time\" content=\"2025-10-23T12:42:39+00:00\" \/>\n<meta property=\"og:image\" content=\"https:\/\/myavocado.md\/wp-content\/uploads\/2020\/09\/Savex-PowderBox-Handwash-400GR-WhitesColors.png\" \/>\n\t<meta property=\"og:image:width\" content=\"500\" \/>\n\t<meta property=\"og:image:height\" content=\"700\" \/>\n\t<meta property=\"og:image:type\" content=\"image\/png\" \/>\n<meta name=\"twitter:card\" content=\"summary_large_image\" \/>\n<meta name=\"twitter:label1\" content=\"\u041f\u0440\u0438\u043c\u0435\u0440\u043d\u043e\u0435 \u0432\u0440\u0435\u043c\u044f \u0434\u043b\u044f \u0447\u0442\u0435\u043d\u0438\u044f\" \/>\n\t<meta name=\"twitter:data1\" content=\"2 \u043c\u0438\u043d\u0443\u0442\u044b\" \/>\n<script type=\"application\/ld+json\" class=\"yoast-schema-graph\">{\"@context\":\"https:\/\/schema.org\",\"@graph\":[{\"@type\":\"WebPage\",\"@id\":\"https:\/\/myavocado.md\/produs\/detergent-manual-savex-400-gr-whites-colors\/\",\"url\":\"https:\/\/myavocado.md\/produs\/detergent-manual-savex-400-gr-whites-colors\/\",\"name\":\"[:ro]Detergent manual SAVEX 400 g Whites & Colors[:ru]\u0421\u0442\u0438\u0440\u0430\u043b\u044c\u043d\u044b\u0439 \u043f\u043e\u0440\u043e\u0448\u043e\u043a \u0440\u0443\u0447\u043d\u0430\u044f \u0441\u0442\u0438\u0440\u043a\u0430 SAVEX 400 \u0433 Whites & Colors[:] - Avocado Beauty Shop\",\"isPartOf\":{\"@id\":\"https:\/\/myavocado.md\/ru\/#website\"},\"primaryImageOfPage\":{\"@id\":\"https:\/\/myavocado.md\/produs\/detergent-manual-savex-400-gr-whites-colors\/#primaryimage\"},\"image\":{\"@id\":\"https:\/\/myavocado.md\/produs\/detergent-manual-savex-400-gr-whites-colors\/#primaryimage\"},\"thumbnailUrl\":\"https:\/\/myavocado.md\/wp-content\/uploads\/2020\/09\/Savex-PowderBox-Handwash-400GR-WhitesColors.png\",\"datePublished\":\"2020-03-22T09:38:43+00:00\",\"dateModified\":\"2025-10-23T12:42:39+00:00\",\"breadcrumb\":{\"@id\":\"https:\/\/myavocado.md\/produs\/detergent-manual-savex-400-gr-whites-colors\/#breadcrumb\"},\"inLanguage\":\"ru-RU\",\"potentialAction\":[{\"@type\":\"ReadAction\",\"target\":[\"https:\/\/myavocado.md\/produs\/detergent-manual-savex-400-gr-whites-colors\/\"]}]},{\"@type\":\"ImageObject\",\"inLanguage\":\"ru-RU\",\"@id\":\"https:\/\/myavocado.md\/produs\/detergent-manual-savex-400-gr-whites-colors\/#primaryimage\",\"url\":\"https:\/\/myavocado.md\/wp-content\/uploads\/2020\/09\/Savex-PowderBox-Handwash-400GR-WhitesColors.png\",\"contentUrl\":\"https:\/\/myavocado.md\/wp-content\/uploads\/2020\/09\/Savex-PowderBox-Handwash-400GR-WhitesColors.png\",\"width\":500,\"height\":700},{\"@type\":\"BreadcrumbList\",\"@id\":\"https:\/\/myavocado.md\/produs\/detergent-manual-savex-400-gr-whites-colors\/#breadcrumb\",\"itemListElement\":[{\"@type\":\"ListItem\",\"position\":1,\"name\":\"Prima pagin\u0103\",\"item\":\"https:\/\/myavocado.md\/\"},{\"@type\":\"ListItem\",\"position\":2,\"name\":\"\u041c\u0430\u0433\u0430\u0437\u0438\u043d\",\"item\":\"https:\/\/myavocado.md\/ru\/magazin\/\"},{\"@type\":\"ListItem\",\"position\":3,\"name\":\"Detergent manual SAVEX 400 g Whites &#038; Colors\"}]},{\"@type\":\"WebSite\",\"@id\":\"https:\/\/myavocado.md\/ru\/#website\",\"url\":\"https:\/\/myavocado.md\/ru\/\",\"name\":\"Avocado Beauty Shop\",\"description\":\"Alege inteligent! Economise\u0219te energie \u0219i bani!\",\"publisher\":{\"@id\":\"https:\/\/myavocado.md\/ru\/#organization\"},\"potentialAction\":[{\"@type\":\"SearchAction\",\"target\":{\"@type\":\"EntryPoint\",\"urlTemplate\":\"https:\/\/myavocado.md\/ru\/?s={search_term_string}\"},\"query-input\":\"required name=search_term_string\"}],\"inLanguage\":\"ru-RU\"},{\"@type\":\"Organization\",\"@id\":\"https:\/\/myavocado.md\/ru\/#organization\",\"name\":\"MyAvocado\",\"url\":\"https:\/\/myavocado.md\/ru\/\",\"logo\":{\"@type\":\"ImageObject\",\"inLanguage\":\"ru-RU\",\"@id\":\"https:\/\/myavocado.md\/ru\/#\/schema\/logo\/image\/\",\"url\":\"https:\/\/myavocado.md\/wp-content\/uploads\/2020\/03\/logo-dark.png\",\"contentUrl\":\"https:\/\/myavocado.md\/wp-content\/uploads\/2020\/03\/logo-dark.png\",\"width\":714,\"height\":221,\"caption\":\"MyAvocado\"},\"image\":{\"@id\":\"https:\/\/myavocado.md\/ru\/#\/schema\/logo\/image\/\"}}]}<\/script>\n<!-- \/ Yoast SEO plugin. -->","yoast_head_json":{"title":"[:ro]Detergent manual SAVEX 400 g Whites & Colors[:ru]\u0421\u0442\u0438\u0440\u0430\u043b\u044c\u043d\u044b\u0439 \u043f\u043e\u0440\u043e\u0448\u043e\u043a \u0440\u0443\u0447\u043d\u0430\u044f \u0441\u0442\u0438\u0440\u043a\u0430 SAVEX 400 \u0433 Whites & Colors[:] - Avocado Beauty Shop","robots":{"index":"index","follow":"follow","max-snippet":"max-snippet:-1","max-image-preview":"max-image-preview:large","max-video-preview":"max-video-preview:-1"},"canonical":"https:\/\/myavocado.md\/produs\/detergent-manual-savex-400-gr-whites-colors\/","og_locale":"ru_RU","og_type":"article","og_title":"[:ro]Detergent manual SAVEX 400 g Whites & Colors[:ru]\u0421\u0442\u0438\u0440\u0430\u043b\u044c\u043d\u044b\u0439 \u043f\u043e\u0440\u043e\u0448\u043e\u043a \u0440\u0443\u0447\u043d\u0430\u044f \u0441\u0442\u0438\u0440\u043a\u0430 SAVEX 400 \u0433 Whites & Colors[:] - Avocado Beauty Shop","og_description":"Savex Toate femeile moderne \u015ftiu c\u0103 atunci c\u00e2nd vine vorba de sp\u0103lat rufe, trei lucruri sunt importante: trebuie s\u0103 fie","og_url":"https:\/\/myavocado.md\/produs\/detergent-manual-savex-400-gr-whites-colors\/","og_site_name":"Avocado Beauty Shop","article_modified_time":"2025-10-23T12:42:39+00:00","og_image":[{"width":500,"height":700,"url":"https:\/\/myavocado.md\/wp-content\/uploads\/2020\/09\/Savex-PowderBox-Handwash-400GR-WhitesColors.png","type":"image\/png"}],"twitter_card":"summary_large_image","twitter_misc":{"\u041f\u0440\u0438\u043c\u0435\u0440\u043d\u043e\u0435 \u0432\u0440\u0435\u043c\u044f \u0434\u043b\u044f \u0447\u0442\u0435\u043d\u0438\u044f":"2 \u043c\u0438\u043d\u0443\u0442\u044b"},"schema":{"@context":"https:\/\/schema.org","@graph":[{"@type":"WebPage","@id":"https:\/\/myavocado.md\/produs\/detergent-manual-savex-400-gr-whites-colors\/","url":"https:\/\/myavocado.md\/produs\/detergent-manual-savex-400-gr-whites-colors\/","name":"[:ro]Detergent manual SAVEX 400 g Whites & Colors[:ru]\u0421\u0442\u0438\u0440\u0430\u043b\u044c\u043d\u044b\u0439 \u043f\u043e\u0440\u043e\u0448\u043e\u043a \u0440\u0443\u0447\u043d\u0430\u044f \u0441\u0442\u0438\u0440\u043a\u0430 SAVEX 400 \u0433 Whites & Colors[:] - Avocado Beauty Shop","isPartOf":{"@id":"https:\/\/myavocado.md\/ru\/#website"},"primaryImageOfPage":{"@id":"https:\/\/myavocado.md\/produs\/detergent-manual-savex-400-gr-whites-colors\/#primaryimage"},"image":{"@id":"https:\/\/myavocado.md\/produs\/detergent-manual-savex-400-gr-whites-colors\/#primaryimage"},"thumbnailUrl":"https:\/\/myavocado.md\/wp-content\/uploads\/2020\/09\/Savex-PowderBox-Handwash-400GR-WhitesColors.png","datePublished":"2020-03-22T09:38:43+00:00","dateModified":"2025-10-23T12:42:39+00:00","breadcrumb":{"@id":"https:\/\/myavocado.md\/produs\/detergent-manual-savex-400-gr-whites-colors\/#breadcrumb"},"inLanguage":"ru-RU","potentialAction":[{"@type":"ReadAction","target":["https:\/\/myavocado.md\/produs\/detergent-manual-savex-400-gr-whites-colors\/"]}]},{"@type":"ImageObject","inLanguage":"ru-RU","@id":"https:\/\/myavocado.md\/produs\/detergent-manual-savex-400-gr-whites-colors\/#primaryimage","url":"https:\/\/myavocado.md\/wp-content\/uploads\/2020\/09\/Savex-PowderBox-Handwash-400GR-WhitesColors.png","contentUrl":"https:\/\/myavocado.md\/wp-content\/uploads\/2020\/09\/Savex-PowderBox-Handwash-400GR-WhitesColors.png","width":500,"height":700},{"@type":"BreadcrumbList","@id":"https:\/\/myavocado.md\/produs\/detergent-manual-savex-400-gr-whites-colors\/#breadcrumb","itemListElement":[{"@type":"ListItem","position":1,"name":"Prima pagin\u0103","item":"https:\/\/myavocado.md\/"},{"@type":"ListItem","position":2,"name":"\u041c\u0430\u0433\u0430\u0437\u0438\u043d","item":"https:\/\/myavocado.md\/ru\/magazin\/"},{"@type":"ListItem","position":3,"name":"Detergent manual SAVEX 400 g Whites &#038; Colors"}]},{"@type":"WebSite","@id":"https:\/\/myavocado.md\/ru\/#website","url":"https:\/\/myavocado.md\/ru\/","name":"Avocado Beauty Shop","description":"Alege inteligent! Economise\u0219te energie \u0219i bani!","publisher":{"@id":"https:\/\/myavocado.md\/ru\/#organization"},"potentialAction":[{"@type":"SearchAction","target":{"@type":"EntryPoint","urlTemplate":"https:\/\/myavocado.md\/ru\/?s={search_term_string}"},"query-input":"required name=search_term_string"}],"inLanguage":"ru-RU"},{"@type":"Organization","@id":"https:\/\/myavocado.md\/ru\/#organization","name":"MyAvocado","url":"https:\/\/myavocado.md\/ru\/","logo":{"@type":"ImageObject","inLanguage":"ru-RU","@id":"https:\/\/myavocado.md\/ru\/#\/schema\/logo\/image\/","url":"https:\/\/myavocado.md\/wp-content\/uploads\/2020\/03\/logo-dark.png","contentUrl":"https:\/\/myavocado.md\/wp-content\/uploads\/2020\/03\/logo-dark.png","width":714,"height":221,"caption":"MyAvocado"},"image":{"@id":"https:\/\/myavocado.md\/ru\/#\/schema\/logo\/image\/"}}]}},"_links":{"self":[{"href":"https:\/\/myavocado.md\/ru\/wp-json\/wp\/v2\/product\/7045"}],"collection":[{"href":"https:\/\/myavocado.md\/ru\/wp-json\/wp\/v2\/product"}],"about":[{"href":"https:\/\/myavocado.md\/ru\/wp-json\/wp\/v2\/types\/product"}],"replies":[{"embeddable":true,"href":"https:\/\/myavocado.md\/ru\/wp-json\/wp\/v2\/comments?post=7045"}],"wp:featuredmedia":[{"embeddable":true,"href":"https:\/\/myavocado.md\/ru\/wp-json\/wp\/v2\/media\/34977"}],"wp:attachment":[{"href":"https:\/\/myavocado.md\/ru\/wp-json\/wp\/v2\/media?parent=7045"}],"wp:term":[{"taxonomy":"product_cat","embeddable":true,"href":"https:\/\/myavocado.md\/ru\/wp-json\/wp\/v2\/product_cat?post=7045"},{"taxonomy":"product_tag","embeddable":true,"href":"https:\/\/myavocado.md\/ru\/wp-json\/wp\/v2\/product_tag?post=7045"}],"curies":[{"name":"wp","href":"https:\/\/api.w.org\/{rel}","templated":true}]}}