{"id":6919,"date":"2020-09-10T15:22:46","date_gmt":"2020-03-22T09:38:29","guid":{"rendered":"https:\/\/myavocado.md\/produs\/detergent-lichid-perwoll-18-l-renew-advenced-color\/"},"modified":"2025-08-05T11:35:35","modified_gmt":"2025-08-05T08:35:35","slug":"detergent-lichid-perwoll-18-l-color-and-fiber","status":"publish","type":"product","link":"https:\/\/myavocado.md\/ru\/produs\/detergent-lichid-perwoll-18-l-color-and-fiber\/","title":{"rendered":"\u0421\u0442\u0438\u0440\u0430\u043b\u044c\u043d\u044b\u0439 \u0436\u0438\u0434\u043a\u0438\u0439 \u043f\u043e\u0440\u043e\u0448\u043e\u043a PERWOLL 1.8 \u043b Color and fiber"},"content":{"rendered":"<h1><a href=\"https:\/\/myavocado.md\/?s=perwoll&amp;post_type=product\" target=\"_blank\" rel=\"noopener noreferrer\">Perwoll<\/a><\/h1>\n<p><strong>DESCRIERE:<\/strong><\/p>\n<p><a href=\"https:\/\/www.perwoll.ro\/ro\/pagina-de-pornire\/produse\/renew-repair.html\" target=\"_blank\" rel=\"noopener noreferrer\">Perwoll Color &amp; Fiber<\/a> &#8211; detergentul Perwoll Renew &amp; Repair protejeaz\u0103 \u021bes\u0103turile, repar\u0103 micro-fisurile fibrelor textile \u0219i red\u0103 str\u0103lucirea culorilor hainelor, pentru ca acestea s\u0103 arate ca noi mai mult timp. Culorile puternice reprezint\u0103 una dintre micile pl\u0103ceri ale vie\u021bii. \u00cen timp, odat\u0103 cu sp\u0103larea frecvent\u0103 a hainelor, intensitatea culorilor se diminueaz\u0103. Detergentul Perwoll Renew &amp; Repair con\u021bine o formul\u0103 complex\u0103, Repair-Complex, ce are grij\u0103 \u00eentr-un mod activ de culorile hainelor, red\u00e2ndu-le aspectul de nou \u00eenc\u0103 de la prima sp\u0103lare. Acesta red\u0103 str\u0103lucirea culorilor, netezind \u0219i \u00eent\u0103rind fibrele textile, repar\u00e2nd micro-fisurile acestora.<\/p>\n<p>Pentru ca tu s\u0103 te po\u021bi bucura mai mult timp de hainele tale preferate.<\/p>\n<p>Respecta\u021bi \u00eentotdeauna instruc\u021biunile de pe eticheta fiec\u0103rui produs.<\/p>\n<p><b>Sp\u0103lare automat\u0103<\/b>\u00a0(ap\u0103 dedurizat\u0103 pan\u0103 la normal\u0103)<br \/>\n60 ml pu\u021bin murdare<br \/>\n90 ml murdare<br \/>\n120 ml foarte murdare<\/p>\n<p><b>Sp\u0103lare manual\u0103<\/b><br \/>\n60 ml la 10 litri<\/p>\n<p><b>Recomandare de temperatur\u0103<\/b><br \/>\nAdecvat\u0103 pentru toate temperaturile de la 20 \u00b0C la 60 \u00b0C.<\/p>\n<header class=\"component-header\">\n<div class=\"row\">\n<div class=\"medium-5 column component-hl\">\n<div class=\"text-group text-theme-dark\">\n<div class=\"text text-major\"><a href=\"https:\/\/www.perwoll.ro\/ro\/pagina-de-pornire\/produse\/renew-repair.html\" target=\"_blank\" rel=\"noopener noreferrer\">Perwoll Color &amp; Fiber<\/a> acest detergent red\u0103 str\u0103lucirea culorilor hainelor. Nu con\u021bine aditivi de culoare.<\/div>\n<\/div>\n<div><\/div>\n<\/div>\n<\/div>\n<\/header>\n<div class=\"component-footer\">\n<div class=\"row\">\n<div class=\"medium-5 column\"><a href=\"https:\/\/www.perwoll.ro\/ro\/pagina-de-pornire.html\" target=\"_blank\" rel=\"noopener noreferrer\">Vizualiza\u021bi produsul pe site-ul web al produc\u0103torului<\/a><\/div>\n<\/div>\n<\/div>\n<p>&nbsp;<\/p>\n","protected":false},"excerpt":{"rendered":"<p>Perwoll DESCRIERE: Perwoll Color &amp; Fiber &#8211; detergentul Perwoll Renew &amp; Repair protejeaz\u0103 \u021bes\u0103turile, repar\u0103 micro-fisurile fibrelor textile \u0219i red\u0103<\/p>\n","protected":false},"featured_media":15987,"comment_status":"closed","ping_status":"closed","template":"","meta":[],"product_cat":[171,87,38],"product_tag":[],"yoast_head":"<!-- This site is optimized with the Yoast SEO plugin v22.6 - https:\/\/yoast.com\/wordpress\/plugins\/seo\/ -->\n<title>\u0421\u0442\u0438\u0440\u0430\u043b\u044c\u043d\u044b\u0439 \u0436\u0438\u0434\u043a\u0438\u0439 \u043f\u043e\u0440\u043e\u0448\u043e\u043a PERWOLL 1.8 \u043b Color and fiber - Avocado Beauty Shop<\/title>\n<meta name=\"robots\" content=\"index, follow, max-snippet:-1, max-image-preview:large, max-video-preview:-1\" \/>\n<link rel=\"canonical\" href=\"https:\/\/myavocado.md\/produs\/detergent-lichid-perwoll-18-l-color-and-fiber\/\" \/>\n<meta property=\"og:locale\" content=\"ru_RU\" \/>\n<meta property=\"og:type\" content=\"article\" \/>\n<meta property=\"og:title\" content=\"[:ro]Detergent lichid PERWOLL 1.8 L Color and fiber[:ru]\u0421\u0442\u0438\u0440\u0430\u043b\u044c\u043d\u044b\u0439 \u0436\u0438\u0434\u043a\u0438\u0439 \u043f\u043e\u0440\u043e\u0448\u043e\u043a PERWOLL 1.8 \u043b Color and fiber[:] - Avocado Beauty Shop\" \/>\n<meta property=\"og:description\" content=\"Perwoll DESCRIERE: Perwoll Color &amp; Fiber &#8211; detergentul Perwoll Renew &amp; Repair protejeaz\u0103 \u021bes\u0103turile, repar\u0103 micro-fisurile fibrelor textile \u0219i red\u0103\" \/>\n<meta property=\"og:url\" content=\"https:\/\/myavocado.md\/produs\/detergent-lichid-perwoll-18-l-color-and-fiber\/\" \/>\n<meta property=\"og:site_name\" content=\"Avocado Beauty Shop\" \/>\n<meta property=\"article:modified_time\" content=\"2025-08-05T08:35:35+00:00\" \/>\n<meta property=\"og:image\" content=\"https:\/\/myavocado.md\/wp-content\/uploads\/2020\/03\/color-18.jpg\" \/>\n\t<meta property=\"og:image:width\" content=\"500\" \/>\n\t<meta property=\"og:image:height\" content=\"700\" \/>\n\t<meta property=\"og:image:type\" content=\"image\/jpeg\" \/>\n<meta name=\"twitter:card\" content=\"summary_large_image\" \/>\n<meta name=\"twitter:label1\" content=\"\u041f\u0440\u0438\u043c\u0435\u0440\u043d\u043e\u0435 \u0432\u0440\u0435\u043c\u044f \u0434\u043b\u044f \u0447\u0442\u0435\u043d\u0438\u044f\" \/>\n\t<meta name=\"twitter:data1\" content=\"1 \u043c\u0438\u043d\u0443\u0442\u0430\" \/>\n<script type=\"application\/ld+json\" class=\"yoast-schema-graph\">{\"@context\":\"https:\/\/schema.org\",\"@graph\":[{\"@type\":\"WebPage\",\"@id\":\"https:\/\/myavocado.md\/produs\/detergent-lichid-perwoll-18-l-color-and-fiber\/\",\"url\":\"https:\/\/myavocado.md\/produs\/detergent-lichid-perwoll-18-l-color-and-fiber\/\",\"name\":\"[:ro]Detergent lichid PERWOLL 1.8 L Color and fiber[:ru]\u0421\u0442\u0438\u0440\u0430\u043b\u044c\u043d\u044b\u0439 \u0436\u0438\u0434\u043a\u0438\u0439 \u043f\u043e\u0440\u043e\u0448\u043e\u043a PERWOLL 1.8 \u043b Color and fiber[:] - Avocado Beauty Shop\",\"isPartOf\":{\"@id\":\"https:\/\/myavocado.md\/ru\/#website\"},\"primaryImageOfPage\":{\"@id\":\"https:\/\/myavocado.md\/produs\/detergent-lichid-perwoll-18-l-color-and-fiber\/#primaryimage\"},\"image\":{\"@id\":\"https:\/\/myavocado.md\/produs\/detergent-lichid-perwoll-18-l-color-and-fiber\/#primaryimage\"},\"thumbnailUrl\":\"https:\/\/myavocado.md\/wp-content\/uploads\/2020\/03\/color-18.jpg\",\"datePublished\":\"2020-03-22T09:38:29+00:00\",\"dateModified\":\"2025-08-05T08:35:35+00:00\",\"breadcrumb\":{\"@id\":\"https:\/\/myavocado.md\/produs\/detergent-lichid-perwoll-18-l-color-and-fiber\/#breadcrumb\"},\"inLanguage\":\"ru-RU\",\"potentialAction\":[{\"@type\":\"ReadAction\",\"target\":[\"https:\/\/myavocado.md\/produs\/detergent-lichid-perwoll-18-l-color-and-fiber\/\"]}]},{\"@type\":\"ImageObject\",\"inLanguage\":\"ru-RU\",\"@id\":\"https:\/\/myavocado.md\/produs\/detergent-lichid-perwoll-18-l-color-and-fiber\/#primaryimage\",\"url\":\"https:\/\/myavocado.md\/wp-content\/uploads\/2020\/03\/color-18.jpg\",\"contentUrl\":\"https:\/\/myavocado.md\/wp-content\/uploads\/2020\/03\/color-18.jpg\",\"width\":500,\"height\":700},{\"@type\":\"BreadcrumbList\",\"@id\":\"https:\/\/myavocado.md\/produs\/detergent-lichid-perwoll-18-l-color-and-fiber\/#breadcrumb\",\"itemListElement\":[{\"@type\":\"ListItem\",\"position\":1,\"name\":\"Prima pagin\u0103\",\"item\":\"https:\/\/myavocado.md\/\"},{\"@type\":\"ListItem\",\"position\":2,\"name\":\"\u041c\u0430\u0433\u0430\u0437\u0438\u043d\",\"item\":\"https:\/\/myavocado.md\/ru\/magazin\/\"},{\"@type\":\"ListItem\",\"position\":3,\"name\":\"Detergent lichid PERWOLL 1.8 L Color and fiber\"}]},{\"@type\":\"WebSite\",\"@id\":\"https:\/\/myavocado.md\/ru\/#website\",\"url\":\"https:\/\/myavocado.md\/ru\/\",\"name\":\"Avocado Beauty Shop\",\"description\":\"Alege inteligent! Economise\u0219te energie \u0219i bani!\",\"publisher\":{\"@id\":\"https:\/\/myavocado.md\/ru\/#organization\"},\"potentialAction\":[{\"@type\":\"SearchAction\",\"target\":{\"@type\":\"EntryPoint\",\"urlTemplate\":\"https:\/\/myavocado.md\/ru\/?s={search_term_string}\"},\"query-input\":\"required name=search_term_string\"}],\"inLanguage\":\"ru-RU\"},{\"@type\":\"Organization\",\"@id\":\"https:\/\/myavocado.md\/ru\/#organization\",\"name\":\"MyAvocado\",\"url\":\"https:\/\/myavocado.md\/ru\/\",\"logo\":{\"@type\":\"ImageObject\",\"inLanguage\":\"ru-RU\",\"@id\":\"https:\/\/myavocado.md\/ru\/#\/schema\/logo\/image\/\",\"url\":\"https:\/\/myavocado.md\/wp-content\/uploads\/2020\/03\/logo-dark.png\",\"contentUrl\":\"https:\/\/myavocado.md\/wp-content\/uploads\/2020\/03\/logo-dark.png\",\"width\":714,\"height\":221,\"caption\":\"MyAvocado\"},\"image\":{\"@id\":\"https:\/\/myavocado.md\/ru\/#\/schema\/logo\/image\/\"}}]}<\/script>\n<!-- \/ Yoast SEO plugin. -->","yoast_head_json":{"title":"[:ro]Detergent lichid PERWOLL 1.8 L Color and fiber[:ru]\u0421\u0442\u0438\u0440\u0430\u043b\u044c\u043d\u044b\u0439 \u0436\u0438\u0434\u043a\u0438\u0439 \u043f\u043e\u0440\u043e\u0448\u043e\u043a PERWOLL 1.8 \u043b Color and fiber[:] - Avocado Beauty Shop","robots":{"index":"index","follow":"follow","max-snippet":"max-snippet:-1","max-image-preview":"max-image-preview:large","max-video-preview":"max-video-preview:-1"},"canonical":"https:\/\/myavocado.md\/produs\/detergent-lichid-perwoll-18-l-color-and-fiber\/","og_locale":"ru_RU","og_type":"article","og_title":"[:ro]Detergent lichid PERWOLL 1.8 L Color and fiber[:ru]\u0421\u0442\u0438\u0440\u0430\u043b\u044c\u043d\u044b\u0439 \u0436\u0438\u0434\u043a\u0438\u0439 \u043f\u043e\u0440\u043e\u0448\u043e\u043a PERWOLL 1.8 \u043b Color and fiber[:] - Avocado Beauty Shop","og_description":"Perwoll DESCRIERE: Perwoll Color &amp; Fiber &#8211; detergentul Perwoll Renew &amp; Repair protejeaz\u0103 \u021bes\u0103turile, repar\u0103 micro-fisurile fibrelor textile \u0219i red\u0103","og_url":"https:\/\/myavocado.md\/produs\/detergent-lichid-perwoll-18-l-color-and-fiber\/","og_site_name":"Avocado Beauty Shop","article_modified_time":"2025-08-05T08:35:35+00:00","og_image":[{"width":500,"height":700,"url":"https:\/\/myavocado.md\/wp-content\/uploads\/2020\/03\/color-18.jpg","type":"image\/jpeg"}],"twitter_card":"summary_large_image","twitter_misc":{"\u041f\u0440\u0438\u043c\u0435\u0440\u043d\u043e\u0435 \u0432\u0440\u0435\u043c\u044f \u0434\u043b\u044f \u0447\u0442\u0435\u043d\u0438\u044f":"1 \u043c\u0438\u043d\u0443\u0442\u0430"},"schema":{"@context":"https:\/\/schema.org","@graph":[{"@type":"WebPage","@id":"https:\/\/myavocado.md\/produs\/detergent-lichid-perwoll-18-l-color-and-fiber\/","url":"https:\/\/myavocado.md\/produs\/detergent-lichid-perwoll-18-l-color-and-fiber\/","name":"[:ro]Detergent lichid PERWOLL 1.8 L Color and fiber[:ru]\u0421\u0442\u0438\u0440\u0430\u043b\u044c\u043d\u044b\u0439 \u0436\u0438\u0434\u043a\u0438\u0439 \u043f\u043e\u0440\u043e\u0448\u043e\u043a PERWOLL 1.8 \u043b Color and fiber[:] - Avocado Beauty Shop","isPartOf":{"@id":"https:\/\/myavocado.md\/ru\/#website"},"primaryImageOfPage":{"@id":"https:\/\/myavocado.md\/produs\/detergent-lichid-perwoll-18-l-color-and-fiber\/#primaryimage"},"image":{"@id":"https:\/\/myavocado.md\/produs\/detergent-lichid-perwoll-18-l-color-and-fiber\/#primaryimage"},"thumbnailUrl":"https:\/\/myavocado.md\/wp-content\/uploads\/2020\/03\/color-18.jpg","datePublished":"2020-03-22T09:38:29+00:00","dateModified":"2025-08-05T08:35:35+00:00","breadcrumb":{"@id":"https:\/\/myavocado.md\/produs\/detergent-lichid-perwoll-18-l-color-and-fiber\/#breadcrumb"},"inLanguage":"ru-RU","potentialAction":[{"@type":"ReadAction","target":["https:\/\/myavocado.md\/produs\/detergent-lichid-perwoll-18-l-color-and-fiber\/"]}]},{"@type":"ImageObject","inLanguage":"ru-RU","@id":"https:\/\/myavocado.md\/produs\/detergent-lichid-perwoll-18-l-color-and-fiber\/#primaryimage","url":"https:\/\/myavocado.md\/wp-content\/uploads\/2020\/03\/color-18.jpg","contentUrl":"https:\/\/myavocado.md\/wp-content\/uploads\/2020\/03\/color-18.jpg","width":500,"height":700},{"@type":"BreadcrumbList","@id":"https:\/\/myavocado.md\/produs\/detergent-lichid-perwoll-18-l-color-and-fiber\/#breadcrumb","itemListElement":[{"@type":"ListItem","position":1,"name":"Prima pagin\u0103","item":"https:\/\/myavocado.md\/"},{"@type":"ListItem","position":2,"name":"\u041c\u0430\u0433\u0430\u0437\u0438\u043d","item":"https:\/\/myavocado.md\/ru\/magazin\/"},{"@type":"ListItem","position":3,"name":"Detergent lichid PERWOLL 1.8 L Color and fiber"}]},{"@type":"WebSite","@id":"https:\/\/myavocado.md\/ru\/#website","url":"https:\/\/myavocado.md\/ru\/","name":"Avocado Beauty Shop","description":"Alege inteligent! Economise\u0219te energie \u0219i bani!","publisher":{"@id":"https:\/\/myavocado.md\/ru\/#organization"},"potentialAction":[{"@type":"SearchAction","target":{"@type":"EntryPoint","urlTemplate":"https:\/\/myavocado.md\/ru\/?s={search_term_string}"},"query-input":"required name=search_term_string"}],"inLanguage":"ru-RU"},{"@type":"Organization","@id":"https:\/\/myavocado.md\/ru\/#organization","name":"MyAvocado","url":"https:\/\/myavocado.md\/ru\/","logo":{"@type":"ImageObject","inLanguage":"ru-RU","@id":"https:\/\/myavocado.md\/ru\/#\/schema\/logo\/image\/","url":"https:\/\/myavocado.md\/wp-content\/uploads\/2020\/03\/logo-dark.png","contentUrl":"https:\/\/myavocado.md\/wp-content\/uploads\/2020\/03\/logo-dark.png","width":714,"height":221,"caption":"MyAvocado"},"image":{"@id":"https:\/\/myavocado.md\/ru\/#\/schema\/logo\/image\/"}}]}},"_links":{"self":[{"href":"https:\/\/myavocado.md\/ru\/wp-json\/wp\/v2\/product\/6919"}],"collection":[{"href":"https:\/\/myavocado.md\/ru\/wp-json\/wp\/v2\/product"}],"about":[{"href":"https:\/\/myavocado.md\/ru\/wp-json\/wp\/v2\/types\/product"}],"replies":[{"embeddable":true,"href":"https:\/\/myavocado.md\/ru\/wp-json\/wp\/v2\/comments?post=6919"}],"wp:featuredmedia":[{"embeddable":true,"href":"https:\/\/myavocado.md\/ru\/wp-json\/wp\/v2\/media\/15987"}],"wp:attachment":[{"href":"https:\/\/myavocado.md\/ru\/wp-json\/wp\/v2\/media?parent=6919"}],"wp:term":[{"taxonomy":"product_cat","embeddable":true,"href":"https:\/\/myavocado.md\/ru\/wp-json\/wp\/v2\/product_cat?post=6919"},{"taxonomy":"product_tag","embeddable":true,"href":"https:\/\/myavocado.md\/ru\/wp-json\/wp\/v2\/product_tag?post=6919"}],"curies":[{"name":"wp","href":"https:\/\/api.w.org\/{rel}","templated":true}]}}