{"id":5138,"date":"2020-09-10T14:31:43","date_gmt":"2020-03-21T09:15:49","guid":{"rendered":"https:\/\/myavocado.md\/produs\/tonic-p-fata-dr-s-cucumber-200-gr-antibac\/"},"modified":"2025-09-04T11:16:37","modified_gmt":"2025-09-04T08:16:37","slug":"tonic-pentru-fata-dr-sante-cucumber-200-ml-antibacterian","status":"publish","type":"product","link":"https:\/\/myavocado.md\/ru\/produs\/tonic-pentru-fata-dr-sante-cucumber-200-ml-antibacterian\/","title":{"rendered":"\u0422\u043e\u043d\u0438\u043a \u0434\u043b\u044f \u043b\u0438\u0446\u0430 DR.SANTE CUCUMBER 200 \u043c\u043b \u0410\u043d\u0442\u0438\u0431\u0430\u043a\u0442\u0435\u0440\u0438\u0430\u043b\u044c\u043d\u044b\u0439"},"content":{"rendered":"<h1><a href=\"https:\/\/myavocado.md\/?s=dr.sante+cucumber&amp;post_type=product\">Seria Dr.Sante Cucumber<\/a><\/h1>\n<p><strong>DESCRIERE:<\/strong><\/p>\n<p>Lo\u021biune tonic\u0103 potrivit\u0103 pentru orice tip de ten, dar in mod special prietenoas\u0103 cu tenul sensibil, av\u00e2nd un puternic efect revigorant si hidratant. Tonicul are rolul de a finaliza procesul de cur\u0103\u021bare a fe\u021bei. Folosit\u0103 dup\u0103 demachiere, lotiunea tonic\u0103 \u00eendeparteaz\u0103 ultimele urme de machiaj \u0219i impuritati, las\u00e2nd pielea proaspat\u0103 \u0219i preg\u0103tit\u0103 pentru aplicarea cremei de zi sau de noapte. Tonicul este\u00a0imbogatit cu ingrediente care amelioreaza\u00a0afectiuni specifice \u2013 de exemplu extractul de castravete reduce petele pigmentare, ofer\u0103 fermitate pielii \u0219i elasticitate.<\/p>\n<p><strong>MOD DE FOLOSIRE:<\/strong><\/p>\n<p>Dup\u0103 \u00eenl\u0103turarea machiajului, se aplic\u0103 o cantitate suficient\u0103 de lotiune pe un disc cosmetic, se cur\u0103\u021b\u0103 delicat tenul. Nu necesit\u0103 cl\u0103tire.<\/p>\n<p><strong>INGRIDIENTE:<\/strong><\/p>\n<p>AQUA, MENTHA PIPERITA LEAF EXTRACT, BORIC ACID, CUCUMIS SATIVUS FRUIT EXTRACT, GLYCERIN, PEG-40 HYDROGENATED CASTOR OIL, SODIUM PCA, ALLANTOIN, PARFUM, BENZYL ALCOHOL, METHELCHLOROISOTHIAZOLINONE, METHYLISOTHIAZOLINONE.<\/p>\n<p><a href=\"http:\/\/www.elfa.ua\/our_products_are\/zhirnaya\/dr-sante-cucumber-balance-control\/antibakterialnyy-tonik\/\" target=\"_blank\" rel=\"noopener noreferrer\">Vizualiza\u021bi produsul pe site-ul web al produc\u0103torului<\/a><\/p>\n","protected":false},"excerpt":{"rendered":"<p>Seria Dr.Sante Cucumber DESCRIERE: Lo\u021biune tonic\u0103 potrivit\u0103 pentru orice tip de ten, dar in mod special prietenoas\u0103 cu tenul sensibil,<\/p>\n","protected":false},"featured_media":10521,"comment_status":"closed","ping_status":"closed","template":"","meta":[],"product_cat":[134,40,78],"product_tag":[],"yoast_head":"<!-- This site is optimized with the Yoast SEO plugin v22.6 - https:\/\/yoast.com\/wordpress\/plugins\/seo\/ -->\n<title>\u0422\u043e\u043d\u0438\u043a \u0434\u043b\u044f \u043b\u0438\u0446\u0430 DR.SANTE CUCUMBER 200 \u043c\u043b \u0410\u043d\u0442\u0438\u0431\u0430\u043a\u0442\u0435\u0440\u0438\u0430\u043b\u044c\u043d\u044b\u0439 - Avocado Beauty Shop<\/title>\n<meta name=\"robots\" content=\"index, follow, max-snippet:-1, max-image-preview:large, max-video-preview:-1\" \/>\n<link rel=\"canonical\" href=\"https:\/\/myavocado.md\/produs\/tonic-pentru-fata-dr-sante-cucumber-200-ml-antibacterian\/\" \/>\n<meta property=\"og:locale\" content=\"ru_RU\" \/>\n<meta property=\"og:type\" content=\"article\" \/>\n<meta property=\"og:title\" content=\"[:ro]Tonic pentru fata DR.SANTE CUCUMBER 200 ml Antibacterian[:ru]\u0422\u043e\u043d\u0438\u043a \u0434\u043b\u044f \u043b\u0438\u0446\u0430 DR.SANTE CUCUMBER 200 \u043c\u043b \u0410\u043d\u0442\u0438\u0431\u0430\u043a\u0442\u0435\u0440\u0438\u0430\u043b\u044c\u043d\u044b\u0439[:] - Avocado Beauty Shop\" \/>\n<meta property=\"og:description\" content=\"Seria Dr.Sante Cucumber DESCRIERE: Lo\u021biune tonic\u0103 potrivit\u0103 pentru orice tip de ten, dar in mod special prietenoas\u0103 cu tenul sensibil,\" \/>\n<meta property=\"og:url\" content=\"https:\/\/myavocado.md\/produs\/tonic-pentru-fata-dr-sante-cucumber-200-ml-antibacterian\/\" \/>\n<meta property=\"og:site_name\" content=\"Avocado Beauty Shop\" \/>\n<meta property=\"article:modified_time\" content=\"2025-09-04T08:16:37+00:00\" \/>\n<meta property=\"og:image\" content=\"https:\/\/myavocado.md\/wp-content\/uploads\/2020\/03\/cucum_toni.png\" \/>\n\t<meta property=\"og:image:width\" content=\"500\" \/>\n\t<meta property=\"og:image:height\" content=\"700\" \/>\n\t<meta property=\"og:image:type\" content=\"image\/png\" \/>\n<meta name=\"twitter:card\" content=\"summary_large_image\" \/>\n<meta name=\"twitter:label1\" content=\"\u041f\u0440\u0438\u043c\u0435\u0440\u043d\u043e\u0435 \u0432\u0440\u0435\u043c\u044f \u0434\u043b\u044f \u0447\u0442\u0435\u043d\u0438\u044f\" \/>\n\t<meta name=\"twitter:data1\" content=\"1 \u043c\u0438\u043d\u0443\u0442\u0430\" \/>\n<script type=\"application\/ld+json\" class=\"yoast-schema-graph\">{\"@context\":\"https:\/\/schema.org\",\"@graph\":[{\"@type\":\"WebPage\",\"@id\":\"https:\/\/myavocado.md\/produs\/tonic-pentru-fata-dr-sante-cucumber-200-ml-antibacterian\/\",\"url\":\"https:\/\/myavocado.md\/produs\/tonic-pentru-fata-dr-sante-cucumber-200-ml-antibacterian\/\",\"name\":\"[:ro]Tonic pentru fata DR.SANTE CUCUMBER 200 ml Antibacterian[:ru]\u0422\u043e\u043d\u0438\u043a \u0434\u043b\u044f \u043b\u0438\u0446\u0430 DR.SANTE CUCUMBER 200 \u043c\u043b \u0410\u043d\u0442\u0438\u0431\u0430\u043a\u0442\u0435\u0440\u0438\u0430\u043b\u044c\u043d\u044b\u0439[:] - Avocado Beauty Shop\",\"isPartOf\":{\"@id\":\"https:\/\/myavocado.md\/ru\/#website\"},\"primaryImageOfPage\":{\"@id\":\"https:\/\/myavocado.md\/produs\/tonic-pentru-fata-dr-sante-cucumber-200-ml-antibacterian\/#primaryimage\"},\"image\":{\"@id\":\"https:\/\/myavocado.md\/produs\/tonic-pentru-fata-dr-sante-cucumber-200-ml-antibacterian\/#primaryimage\"},\"thumbnailUrl\":\"https:\/\/myavocado.md\/wp-content\/uploads\/2020\/03\/cucum_toni.png\",\"datePublished\":\"2020-03-21T09:15:49+00:00\",\"dateModified\":\"2025-09-04T08:16:37+00:00\",\"breadcrumb\":{\"@id\":\"https:\/\/myavocado.md\/produs\/tonic-pentru-fata-dr-sante-cucumber-200-ml-antibacterian\/#breadcrumb\"},\"inLanguage\":\"ru-RU\",\"potentialAction\":[{\"@type\":\"ReadAction\",\"target\":[\"https:\/\/myavocado.md\/produs\/tonic-pentru-fata-dr-sante-cucumber-200-ml-antibacterian\/\"]}]},{\"@type\":\"ImageObject\",\"inLanguage\":\"ru-RU\",\"@id\":\"https:\/\/myavocado.md\/produs\/tonic-pentru-fata-dr-sante-cucumber-200-ml-antibacterian\/#primaryimage\",\"url\":\"https:\/\/myavocado.md\/wp-content\/uploads\/2020\/03\/cucum_toni.png\",\"contentUrl\":\"https:\/\/myavocado.md\/wp-content\/uploads\/2020\/03\/cucum_toni.png\",\"width\":500,\"height\":700},{\"@type\":\"BreadcrumbList\",\"@id\":\"https:\/\/myavocado.md\/produs\/tonic-pentru-fata-dr-sante-cucumber-200-ml-antibacterian\/#breadcrumb\",\"itemListElement\":[{\"@type\":\"ListItem\",\"position\":1,\"name\":\"Prima pagin\u0103\",\"item\":\"https:\/\/myavocado.md\/\"},{\"@type\":\"ListItem\",\"position\":2,\"name\":\"\u041c\u0430\u0433\u0430\u0437\u0438\u043d\",\"item\":\"https:\/\/myavocado.md\/ru\/magazin\/\"},{\"@type\":\"ListItem\",\"position\":3,\"name\":\"Tonic pentru fata DR.SANTE CUCUMBER 200 ml Antibacterian\"}]},{\"@type\":\"WebSite\",\"@id\":\"https:\/\/myavocado.md\/ru\/#website\",\"url\":\"https:\/\/myavocado.md\/ru\/\",\"name\":\"Avocado Beauty Shop\",\"description\":\"Alege inteligent! Economise\u0219te energie \u0219i bani!\",\"publisher\":{\"@id\":\"https:\/\/myavocado.md\/ru\/#organization\"},\"potentialAction\":[{\"@type\":\"SearchAction\",\"target\":{\"@type\":\"EntryPoint\",\"urlTemplate\":\"https:\/\/myavocado.md\/ru\/?s={search_term_string}\"},\"query-input\":\"required name=search_term_string\"}],\"inLanguage\":\"ru-RU\"},{\"@type\":\"Organization\",\"@id\":\"https:\/\/myavocado.md\/ru\/#organization\",\"name\":\"MyAvocado\",\"url\":\"https:\/\/myavocado.md\/ru\/\",\"logo\":{\"@type\":\"ImageObject\",\"inLanguage\":\"ru-RU\",\"@id\":\"https:\/\/myavocado.md\/ru\/#\/schema\/logo\/image\/\",\"url\":\"https:\/\/myavocado.md\/wp-content\/uploads\/2020\/03\/logo-dark.png\",\"contentUrl\":\"https:\/\/myavocado.md\/wp-content\/uploads\/2020\/03\/logo-dark.png\",\"width\":714,\"height\":221,\"caption\":\"MyAvocado\"},\"image\":{\"@id\":\"https:\/\/myavocado.md\/ru\/#\/schema\/logo\/image\/\"}}]}<\/script>\n<!-- \/ Yoast SEO plugin. -->","yoast_head_json":{"title":"[:ro]Tonic pentru fata DR.SANTE CUCUMBER 200 ml Antibacterian[:ru]\u0422\u043e\u043d\u0438\u043a \u0434\u043b\u044f \u043b\u0438\u0446\u0430 DR.SANTE CUCUMBER 200 \u043c\u043b \u0410\u043d\u0442\u0438\u0431\u0430\u043a\u0442\u0435\u0440\u0438\u0430\u043b\u044c\u043d\u044b\u0439[:] - Avocado Beauty Shop","robots":{"index":"index","follow":"follow","max-snippet":"max-snippet:-1","max-image-preview":"max-image-preview:large","max-video-preview":"max-video-preview:-1"},"canonical":"https:\/\/myavocado.md\/produs\/tonic-pentru-fata-dr-sante-cucumber-200-ml-antibacterian\/","og_locale":"ru_RU","og_type":"article","og_title":"[:ro]Tonic pentru fata DR.SANTE CUCUMBER 200 ml Antibacterian[:ru]\u0422\u043e\u043d\u0438\u043a \u0434\u043b\u044f \u043b\u0438\u0446\u0430 DR.SANTE CUCUMBER 200 \u043c\u043b \u0410\u043d\u0442\u0438\u0431\u0430\u043a\u0442\u0435\u0440\u0438\u0430\u043b\u044c\u043d\u044b\u0439[:] - Avocado Beauty Shop","og_description":"Seria Dr.Sante Cucumber DESCRIERE: Lo\u021biune tonic\u0103 potrivit\u0103 pentru orice tip de ten, dar in mod special prietenoas\u0103 cu tenul sensibil,","og_url":"https:\/\/myavocado.md\/produs\/tonic-pentru-fata-dr-sante-cucumber-200-ml-antibacterian\/","og_site_name":"Avocado Beauty Shop","article_modified_time":"2025-09-04T08:16:37+00:00","og_image":[{"width":500,"height":700,"url":"https:\/\/myavocado.md\/wp-content\/uploads\/2020\/03\/cucum_toni.png","type":"image\/png"}],"twitter_card":"summary_large_image","twitter_misc":{"\u041f\u0440\u0438\u043c\u0435\u0440\u043d\u043e\u0435 \u0432\u0440\u0435\u043c\u044f \u0434\u043b\u044f \u0447\u0442\u0435\u043d\u0438\u044f":"1 \u043c\u0438\u043d\u0443\u0442\u0430"},"schema":{"@context":"https:\/\/schema.org","@graph":[{"@type":"WebPage","@id":"https:\/\/myavocado.md\/produs\/tonic-pentru-fata-dr-sante-cucumber-200-ml-antibacterian\/","url":"https:\/\/myavocado.md\/produs\/tonic-pentru-fata-dr-sante-cucumber-200-ml-antibacterian\/","name":"[:ro]Tonic pentru fata DR.SANTE CUCUMBER 200 ml Antibacterian[:ru]\u0422\u043e\u043d\u0438\u043a \u0434\u043b\u044f \u043b\u0438\u0446\u0430 DR.SANTE CUCUMBER 200 \u043c\u043b \u0410\u043d\u0442\u0438\u0431\u0430\u043a\u0442\u0435\u0440\u0438\u0430\u043b\u044c\u043d\u044b\u0439[:] - Avocado Beauty Shop","isPartOf":{"@id":"https:\/\/myavocado.md\/ru\/#website"},"primaryImageOfPage":{"@id":"https:\/\/myavocado.md\/produs\/tonic-pentru-fata-dr-sante-cucumber-200-ml-antibacterian\/#primaryimage"},"image":{"@id":"https:\/\/myavocado.md\/produs\/tonic-pentru-fata-dr-sante-cucumber-200-ml-antibacterian\/#primaryimage"},"thumbnailUrl":"https:\/\/myavocado.md\/wp-content\/uploads\/2020\/03\/cucum_toni.png","datePublished":"2020-03-21T09:15:49+00:00","dateModified":"2025-09-04T08:16:37+00:00","breadcrumb":{"@id":"https:\/\/myavocado.md\/produs\/tonic-pentru-fata-dr-sante-cucumber-200-ml-antibacterian\/#breadcrumb"},"inLanguage":"ru-RU","potentialAction":[{"@type":"ReadAction","target":["https:\/\/myavocado.md\/produs\/tonic-pentru-fata-dr-sante-cucumber-200-ml-antibacterian\/"]}]},{"@type":"ImageObject","inLanguage":"ru-RU","@id":"https:\/\/myavocado.md\/produs\/tonic-pentru-fata-dr-sante-cucumber-200-ml-antibacterian\/#primaryimage","url":"https:\/\/myavocado.md\/wp-content\/uploads\/2020\/03\/cucum_toni.png","contentUrl":"https:\/\/myavocado.md\/wp-content\/uploads\/2020\/03\/cucum_toni.png","width":500,"height":700},{"@type":"BreadcrumbList","@id":"https:\/\/myavocado.md\/produs\/tonic-pentru-fata-dr-sante-cucumber-200-ml-antibacterian\/#breadcrumb","itemListElement":[{"@type":"ListItem","position":1,"name":"Prima pagin\u0103","item":"https:\/\/myavocado.md\/"},{"@type":"ListItem","position":2,"name":"\u041c\u0430\u0433\u0430\u0437\u0438\u043d","item":"https:\/\/myavocado.md\/ru\/magazin\/"},{"@type":"ListItem","position":3,"name":"Tonic pentru fata DR.SANTE CUCUMBER 200 ml Antibacterian"}]},{"@type":"WebSite","@id":"https:\/\/myavocado.md\/ru\/#website","url":"https:\/\/myavocado.md\/ru\/","name":"Avocado Beauty Shop","description":"Alege inteligent! Economise\u0219te energie \u0219i bani!","publisher":{"@id":"https:\/\/myavocado.md\/ru\/#organization"},"potentialAction":[{"@type":"SearchAction","target":{"@type":"EntryPoint","urlTemplate":"https:\/\/myavocado.md\/ru\/?s={search_term_string}"},"query-input":"required name=search_term_string"}],"inLanguage":"ru-RU"},{"@type":"Organization","@id":"https:\/\/myavocado.md\/ru\/#organization","name":"MyAvocado","url":"https:\/\/myavocado.md\/ru\/","logo":{"@type":"ImageObject","inLanguage":"ru-RU","@id":"https:\/\/myavocado.md\/ru\/#\/schema\/logo\/image\/","url":"https:\/\/myavocado.md\/wp-content\/uploads\/2020\/03\/logo-dark.png","contentUrl":"https:\/\/myavocado.md\/wp-content\/uploads\/2020\/03\/logo-dark.png","width":714,"height":221,"caption":"MyAvocado"},"image":{"@id":"https:\/\/myavocado.md\/ru\/#\/schema\/logo\/image\/"}}]}},"_links":{"self":[{"href":"https:\/\/myavocado.md\/ru\/wp-json\/wp\/v2\/product\/5138"}],"collection":[{"href":"https:\/\/myavocado.md\/ru\/wp-json\/wp\/v2\/product"}],"about":[{"href":"https:\/\/myavocado.md\/ru\/wp-json\/wp\/v2\/types\/product"}],"replies":[{"embeddable":true,"href":"https:\/\/myavocado.md\/ru\/wp-json\/wp\/v2\/comments?post=5138"}],"wp:featuredmedia":[{"embeddable":true,"href":"https:\/\/myavocado.md\/ru\/wp-json\/wp\/v2\/media\/10521"}],"wp:attachment":[{"href":"https:\/\/myavocado.md\/ru\/wp-json\/wp\/v2\/media?parent=5138"}],"wp:term":[{"taxonomy":"product_cat","embeddable":true,"href":"https:\/\/myavocado.md\/ru\/wp-json\/wp\/v2\/product_cat?post=5138"},{"taxonomy":"product_tag","embeddable":true,"href":"https:\/\/myavocado.md\/ru\/wp-json\/wp\/v2\/product_tag?post=5138"}],"curies":[{"name":"wp","href":"https:\/\/api.w.org\/{rel}","templated":true}]}}