{"id":5111,"date":"2020-09-10T14:31:49","date_gmt":"2020-03-21T09:15:46","guid":{"rendered":"https:\/\/myavocado.md\/produs\/sol-micel-p-fata-dr-s-cucumber-200-ml\/"},"modified":"2026-01-17T22:10:32","modified_gmt":"2026-01-17T20:10:32","slug":"solutie-micelara-pentru-fata-dr-sante-cucumber-200-ml","status":"publish","type":"product","link":"https:\/\/myavocado.md\/ru\/produs\/solutie-micelara-pentru-fata-dr-sante-cucumber-200-ml\/","title":{"rendered":"\u041c\u0438\u0446\u0435\u043b\u043b\u044f\u0440\u043d\u0430\u044f \u0432\u043e\u0434\u0430 \u0434\u043b\u044f \u043b\u0438\u0446\u0430 DR.SANTE CUCUMBER 200 \u043c\u043b"},"content":{"rendered":"<h1><a href=\"https:\/\/myavocado.md\/?s=dr.sante+cucumber&amp;post_type=product\">Seria Dr.Sante Cucumber<\/a><\/h1>\n<p><strong>DESCRIERE:<\/strong><\/p>\n<p>Solu\u021bie micelar\u0103 + tonic 2 \u00een 1 facial\u0103 inovatoare, intens hidratant\u0103. Cu o formula ultra-delicata care asigura toleran\u021b\u0103 excelent\u0103 pentru piele si ochi. Contine micelii care demachiaz\u0103 \u00een profunzime \u0219i elimin\u0103 machiajul de pe fa\u021b\u0103,decolteu \u0219i ochi. EXTRACT DE CASTRAVETE\u00a0 tonifiaz\u0103 \u0219i hr\u0103ne\u0219te pielea, regleaz\u0103 func\u021bia glandelor sebacee \u0219i matific\u0103. Minimizeaz\u0103 porii, uniformizeaz\u0103 culoarea tenului, lupt\u0103 \u00eempotriva petelor pigmentare.<\/p>\n<p><strong>MOD DE FOLOSIRE:<\/strong><\/p>\n<p>\u00cembiba\u021bi o dischet\u0103 demachiant\u0103 cu solutia micelara \u0219i \u0219tergeti u\u0219or fa\u021ba \u0219i conturul ochilor pentru a \u00eendep\u0103rta impuritatile si urmele de machiaj.<br \/>\nRepetati pana cand discheta ramane curata.<\/p>\n<p><strong>INGRIDIENTE:<\/strong><\/p>\n<p>AQUA, POLOXAMER 184, POLYSORBATE 20, SODIUM CHLORIDE, ALOE BARBADENSIS LEAF JUICE, CITRIC ACID, POTASSIUM SORBATE, SODIUM BENZOATE, BENZYL ALCOHOL.<\/p>\n<p><a href=\"http:\/\/www.elfa.ua\/our_products_are\/zhirnaya\/dr-sante-cucumber-balance-control\/mitselyarnaya_voda_dlya_litsa\/\" target=\"_blank\" rel=\"noopener noreferrer\">Vizualiza\u021bi produsul pe site-ul web al produc\u0103torului<\/a><\/p>\n","protected":false},"excerpt":{"rendered":"<p>Seria Dr.Sante Cucumber DESCRIERE: Solu\u021bie micelar\u0103 + tonic 2 \u00een 1 facial\u0103 inovatoare, intens hidratant\u0103. Cu o formula ultra-delicata care<\/p>\n","protected":false},"featured_media":21132,"comment_status":"closed","ping_status":"closed","template":"","meta":[],"product_cat":[134,40,78],"product_tag":[],"yoast_head":"<!-- This site is optimized with the Yoast SEO plugin v22.6 - https:\/\/yoast.com\/wordpress\/plugins\/seo\/ -->\n<title>\u041c\u0438\u0446\u0435\u043b\u043b\u044f\u0440\u043d\u0430\u044f \u0432\u043e\u0434\u0430 \u0434\u043b\u044f \u043b\u0438\u0446\u0430 DR.SANTE CUCUMBER 200 \u043c\u043b - Avocado Beauty Shop<\/title>\n<meta name=\"robots\" content=\"index, follow, max-snippet:-1, max-image-preview:large, max-video-preview:-1\" \/>\n<link rel=\"canonical\" href=\"https:\/\/myavocado.md\/produs\/solutie-micelara-pentru-fata-dr-sante-cucumber-200-ml\/\" \/>\n<meta property=\"og:locale\" content=\"ru_RU\" \/>\n<meta property=\"og:type\" content=\"article\" \/>\n<meta property=\"og:title\" content=\"[:ro]Solutie micelara pentru fata DR.SANTE CUCUMBER 200 ml[:ru]\u041c\u0438\u0446\u0435\u043b\u043b\u044f\u0440\u043d\u0430\u044f \u0432\u043e\u0434\u0430 \u0434\u043b\u044f \u043b\u0438\u0446\u0430 DR.SANTE CUCUMBER 200 \u043c\u043b[:] - Avocado Beauty Shop\" \/>\n<meta property=\"og:description\" content=\"Seria Dr.Sante Cucumber DESCRIERE: Solu\u021bie micelar\u0103 + tonic 2 \u00een 1 facial\u0103 inovatoare, intens hidratant\u0103. Cu o formula ultra-delicata care\" \/>\n<meta property=\"og:url\" content=\"https:\/\/myavocado.md\/produs\/solutie-micelara-pentru-fata-dr-sante-cucumber-200-ml\/\" \/>\n<meta property=\"og:site_name\" content=\"Avocado Beauty Shop\" \/>\n<meta property=\"article:modified_time\" content=\"2026-01-17T20:10:32+00:00\" \/>\n<meta property=\"og:image\" content=\"https:\/\/myavocado.md\/wp-content\/uploads\/2020\/09\/mic_voda.jpg\" \/>\n\t<meta property=\"og:image:width\" content=\"500\" \/>\n\t<meta property=\"og:image:height\" content=\"700\" \/>\n\t<meta property=\"og:image:type\" content=\"image\/jpeg\" \/>\n<meta name=\"twitter:card\" content=\"summary_large_image\" \/>\n<meta name=\"twitter:label1\" content=\"\u041f\u0440\u0438\u043c\u0435\u0440\u043d\u043e\u0435 \u0432\u0440\u0435\u043c\u044f \u0434\u043b\u044f \u0447\u0442\u0435\u043d\u0438\u044f\" \/>\n\t<meta name=\"twitter:data1\" content=\"1 \u043c\u0438\u043d\u0443\u0442\u0430\" \/>\n<script type=\"application\/ld+json\" class=\"yoast-schema-graph\">{\"@context\":\"https:\/\/schema.org\",\"@graph\":[{\"@type\":\"WebPage\",\"@id\":\"https:\/\/myavocado.md\/produs\/solutie-micelara-pentru-fata-dr-sante-cucumber-200-ml\/\",\"url\":\"https:\/\/myavocado.md\/produs\/solutie-micelara-pentru-fata-dr-sante-cucumber-200-ml\/\",\"name\":\"[:ro]Solutie micelara pentru fata DR.SANTE CUCUMBER 200 ml[:ru]\u041c\u0438\u0446\u0435\u043b\u043b\u044f\u0440\u043d\u0430\u044f \u0432\u043e\u0434\u0430 \u0434\u043b\u044f \u043b\u0438\u0446\u0430 DR.SANTE CUCUMBER 200 \u043c\u043b[:] - Avocado Beauty Shop\",\"isPartOf\":{\"@id\":\"https:\/\/myavocado.md\/ru\/#website\"},\"primaryImageOfPage\":{\"@id\":\"https:\/\/myavocado.md\/produs\/solutie-micelara-pentru-fata-dr-sante-cucumber-200-ml\/#primaryimage\"},\"image\":{\"@id\":\"https:\/\/myavocado.md\/produs\/solutie-micelara-pentru-fata-dr-sante-cucumber-200-ml\/#primaryimage\"},\"thumbnailUrl\":\"https:\/\/myavocado.md\/wp-content\/uploads\/2020\/09\/mic_voda.jpg\",\"datePublished\":\"2020-03-21T09:15:46+00:00\",\"dateModified\":\"2026-01-17T20:10:32+00:00\",\"breadcrumb\":{\"@id\":\"https:\/\/myavocado.md\/produs\/solutie-micelara-pentru-fata-dr-sante-cucumber-200-ml\/#breadcrumb\"},\"inLanguage\":\"ru-RU\",\"potentialAction\":[{\"@type\":\"ReadAction\",\"target\":[\"https:\/\/myavocado.md\/produs\/solutie-micelara-pentru-fata-dr-sante-cucumber-200-ml\/\"]}]},{\"@type\":\"ImageObject\",\"inLanguage\":\"ru-RU\",\"@id\":\"https:\/\/myavocado.md\/produs\/solutie-micelara-pentru-fata-dr-sante-cucumber-200-ml\/#primaryimage\",\"url\":\"https:\/\/myavocado.md\/wp-content\/uploads\/2020\/09\/mic_voda.jpg\",\"contentUrl\":\"https:\/\/myavocado.md\/wp-content\/uploads\/2020\/09\/mic_voda.jpg\",\"width\":500,\"height\":700},{\"@type\":\"BreadcrumbList\",\"@id\":\"https:\/\/myavocado.md\/produs\/solutie-micelara-pentru-fata-dr-sante-cucumber-200-ml\/#breadcrumb\",\"itemListElement\":[{\"@type\":\"ListItem\",\"position\":1,\"name\":\"Prima pagin\u0103\",\"item\":\"https:\/\/myavocado.md\/\"},{\"@type\":\"ListItem\",\"position\":2,\"name\":\"\u041c\u0430\u0433\u0430\u0437\u0438\u043d\",\"item\":\"https:\/\/myavocado.md\/ru\/magazin\/\"},{\"@type\":\"ListItem\",\"position\":3,\"name\":\"Solutie micelara pentru fata DR.SANTE CUCUMBER 200 ml\"}]},{\"@type\":\"WebSite\",\"@id\":\"https:\/\/myavocado.md\/ru\/#website\",\"url\":\"https:\/\/myavocado.md\/ru\/\",\"name\":\"Avocado Beauty Shop\",\"description\":\"Alege inteligent! Economise\u0219te energie \u0219i bani!\",\"publisher\":{\"@id\":\"https:\/\/myavocado.md\/ru\/#organization\"},\"potentialAction\":[{\"@type\":\"SearchAction\",\"target\":{\"@type\":\"EntryPoint\",\"urlTemplate\":\"https:\/\/myavocado.md\/ru\/?s={search_term_string}\"},\"query-input\":\"required name=search_term_string\"}],\"inLanguage\":\"ru-RU\"},{\"@type\":\"Organization\",\"@id\":\"https:\/\/myavocado.md\/ru\/#organization\",\"name\":\"MyAvocado\",\"url\":\"https:\/\/myavocado.md\/ru\/\",\"logo\":{\"@type\":\"ImageObject\",\"inLanguage\":\"ru-RU\",\"@id\":\"https:\/\/myavocado.md\/ru\/#\/schema\/logo\/image\/\",\"url\":\"https:\/\/myavocado.md\/wp-content\/uploads\/2020\/03\/logo-dark.png\",\"contentUrl\":\"https:\/\/myavocado.md\/wp-content\/uploads\/2020\/03\/logo-dark.png\",\"width\":714,\"height\":221,\"caption\":\"MyAvocado\"},\"image\":{\"@id\":\"https:\/\/myavocado.md\/ru\/#\/schema\/logo\/image\/\"}}]}<\/script>\n<!-- \/ Yoast SEO plugin. -->","yoast_head_json":{"title":"[:ro]Solutie micelara pentru fata DR.SANTE CUCUMBER 200 ml[:ru]\u041c\u0438\u0446\u0435\u043b\u043b\u044f\u0440\u043d\u0430\u044f \u0432\u043e\u0434\u0430 \u0434\u043b\u044f \u043b\u0438\u0446\u0430 DR.SANTE CUCUMBER 200 \u043c\u043b[:] - Avocado Beauty Shop","robots":{"index":"index","follow":"follow","max-snippet":"max-snippet:-1","max-image-preview":"max-image-preview:large","max-video-preview":"max-video-preview:-1"},"canonical":"https:\/\/myavocado.md\/produs\/solutie-micelara-pentru-fata-dr-sante-cucumber-200-ml\/","og_locale":"ru_RU","og_type":"article","og_title":"[:ro]Solutie micelara pentru fata DR.SANTE CUCUMBER 200 ml[:ru]\u041c\u0438\u0446\u0435\u043b\u043b\u044f\u0440\u043d\u0430\u044f \u0432\u043e\u0434\u0430 \u0434\u043b\u044f \u043b\u0438\u0446\u0430 DR.SANTE CUCUMBER 200 \u043c\u043b[:] - Avocado Beauty Shop","og_description":"Seria Dr.Sante Cucumber DESCRIERE: Solu\u021bie micelar\u0103 + tonic 2 \u00een 1 facial\u0103 inovatoare, intens hidratant\u0103. Cu o formula ultra-delicata care","og_url":"https:\/\/myavocado.md\/produs\/solutie-micelara-pentru-fata-dr-sante-cucumber-200-ml\/","og_site_name":"Avocado Beauty Shop","article_modified_time":"2026-01-17T20:10:32+00:00","og_image":[{"width":500,"height":700,"url":"https:\/\/myavocado.md\/wp-content\/uploads\/2020\/09\/mic_voda.jpg","type":"image\/jpeg"}],"twitter_card":"summary_large_image","twitter_misc":{"\u041f\u0440\u0438\u043c\u0435\u0440\u043d\u043e\u0435 \u0432\u0440\u0435\u043c\u044f \u0434\u043b\u044f \u0447\u0442\u0435\u043d\u0438\u044f":"1 \u043c\u0438\u043d\u0443\u0442\u0430"},"schema":{"@context":"https:\/\/schema.org","@graph":[{"@type":"WebPage","@id":"https:\/\/myavocado.md\/produs\/solutie-micelara-pentru-fata-dr-sante-cucumber-200-ml\/","url":"https:\/\/myavocado.md\/produs\/solutie-micelara-pentru-fata-dr-sante-cucumber-200-ml\/","name":"[:ro]Solutie micelara pentru fata DR.SANTE CUCUMBER 200 ml[:ru]\u041c\u0438\u0446\u0435\u043b\u043b\u044f\u0440\u043d\u0430\u044f \u0432\u043e\u0434\u0430 \u0434\u043b\u044f \u043b\u0438\u0446\u0430 DR.SANTE CUCUMBER 200 \u043c\u043b[:] - Avocado Beauty Shop","isPartOf":{"@id":"https:\/\/myavocado.md\/ru\/#website"},"primaryImageOfPage":{"@id":"https:\/\/myavocado.md\/produs\/solutie-micelara-pentru-fata-dr-sante-cucumber-200-ml\/#primaryimage"},"image":{"@id":"https:\/\/myavocado.md\/produs\/solutie-micelara-pentru-fata-dr-sante-cucumber-200-ml\/#primaryimage"},"thumbnailUrl":"https:\/\/myavocado.md\/wp-content\/uploads\/2020\/09\/mic_voda.jpg","datePublished":"2020-03-21T09:15:46+00:00","dateModified":"2026-01-17T20:10:32+00:00","breadcrumb":{"@id":"https:\/\/myavocado.md\/produs\/solutie-micelara-pentru-fata-dr-sante-cucumber-200-ml\/#breadcrumb"},"inLanguage":"ru-RU","potentialAction":[{"@type":"ReadAction","target":["https:\/\/myavocado.md\/produs\/solutie-micelara-pentru-fata-dr-sante-cucumber-200-ml\/"]}]},{"@type":"ImageObject","inLanguage":"ru-RU","@id":"https:\/\/myavocado.md\/produs\/solutie-micelara-pentru-fata-dr-sante-cucumber-200-ml\/#primaryimage","url":"https:\/\/myavocado.md\/wp-content\/uploads\/2020\/09\/mic_voda.jpg","contentUrl":"https:\/\/myavocado.md\/wp-content\/uploads\/2020\/09\/mic_voda.jpg","width":500,"height":700},{"@type":"BreadcrumbList","@id":"https:\/\/myavocado.md\/produs\/solutie-micelara-pentru-fata-dr-sante-cucumber-200-ml\/#breadcrumb","itemListElement":[{"@type":"ListItem","position":1,"name":"Prima pagin\u0103","item":"https:\/\/myavocado.md\/"},{"@type":"ListItem","position":2,"name":"\u041c\u0430\u0433\u0430\u0437\u0438\u043d","item":"https:\/\/myavocado.md\/ru\/magazin\/"},{"@type":"ListItem","position":3,"name":"Solutie micelara pentru fata DR.SANTE CUCUMBER 200 ml"}]},{"@type":"WebSite","@id":"https:\/\/myavocado.md\/ru\/#website","url":"https:\/\/myavocado.md\/ru\/","name":"Avocado Beauty Shop","description":"Alege inteligent! Economise\u0219te energie \u0219i bani!","publisher":{"@id":"https:\/\/myavocado.md\/ru\/#organization"},"potentialAction":[{"@type":"SearchAction","target":{"@type":"EntryPoint","urlTemplate":"https:\/\/myavocado.md\/ru\/?s={search_term_string}"},"query-input":"required name=search_term_string"}],"inLanguage":"ru-RU"},{"@type":"Organization","@id":"https:\/\/myavocado.md\/ru\/#organization","name":"MyAvocado","url":"https:\/\/myavocado.md\/ru\/","logo":{"@type":"ImageObject","inLanguage":"ru-RU","@id":"https:\/\/myavocado.md\/ru\/#\/schema\/logo\/image\/","url":"https:\/\/myavocado.md\/wp-content\/uploads\/2020\/03\/logo-dark.png","contentUrl":"https:\/\/myavocado.md\/wp-content\/uploads\/2020\/03\/logo-dark.png","width":714,"height":221,"caption":"MyAvocado"},"image":{"@id":"https:\/\/myavocado.md\/ru\/#\/schema\/logo\/image\/"}}]}},"_links":{"self":[{"href":"https:\/\/myavocado.md\/ru\/wp-json\/wp\/v2\/product\/5111"}],"collection":[{"href":"https:\/\/myavocado.md\/ru\/wp-json\/wp\/v2\/product"}],"about":[{"href":"https:\/\/myavocado.md\/ru\/wp-json\/wp\/v2\/types\/product"}],"replies":[{"embeddable":true,"href":"https:\/\/myavocado.md\/ru\/wp-json\/wp\/v2\/comments?post=5111"}],"wp:featuredmedia":[{"embeddable":true,"href":"https:\/\/myavocado.md\/ru\/wp-json\/wp\/v2\/media\/21132"}],"wp:attachment":[{"href":"https:\/\/myavocado.md\/ru\/wp-json\/wp\/v2\/media?parent=5111"}],"wp:term":[{"taxonomy":"product_cat","embeddable":true,"href":"https:\/\/myavocado.md\/ru\/wp-json\/wp\/v2\/product_cat?post=5111"},{"taxonomy":"product_tag","embeddable":true,"href":"https:\/\/myavocado.md\/ru\/wp-json\/wp\/v2\/product_tag?post=5111"}],"curies":[{"name":"wp","href":"https:\/\/api.w.org\/{rel}","templated":true}]}}