{"id":5088,"date":"2020-10-07T11:58:25","date_gmt":"2020-03-21T09:15:44","guid":{"rendered":"https:\/\/myavocado.md\/produs\/laptisor-p-demach-dr-s-cucumber-200-ml\/"},"modified":"2025-08-05T11:33:48","modified_gmt":"2025-08-05T08:33:48","slug":"laptisor-demachiant-dr-sante-cucumber-200-ml","status":"publish","type":"product","link":"https:\/\/myavocado.md\/ru\/produs\/laptisor-demachiant-dr-sante-cucumber-200-ml\/","title":{"rendered":"\u041c\u043e\u043b\u043e\u0447\u043a\u043e \u0434\u043b\u044f \u0434\u0435\u043c\u0430\u043a\u0438\u044f\u0436\u0430 DR.SANTE CUCUMBER 200 ml"},"content":{"rendered":"<h1><a href=\"https:\/\/myavocado.md\/?s=dr.sante+cucumber&amp;post_type=product\">Seria Dr.Sante Cucumber<\/a><\/h1>\n<p><strong>DESCRIERE:<\/strong><\/p>\n<p>Emulsie moale, cremoasa pentru ten uscat \u0219i combinat. Extractul de castravete cur\u0103\u021b\u0103 \u0219i revitalizeaz\u0103 tenul, indeparteaza excesul de sebum, prevenind astfel apari\u021bia acneei. \u00cenl\u0103tur\u0103 toate impurit\u0103\u021bile, cur\u0103\u021b\u0103 porii \u00een profunzime, calmeaz\u0103 pielea \u0219i \u00eembun\u0103t\u0103\u021be\u0219te tonul acesteia.<\/p>\n<p><strong>MOD DE FOLOSIRE:<\/strong><\/p>\n<p>Se aplica pe fa\u021b\u0103 \u0219i pe g\u00e2t, folosind dischete demachiante. \u00cendeparteaz\u0103 machiajul, impuritatile si excesul de sebum.<\/p>\n<p><strong>INGRIDIENTE:<\/strong><\/p>\n<p>AQUA, ETHYLHEXYL STEARATE, ISOPROPYL PALMITATE, GLYCERYL STEARATE, CETEARETH-20, CETEARETH-12, CETEARYL ALCOHOL, CETYL PALMITATE, CAPRYLIC\/CAPRIC TRIGLYCERIDE, CECLOPENTASILOXANE, CUCUMIS SATIVUS FRUIT EXTRACT, CALENDULA OFFICINALIS FLOWER EXTRACT, HYDROXYETHYL UREA, ALLANTOIN, C30-45 ALKYL ACRYLATE CROSSPOLYMER, TRIETHANOLAMINE, PARFUM, PHENOXYETHANOL, CAPRYLYL GLYCOL.<\/p>\n<p><a href=\"http:\/\/www.elfa.ua\/our_products_are\/zhirnaya\/dr-sante-cucumber-balance-control\/normalizuyushchee-molochko-dlya-demakiyazha\/\" target=\"_blank\" rel=\"noopener noreferrer\">Vizualiza\u021bi produsul pe site-ul web al produc\u0103torului<\/a><\/p>\n","protected":false},"excerpt":{"rendered":"<p>Seria Dr.Sante Cucumber DESCRIERE: Emulsie moale, cremoasa pentru ten uscat \u0219i combinat. Extractul de castravete cur\u0103\u021b\u0103 \u0219i revitalizeaz\u0103 tenul, indeparteaza<\/p>\n","protected":false},"featured_media":21131,"comment_status":"closed","ping_status":"closed","template":"","meta":[],"product_cat":[134,40,78],"product_tag":[],"yoast_head":"<!-- This site is optimized with the Yoast SEO plugin v22.6 - https:\/\/yoast.com\/wordpress\/plugins\/seo\/ -->\n<title>\u041c\u043e\u043b\u043e\u0447\u043a\u043e \u0434\u043b\u044f \u0434\u0435\u043c\u0430\u043a\u0438\u044f\u0436\u0430 DR.SANTE CUCUMBER 200 ml - Avocado Beauty Shop<\/title>\n<meta name=\"robots\" content=\"index, follow, max-snippet:-1, max-image-preview:large, max-video-preview:-1\" \/>\n<link rel=\"canonical\" href=\"https:\/\/myavocado.md\/produs\/laptisor-demachiant-dr-sante-cucumber-200-ml\/\" \/>\n<meta property=\"og:locale\" content=\"ru_RU\" \/>\n<meta property=\"og:type\" content=\"article\" \/>\n<meta property=\"og:title\" content=\"[:ro]Laptisor pentru demachiere DR.SANTE CUCUMBER 200 ml[:ru]\u041c\u043e\u043b\u043e\u0447\u043a\u043e \u0434\u043b\u044f \u0434\u0435\u043c\u0430\u043a\u0438\u044f\u0436\u0430 DR.SANTE CUCUMBER 200 ml[:] - Avocado Beauty Shop\" \/>\n<meta property=\"og:description\" content=\"Seria Dr.Sante Cucumber DESCRIERE: Emulsie moale, cremoasa pentru ten uscat \u0219i combinat. Extractul de castravete cur\u0103\u021b\u0103 \u0219i revitalizeaz\u0103 tenul, indeparteaza\" \/>\n<meta property=\"og:url\" content=\"https:\/\/myavocado.md\/produs\/laptisor-demachiant-dr-sante-cucumber-200-ml\/\" \/>\n<meta property=\"og:site_name\" content=\"Avocado Beauty Shop\" \/>\n<meta property=\"article:modified_time\" content=\"2025-08-05T08:33:48+00:00\" \/>\n<meta property=\"og:image\" content=\"https:\/\/myavocado.md\/wp-content\/uploads\/2020\/10\/cucumber_laptisor.jpg\" \/>\n\t<meta property=\"og:image:width\" content=\"500\" \/>\n\t<meta property=\"og:image:height\" content=\"700\" \/>\n\t<meta property=\"og:image:type\" content=\"image\/jpeg\" \/>\n<meta name=\"twitter:card\" content=\"summary_large_image\" \/>\n<meta name=\"twitter:label1\" content=\"\u041f\u0440\u0438\u043c\u0435\u0440\u043d\u043e\u0435 \u0432\u0440\u0435\u043c\u044f \u0434\u043b\u044f \u0447\u0442\u0435\u043d\u0438\u044f\" \/>\n\t<meta name=\"twitter:data1\" content=\"1 \u043c\u0438\u043d\u0443\u0442\u0430\" \/>\n<script type=\"application\/ld+json\" class=\"yoast-schema-graph\">{\"@context\":\"https:\/\/schema.org\",\"@graph\":[{\"@type\":\"WebPage\",\"@id\":\"https:\/\/myavocado.md\/produs\/laptisor-demachiant-dr-sante-cucumber-200-ml\/\",\"url\":\"https:\/\/myavocado.md\/produs\/laptisor-demachiant-dr-sante-cucumber-200-ml\/\",\"name\":\"[:ro]Laptisor pentru demachiere DR.SANTE CUCUMBER 200 ml[:ru]\u041c\u043e\u043b\u043e\u0447\u043a\u043e \u0434\u043b\u044f \u0434\u0435\u043c\u0430\u043a\u0438\u044f\u0436\u0430 DR.SANTE CUCUMBER 200 ml[:] - Avocado Beauty Shop\",\"isPartOf\":{\"@id\":\"https:\/\/myavocado.md\/ru\/#website\"},\"primaryImageOfPage\":{\"@id\":\"https:\/\/myavocado.md\/produs\/laptisor-demachiant-dr-sante-cucumber-200-ml\/#primaryimage\"},\"image\":{\"@id\":\"https:\/\/myavocado.md\/produs\/laptisor-demachiant-dr-sante-cucumber-200-ml\/#primaryimage\"},\"thumbnailUrl\":\"https:\/\/myavocado.md\/wp-content\/uploads\/2020\/10\/cucumber_laptisor.jpg\",\"datePublished\":\"2020-03-21T09:15:44+00:00\",\"dateModified\":\"2025-08-05T08:33:48+00:00\",\"breadcrumb\":{\"@id\":\"https:\/\/myavocado.md\/produs\/laptisor-demachiant-dr-sante-cucumber-200-ml\/#breadcrumb\"},\"inLanguage\":\"ru-RU\",\"potentialAction\":[{\"@type\":\"ReadAction\",\"target\":[\"https:\/\/myavocado.md\/produs\/laptisor-demachiant-dr-sante-cucumber-200-ml\/\"]}]},{\"@type\":\"ImageObject\",\"inLanguage\":\"ru-RU\",\"@id\":\"https:\/\/myavocado.md\/produs\/laptisor-demachiant-dr-sante-cucumber-200-ml\/#primaryimage\",\"url\":\"https:\/\/myavocado.md\/wp-content\/uploads\/2020\/10\/cucumber_laptisor.jpg\",\"contentUrl\":\"https:\/\/myavocado.md\/wp-content\/uploads\/2020\/10\/cucumber_laptisor.jpg\",\"width\":500,\"height\":700},{\"@type\":\"BreadcrumbList\",\"@id\":\"https:\/\/myavocado.md\/produs\/laptisor-demachiant-dr-sante-cucumber-200-ml\/#breadcrumb\",\"itemListElement\":[{\"@type\":\"ListItem\",\"position\":1,\"name\":\"Prima pagin\u0103\",\"item\":\"https:\/\/myavocado.md\/\"},{\"@type\":\"ListItem\",\"position\":2,\"name\":\"\u041c\u0430\u0433\u0430\u0437\u0438\u043d\",\"item\":\"https:\/\/myavocado.md\/ru\/magazin\/\"},{\"@type\":\"ListItem\",\"position\":3,\"name\":\"Laptisor pentru demachiere DR.SANTE CUCUMBER 200 ml\"}]},{\"@type\":\"WebSite\",\"@id\":\"https:\/\/myavocado.md\/ru\/#website\",\"url\":\"https:\/\/myavocado.md\/ru\/\",\"name\":\"Avocado Beauty Shop\",\"description\":\"Alege inteligent! Economise\u0219te energie \u0219i bani!\",\"publisher\":{\"@id\":\"https:\/\/myavocado.md\/ru\/#organization\"},\"potentialAction\":[{\"@type\":\"SearchAction\",\"target\":{\"@type\":\"EntryPoint\",\"urlTemplate\":\"https:\/\/myavocado.md\/ru\/?s={search_term_string}\"},\"query-input\":\"required name=search_term_string\"}],\"inLanguage\":\"ru-RU\"},{\"@type\":\"Organization\",\"@id\":\"https:\/\/myavocado.md\/ru\/#organization\",\"name\":\"MyAvocado\",\"url\":\"https:\/\/myavocado.md\/ru\/\",\"logo\":{\"@type\":\"ImageObject\",\"inLanguage\":\"ru-RU\",\"@id\":\"https:\/\/myavocado.md\/ru\/#\/schema\/logo\/image\/\",\"url\":\"https:\/\/myavocado.md\/wp-content\/uploads\/2020\/03\/logo-dark.png\",\"contentUrl\":\"https:\/\/myavocado.md\/wp-content\/uploads\/2020\/03\/logo-dark.png\",\"width\":714,\"height\":221,\"caption\":\"MyAvocado\"},\"image\":{\"@id\":\"https:\/\/myavocado.md\/ru\/#\/schema\/logo\/image\/\"}}]}<\/script>\n<!-- \/ Yoast SEO plugin. -->","yoast_head_json":{"title":"[:ro]Laptisor pentru demachiere DR.SANTE CUCUMBER 200 ml[:ru]\u041c\u043e\u043b\u043e\u0447\u043a\u043e \u0434\u043b\u044f \u0434\u0435\u043c\u0430\u043a\u0438\u044f\u0436\u0430 DR.SANTE CUCUMBER 200 ml[:] - Avocado Beauty Shop","robots":{"index":"index","follow":"follow","max-snippet":"max-snippet:-1","max-image-preview":"max-image-preview:large","max-video-preview":"max-video-preview:-1"},"canonical":"https:\/\/myavocado.md\/produs\/laptisor-demachiant-dr-sante-cucumber-200-ml\/","og_locale":"ru_RU","og_type":"article","og_title":"[:ro]Laptisor pentru demachiere DR.SANTE CUCUMBER 200 ml[:ru]\u041c\u043e\u043b\u043e\u0447\u043a\u043e \u0434\u043b\u044f \u0434\u0435\u043c\u0430\u043a\u0438\u044f\u0436\u0430 DR.SANTE CUCUMBER 200 ml[:] - Avocado Beauty Shop","og_description":"Seria Dr.Sante Cucumber DESCRIERE: Emulsie moale, cremoasa pentru ten uscat \u0219i combinat. Extractul de castravete cur\u0103\u021b\u0103 \u0219i revitalizeaz\u0103 tenul, indeparteaza","og_url":"https:\/\/myavocado.md\/produs\/laptisor-demachiant-dr-sante-cucumber-200-ml\/","og_site_name":"Avocado Beauty Shop","article_modified_time":"2025-08-05T08:33:48+00:00","og_image":[{"width":500,"height":700,"url":"https:\/\/myavocado.md\/wp-content\/uploads\/2020\/10\/cucumber_laptisor.jpg","type":"image\/jpeg"}],"twitter_card":"summary_large_image","twitter_misc":{"\u041f\u0440\u0438\u043c\u0435\u0440\u043d\u043e\u0435 \u0432\u0440\u0435\u043c\u044f \u0434\u043b\u044f \u0447\u0442\u0435\u043d\u0438\u044f":"1 \u043c\u0438\u043d\u0443\u0442\u0430"},"schema":{"@context":"https:\/\/schema.org","@graph":[{"@type":"WebPage","@id":"https:\/\/myavocado.md\/produs\/laptisor-demachiant-dr-sante-cucumber-200-ml\/","url":"https:\/\/myavocado.md\/produs\/laptisor-demachiant-dr-sante-cucumber-200-ml\/","name":"[:ro]Laptisor pentru demachiere DR.SANTE CUCUMBER 200 ml[:ru]\u041c\u043e\u043b\u043e\u0447\u043a\u043e \u0434\u043b\u044f \u0434\u0435\u043c\u0430\u043a\u0438\u044f\u0436\u0430 DR.SANTE CUCUMBER 200 ml[:] - Avocado Beauty Shop","isPartOf":{"@id":"https:\/\/myavocado.md\/ru\/#website"},"primaryImageOfPage":{"@id":"https:\/\/myavocado.md\/produs\/laptisor-demachiant-dr-sante-cucumber-200-ml\/#primaryimage"},"image":{"@id":"https:\/\/myavocado.md\/produs\/laptisor-demachiant-dr-sante-cucumber-200-ml\/#primaryimage"},"thumbnailUrl":"https:\/\/myavocado.md\/wp-content\/uploads\/2020\/10\/cucumber_laptisor.jpg","datePublished":"2020-03-21T09:15:44+00:00","dateModified":"2025-08-05T08:33:48+00:00","breadcrumb":{"@id":"https:\/\/myavocado.md\/produs\/laptisor-demachiant-dr-sante-cucumber-200-ml\/#breadcrumb"},"inLanguage":"ru-RU","potentialAction":[{"@type":"ReadAction","target":["https:\/\/myavocado.md\/produs\/laptisor-demachiant-dr-sante-cucumber-200-ml\/"]}]},{"@type":"ImageObject","inLanguage":"ru-RU","@id":"https:\/\/myavocado.md\/produs\/laptisor-demachiant-dr-sante-cucumber-200-ml\/#primaryimage","url":"https:\/\/myavocado.md\/wp-content\/uploads\/2020\/10\/cucumber_laptisor.jpg","contentUrl":"https:\/\/myavocado.md\/wp-content\/uploads\/2020\/10\/cucumber_laptisor.jpg","width":500,"height":700},{"@type":"BreadcrumbList","@id":"https:\/\/myavocado.md\/produs\/laptisor-demachiant-dr-sante-cucumber-200-ml\/#breadcrumb","itemListElement":[{"@type":"ListItem","position":1,"name":"Prima pagin\u0103","item":"https:\/\/myavocado.md\/"},{"@type":"ListItem","position":2,"name":"\u041c\u0430\u0433\u0430\u0437\u0438\u043d","item":"https:\/\/myavocado.md\/ru\/magazin\/"},{"@type":"ListItem","position":3,"name":"Laptisor pentru demachiere DR.SANTE CUCUMBER 200 ml"}]},{"@type":"WebSite","@id":"https:\/\/myavocado.md\/ru\/#website","url":"https:\/\/myavocado.md\/ru\/","name":"Avocado Beauty Shop","description":"Alege inteligent! Economise\u0219te energie \u0219i bani!","publisher":{"@id":"https:\/\/myavocado.md\/ru\/#organization"},"potentialAction":[{"@type":"SearchAction","target":{"@type":"EntryPoint","urlTemplate":"https:\/\/myavocado.md\/ru\/?s={search_term_string}"},"query-input":"required name=search_term_string"}],"inLanguage":"ru-RU"},{"@type":"Organization","@id":"https:\/\/myavocado.md\/ru\/#organization","name":"MyAvocado","url":"https:\/\/myavocado.md\/ru\/","logo":{"@type":"ImageObject","inLanguage":"ru-RU","@id":"https:\/\/myavocado.md\/ru\/#\/schema\/logo\/image\/","url":"https:\/\/myavocado.md\/wp-content\/uploads\/2020\/03\/logo-dark.png","contentUrl":"https:\/\/myavocado.md\/wp-content\/uploads\/2020\/03\/logo-dark.png","width":714,"height":221,"caption":"MyAvocado"},"image":{"@id":"https:\/\/myavocado.md\/ru\/#\/schema\/logo\/image\/"}}]}},"_links":{"self":[{"href":"https:\/\/myavocado.md\/ru\/wp-json\/wp\/v2\/product\/5088"}],"collection":[{"href":"https:\/\/myavocado.md\/ru\/wp-json\/wp\/v2\/product"}],"about":[{"href":"https:\/\/myavocado.md\/ru\/wp-json\/wp\/v2\/types\/product"}],"replies":[{"embeddable":true,"href":"https:\/\/myavocado.md\/ru\/wp-json\/wp\/v2\/comments?post=5088"}],"wp:featuredmedia":[{"embeddable":true,"href":"https:\/\/myavocado.md\/ru\/wp-json\/wp\/v2\/media\/21131"}],"wp:attachment":[{"href":"https:\/\/myavocado.md\/ru\/wp-json\/wp\/v2\/media?parent=5088"}],"wp:term":[{"taxonomy":"product_cat","embeddable":true,"href":"https:\/\/myavocado.md\/ru\/wp-json\/wp\/v2\/product_cat?post=5088"},{"taxonomy":"product_tag","embeddable":true,"href":"https:\/\/myavocado.md\/ru\/wp-json\/wp\/v2\/product_tag?post=5088"}],"curies":[{"name":"wp","href":"https:\/\/api.w.org\/{rel}","templated":true}]}}