{"id":4951,"date":"2020-12-09T16:04:34","date_gmt":"2020-03-21T09:15:27","guid":{"rendered":"https:\/\/myavocado.md\/produs\/crema-p-fata-dr-s-cucumber-50-gr-zi-noapte\/"},"modified":"2025-08-05T11:19:25","modified_gmt":"2025-08-05T08:19:25","slug":"crema-pentru-fata-dr-sante-cucumber-50-ml-zi-noapte","status":"publish","type":"product","link":"https:\/\/myavocado.md\/ru\/produs\/crema-pentru-fata-dr-sante-cucumber-50-ml-zi-noapte\/","title":{"rendered":"\u041a\u0440\u0435\u043c \u0434\u043b\u044f \u043b\u0438\u0446\u0430 DR.SANTE CUCUMBER 50 \u043c\u043b \u0414\u043d\u0435\u0432\u043d\u043e\u0439 \u0438 \u043d\u043e\u0447\u043d\u043e\u0439"},"content":{"rendered":"<h1><a href=\"https:\/\/myavocado.md\/?s=dr.sante+cucumber&amp;post_type=product\">Seria Dr.Sante Cucumber<\/a><\/h1>\n<p><strong>DESCRIERE:<\/strong><\/p>\n<p>Crema de fa\u021b\u0103 matifiant\u0103 pentru tipul de piele normal \u0219i combinat. \u00cenl\u0103tur\u0103 luciu gras \u0219i ofer\u0103 un u\u0219or efect matifiant. Hidrateaz\u0103 intens, hr\u0103ne\u0219te \u0219i tonific\u0103 pielea datorit\u0103 extrasului de castravete.<\/p>\n<p>EXTRACT DE CASTRAVETE \u0218I L\u0102M\u00c2IE tonifiaz\u0103 \u0219i hr\u0103ne\u0219te pielea, regleaz\u0103 func\u021bia glandelor sebacee \u0219i matific\u0103. Minimizeaz\u0103 porii, uniformizeaz\u0103 culoarea tenului, lupt\u0103 \u00eempotriva petelor pigmentare.<\/p>\n<p>VITAMINA A \u0218I E calmeaz\u0103 pielea, ofera un puternic efect antioxidant.<\/p>\n<p>ALGE MARINE\u00a0 ofer\u0103 pielii mineralele necesare, m\u0103resc elasticitatea pielii.<\/p>\n<p><strong>MOD DE FOLOSIRE:<\/strong><\/p>\n<p>Aplica\u021bi o cantitate suficient\u0103 de produs pe \u00eentreaga suprafa\u021b\u0103 a fe\u021bei \u0219i g\u00e2tului. Masa\u021bi u\u0219or p\u00e2n\u0103 produsul se absoarbe.<\/p>\n<p><strong>INGRIDIENTE:<\/strong><\/p>\n<p>AQUA, CYCLOPENTASILOXANE, ETHYLHEXYL COCOATE, ETHYLHEXYL STEARATE, GLYCERYL STEARATE CITRATE, AMMONIUM ACRYLOYLDIMETHYLTAURATE\/VP COPOLYMER, MENTHA PIPERITA LEAF EXTRACT, PERSEA GRATISSIMA OIL, BUTYROSPERMUM PARKII BUTTER, ASPALATHUS LINEARIS LEAF EXTRACT, CUCUMIS SATIVUS FRUIT EXTRACT, TOCOPHERYL ACETATE, OCTYLDODECANOL, SERENOA SERRULATA, TOCOPHEROL, CHONDRUS CRISPUS, CITRIC ACID, CITRUL LIMON FRUIT EXTRACT, HYDROXYETHYL UREA, BUTYLENE GLYCOLS, 10-HYDROXYDECANOIC ACID, SEBACIC ACID, 1.10- DECANEDIOL, CAMPHOR, SODIUM SALICYLATE, FARNESOL, DIMETHICONOL, DIMETHICONE CROSSPOLYMER, BEHENYL ALCOHOL, GLYCERYL STEARATE, LECITHIN, GLYCINE SOJA STEROLS, PARFUM, PHENOXYETHANOL, CAPRYLYL GLYCOL.<\/p>\n<p><a href=\"http:\/\/www.elfa.ua\/our_products_are\/zhirnaya\/dr-sante-cucumber-balance-control\/krem-dlya-litsa9759\/\" target=\"_blank\" rel=\"noopener noreferrer\">Vizualiza\u021bi produsul pe site-ul web al produc\u0103torului<\/a><\/p>\n","protected":false},"excerpt":{"rendered":"<p>Seria Dr.Sante Cucumber DESCRIERE: Crema de fa\u021b\u0103 matifiant\u0103 pentru tipul de piele normal \u0219i combinat. \u00cenl\u0103tur\u0103 luciu gras \u0219i ofer\u0103<\/p>\n","protected":false},"featured_media":21841,"comment_status":"closed","ping_status":"closed","template":"","meta":[],"product_cat":[132,40,78],"product_tag":[],"yoast_head":"<!-- This site is optimized with the Yoast SEO plugin v22.6 - https:\/\/yoast.com\/wordpress\/plugins\/seo\/ -->\n<title>\u041a\u0440\u0435\u043c \u0434\u043b\u044f \u043b\u0438\u0446\u0430 DR.SANTE CUCUMBER 50 \u043c\u043b \u0414\u043d\u0435\u0432\u043d\u043e\u0439 \u0438 \u043d\u043e\u0447\u043d\u043e\u0439 - Avocado Beauty Shop<\/title>\n<meta name=\"robots\" content=\"index, follow, max-snippet:-1, max-image-preview:large, max-video-preview:-1\" \/>\n<link rel=\"canonical\" href=\"https:\/\/myavocado.md\/produs\/crema-pentru-fata-dr-sante-cucumber-50-ml-zi-noapte\/\" \/>\n<meta property=\"og:locale\" content=\"ru_RU\" \/>\n<meta property=\"og:type\" content=\"article\" \/>\n<meta property=\"og:title\" content=\"[:ro]Crema pentru fata DR.SANTE CUCUMBER 50 ml de zi si de noapte[:ru]\u041a\u0440\u0435\u043c \u0434\u043b\u044f \u043b\u0438\u0446\u0430 DR.SANTE CUCUMBER 50 \u043c\u043b \u0414\u043d\u0435\u0432\u043d\u043e\u0439 \u0438 \u043d\u043e\u0447\u043d\u043e\u0439[:] - Avocado Beauty Shop\" \/>\n<meta property=\"og:description\" content=\"Seria Dr.Sante Cucumber DESCRIERE: Crema de fa\u021b\u0103 matifiant\u0103 pentru tipul de piele normal \u0219i combinat. \u00cenl\u0103tur\u0103 luciu gras \u0219i ofer\u0103\" \/>\n<meta property=\"og:url\" content=\"https:\/\/myavocado.md\/produs\/crema-pentru-fata-dr-sante-cucumber-50-ml-zi-noapte\/\" \/>\n<meta property=\"og:site_name\" content=\"Avocado Beauty Shop\" \/>\n<meta property=\"article:modified_time\" content=\"2025-08-05T08:19:25+00:00\" \/>\n<meta property=\"og:image\" content=\"https:\/\/myavocado.md\/wp-content\/uploads\/2020\/12\/cuc_crem_lico_50.jpg\" \/>\n\t<meta property=\"og:image:width\" content=\"500\" \/>\n\t<meta property=\"og:image:height\" content=\"700\" \/>\n\t<meta property=\"og:image:type\" content=\"image\/jpeg\" \/>\n<meta name=\"twitter:card\" content=\"summary_large_image\" \/>\n<meta name=\"twitter:label1\" content=\"\u041f\u0440\u0438\u043c\u0435\u0440\u043d\u043e\u0435 \u0432\u0440\u0435\u043c\u044f \u0434\u043b\u044f \u0447\u0442\u0435\u043d\u0438\u044f\" \/>\n\t<meta name=\"twitter:data1\" content=\"1 \u043c\u0438\u043d\u0443\u0442\u0430\" \/>\n<script type=\"application\/ld+json\" class=\"yoast-schema-graph\">{\"@context\":\"https:\/\/schema.org\",\"@graph\":[{\"@type\":\"WebPage\",\"@id\":\"https:\/\/myavocado.md\/produs\/crema-pentru-fata-dr-sante-cucumber-50-ml-zi-noapte\/\",\"url\":\"https:\/\/myavocado.md\/produs\/crema-pentru-fata-dr-sante-cucumber-50-ml-zi-noapte\/\",\"name\":\"[:ro]Crema pentru fata DR.SANTE CUCUMBER 50 ml de zi si de noapte[:ru]\u041a\u0440\u0435\u043c \u0434\u043b\u044f \u043b\u0438\u0446\u0430 DR.SANTE CUCUMBER 50 \u043c\u043b \u0414\u043d\u0435\u0432\u043d\u043e\u0439 \u0438 \u043d\u043e\u0447\u043d\u043e\u0439[:] - Avocado Beauty Shop\",\"isPartOf\":{\"@id\":\"https:\/\/myavocado.md\/ru\/#website\"},\"primaryImageOfPage\":{\"@id\":\"https:\/\/myavocado.md\/produs\/crema-pentru-fata-dr-sante-cucumber-50-ml-zi-noapte\/#primaryimage\"},\"image\":{\"@id\":\"https:\/\/myavocado.md\/produs\/crema-pentru-fata-dr-sante-cucumber-50-ml-zi-noapte\/#primaryimage\"},\"thumbnailUrl\":\"https:\/\/myavocado.md\/wp-content\/uploads\/2020\/12\/cuc_crem_lico_50.jpg\",\"datePublished\":\"2020-03-21T09:15:27+00:00\",\"dateModified\":\"2025-08-05T08:19:25+00:00\",\"breadcrumb\":{\"@id\":\"https:\/\/myavocado.md\/produs\/crema-pentru-fata-dr-sante-cucumber-50-ml-zi-noapte\/#breadcrumb\"},\"inLanguage\":\"ru-RU\",\"potentialAction\":[{\"@type\":\"ReadAction\",\"target\":[\"https:\/\/myavocado.md\/produs\/crema-pentru-fata-dr-sante-cucumber-50-ml-zi-noapte\/\"]}]},{\"@type\":\"ImageObject\",\"inLanguage\":\"ru-RU\",\"@id\":\"https:\/\/myavocado.md\/produs\/crema-pentru-fata-dr-sante-cucumber-50-ml-zi-noapte\/#primaryimage\",\"url\":\"https:\/\/myavocado.md\/wp-content\/uploads\/2020\/12\/cuc_crem_lico_50.jpg\",\"contentUrl\":\"https:\/\/myavocado.md\/wp-content\/uploads\/2020\/12\/cuc_crem_lico_50.jpg\",\"width\":500,\"height\":700},{\"@type\":\"BreadcrumbList\",\"@id\":\"https:\/\/myavocado.md\/produs\/crema-pentru-fata-dr-sante-cucumber-50-ml-zi-noapte\/#breadcrumb\",\"itemListElement\":[{\"@type\":\"ListItem\",\"position\":1,\"name\":\"Prima pagin\u0103\",\"item\":\"https:\/\/myavocado.md\/\"},{\"@type\":\"ListItem\",\"position\":2,\"name\":\"\u041c\u0430\u0433\u0430\u0437\u0438\u043d\",\"item\":\"https:\/\/myavocado.md\/ru\/magazin\/\"},{\"@type\":\"ListItem\",\"position\":3,\"name\":\"Crema pentru fata DR.SANTE CUCUMBER 50 ml de zi si de noapte\"}]},{\"@type\":\"WebSite\",\"@id\":\"https:\/\/myavocado.md\/ru\/#website\",\"url\":\"https:\/\/myavocado.md\/ru\/\",\"name\":\"Avocado Beauty Shop\",\"description\":\"Alege inteligent! Economise\u0219te energie \u0219i bani!\",\"publisher\":{\"@id\":\"https:\/\/myavocado.md\/ru\/#organization\"},\"potentialAction\":[{\"@type\":\"SearchAction\",\"target\":{\"@type\":\"EntryPoint\",\"urlTemplate\":\"https:\/\/myavocado.md\/ru\/?s={search_term_string}\"},\"query-input\":\"required name=search_term_string\"}],\"inLanguage\":\"ru-RU\"},{\"@type\":\"Organization\",\"@id\":\"https:\/\/myavocado.md\/ru\/#organization\",\"name\":\"MyAvocado\",\"url\":\"https:\/\/myavocado.md\/ru\/\",\"logo\":{\"@type\":\"ImageObject\",\"inLanguage\":\"ru-RU\",\"@id\":\"https:\/\/myavocado.md\/ru\/#\/schema\/logo\/image\/\",\"url\":\"https:\/\/myavocado.md\/wp-content\/uploads\/2020\/03\/logo-dark.png\",\"contentUrl\":\"https:\/\/myavocado.md\/wp-content\/uploads\/2020\/03\/logo-dark.png\",\"width\":714,\"height\":221,\"caption\":\"MyAvocado\"},\"image\":{\"@id\":\"https:\/\/myavocado.md\/ru\/#\/schema\/logo\/image\/\"}}]}<\/script>\n<!-- \/ Yoast SEO plugin. -->","yoast_head_json":{"title":"[:ro]Crema pentru fata DR.SANTE CUCUMBER 50 ml de zi si de noapte[:ru]\u041a\u0440\u0435\u043c \u0434\u043b\u044f \u043b\u0438\u0446\u0430 DR.SANTE CUCUMBER 50 \u043c\u043b \u0414\u043d\u0435\u0432\u043d\u043e\u0439 \u0438 \u043d\u043e\u0447\u043d\u043e\u0439[:] - Avocado Beauty Shop","robots":{"index":"index","follow":"follow","max-snippet":"max-snippet:-1","max-image-preview":"max-image-preview:large","max-video-preview":"max-video-preview:-1"},"canonical":"https:\/\/myavocado.md\/produs\/crema-pentru-fata-dr-sante-cucumber-50-ml-zi-noapte\/","og_locale":"ru_RU","og_type":"article","og_title":"[:ro]Crema pentru fata DR.SANTE CUCUMBER 50 ml de zi si de noapte[:ru]\u041a\u0440\u0435\u043c \u0434\u043b\u044f \u043b\u0438\u0446\u0430 DR.SANTE CUCUMBER 50 \u043c\u043b \u0414\u043d\u0435\u0432\u043d\u043e\u0439 \u0438 \u043d\u043e\u0447\u043d\u043e\u0439[:] - Avocado Beauty Shop","og_description":"Seria Dr.Sante Cucumber DESCRIERE: Crema de fa\u021b\u0103 matifiant\u0103 pentru tipul de piele normal \u0219i combinat. \u00cenl\u0103tur\u0103 luciu gras \u0219i ofer\u0103","og_url":"https:\/\/myavocado.md\/produs\/crema-pentru-fata-dr-sante-cucumber-50-ml-zi-noapte\/","og_site_name":"Avocado Beauty Shop","article_modified_time":"2025-08-05T08:19:25+00:00","og_image":[{"width":500,"height":700,"url":"https:\/\/myavocado.md\/wp-content\/uploads\/2020\/12\/cuc_crem_lico_50.jpg","type":"image\/jpeg"}],"twitter_card":"summary_large_image","twitter_misc":{"\u041f\u0440\u0438\u043c\u0435\u0440\u043d\u043e\u0435 \u0432\u0440\u0435\u043c\u044f \u0434\u043b\u044f \u0447\u0442\u0435\u043d\u0438\u044f":"1 \u043c\u0438\u043d\u0443\u0442\u0430"},"schema":{"@context":"https:\/\/schema.org","@graph":[{"@type":"WebPage","@id":"https:\/\/myavocado.md\/produs\/crema-pentru-fata-dr-sante-cucumber-50-ml-zi-noapte\/","url":"https:\/\/myavocado.md\/produs\/crema-pentru-fata-dr-sante-cucumber-50-ml-zi-noapte\/","name":"[:ro]Crema pentru fata DR.SANTE CUCUMBER 50 ml de zi si de noapte[:ru]\u041a\u0440\u0435\u043c \u0434\u043b\u044f \u043b\u0438\u0446\u0430 DR.SANTE CUCUMBER 50 \u043c\u043b \u0414\u043d\u0435\u0432\u043d\u043e\u0439 \u0438 \u043d\u043e\u0447\u043d\u043e\u0439[:] - Avocado Beauty Shop","isPartOf":{"@id":"https:\/\/myavocado.md\/ru\/#website"},"primaryImageOfPage":{"@id":"https:\/\/myavocado.md\/produs\/crema-pentru-fata-dr-sante-cucumber-50-ml-zi-noapte\/#primaryimage"},"image":{"@id":"https:\/\/myavocado.md\/produs\/crema-pentru-fata-dr-sante-cucumber-50-ml-zi-noapte\/#primaryimage"},"thumbnailUrl":"https:\/\/myavocado.md\/wp-content\/uploads\/2020\/12\/cuc_crem_lico_50.jpg","datePublished":"2020-03-21T09:15:27+00:00","dateModified":"2025-08-05T08:19:25+00:00","breadcrumb":{"@id":"https:\/\/myavocado.md\/produs\/crema-pentru-fata-dr-sante-cucumber-50-ml-zi-noapte\/#breadcrumb"},"inLanguage":"ru-RU","potentialAction":[{"@type":"ReadAction","target":["https:\/\/myavocado.md\/produs\/crema-pentru-fata-dr-sante-cucumber-50-ml-zi-noapte\/"]}]},{"@type":"ImageObject","inLanguage":"ru-RU","@id":"https:\/\/myavocado.md\/produs\/crema-pentru-fata-dr-sante-cucumber-50-ml-zi-noapte\/#primaryimage","url":"https:\/\/myavocado.md\/wp-content\/uploads\/2020\/12\/cuc_crem_lico_50.jpg","contentUrl":"https:\/\/myavocado.md\/wp-content\/uploads\/2020\/12\/cuc_crem_lico_50.jpg","width":500,"height":700},{"@type":"BreadcrumbList","@id":"https:\/\/myavocado.md\/produs\/crema-pentru-fata-dr-sante-cucumber-50-ml-zi-noapte\/#breadcrumb","itemListElement":[{"@type":"ListItem","position":1,"name":"Prima pagin\u0103","item":"https:\/\/myavocado.md\/"},{"@type":"ListItem","position":2,"name":"\u041c\u0430\u0433\u0430\u0437\u0438\u043d","item":"https:\/\/myavocado.md\/ru\/magazin\/"},{"@type":"ListItem","position":3,"name":"Crema pentru fata DR.SANTE CUCUMBER 50 ml de zi si de noapte"}]},{"@type":"WebSite","@id":"https:\/\/myavocado.md\/ru\/#website","url":"https:\/\/myavocado.md\/ru\/","name":"Avocado Beauty Shop","description":"Alege inteligent! Economise\u0219te energie \u0219i bani!","publisher":{"@id":"https:\/\/myavocado.md\/ru\/#organization"},"potentialAction":[{"@type":"SearchAction","target":{"@type":"EntryPoint","urlTemplate":"https:\/\/myavocado.md\/ru\/?s={search_term_string}"},"query-input":"required name=search_term_string"}],"inLanguage":"ru-RU"},{"@type":"Organization","@id":"https:\/\/myavocado.md\/ru\/#organization","name":"MyAvocado","url":"https:\/\/myavocado.md\/ru\/","logo":{"@type":"ImageObject","inLanguage":"ru-RU","@id":"https:\/\/myavocado.md\/ru\/#\/schema\/logo\/image\/","url":"https:\/\/myavocado.md\/wp-content\/uploads\/2020\/03\/logo-dark.png","contentUrl":"https:\/\/myavocado.md\/wp-content\/uploads\/2020\/03\/logo-dark.png","width":714,"height":221,"caption":"MyAvocado"},"image":{"@id":"https:\/\/myavocado.md\/ru\/#\/schema\/logo\/image\/"}}]}},"_links":{"self":[{"href":"https:\/\/myavocado.md\/ru\/wp-json\/wp\/v2\/product\/4951"}],"collection":[{"href":"https:\/\/myavocado.md\/ru\/wp-json\/wp\/v2\/product"}],"about":[{"href":"https:\/\/myavocado.md\/ru\/wp-json\/wp\/v2\/types\/product"}],"replies":[{"embeddable":true,"href":"https:\/\/myavocado.md\/ru\/wp-json\/wp\/v2\/comments?post=4951"}],"wp:featuredmedia":[{"embeddable":true,"href":"https:\/\/myavocado.md\/ru\/wp-json\/wp\/v2\/media\/21841"}],"wp:attachment":[{"href":"https:\/\/myavocado.md\/ru\/wp-json\/wp\/v2\/media?parent=4951"}],"wp:term":[{"taxonomy":"product_cat","embeddable":true,"href":"https:\/\/myavocado.md\/ru\/wp-json\/wp\/v2\/product_cat?post=4951"},{"taxonomy":"product_tag","embeddable":true,"href":"https:\/\/myavocado.md\/ru\/wp-json\/wp\/v2\/product_tag?post=4951"}],"curies":[{"name":"wp","href":"https:\/\/api.w.org\/{rel}","templated":true}]}}