{"id":4931,"date":"2020-10-07T11:55:43","date_gmt":"2020-03-21T09:15:24","guid":{"rendered":"https:\/\/myavocado.md\/produs\/crema-p-fata-dom-doctor-250-gr-miere-catina\/"},"modified":"2025-08-05T11:33:49","modified_gmt":"2025-08-05T08:33:49","slug":"crema-p-fata-%d0%b4%d0%be%d0%bc%d0%b0%d1%88%d0%bd%d0%b8%d0%b9-%d0%b4%d0%be%d0%ba%d1%82%d0%be%d1%80-250ml-miere-catina","status":"publish","type":"product","link":"https:\/\/myavocado.md\/ru\/produs\/crema-p-fata-%d0%b4%d0%be%d0%bc%d0%b0%d1%88%d0%bd%d0%b8%d0%b9-%d0%b4%d0%be%d0%ba%d1%82%d0%be%d1%80-250ml-miere-catina\/","title":{"rendered":"\u041a\u0440\u0435\u043c \u0434\u043b\u044f \u043b\u0438\u0446\u0430 \u0414\u041e\u041c\u0410\u0428\u041d\u0418\u0419 \u0414\u041e\u041a\u0422\u041e\u0420 250 \u043c\u043b \u041c\u0451\u0434 \u0438 \u043e\u0431\u043b\u0435\u043f\u0438\u0445\u0430"},"content":{"rendered":"<p><strong>Despre brandul:<\/strong><\/p>\n<p><a href=\"https:\/\/myavocado.md\/?s=%D0%94%D0%BE%D0%BC%D0%B0%D1%88%D0%BD%D0%B8%D0%B9+%D0%94%D0%BE%D0%BA%D1%82%D0%BE%D1%80&amp;post_type=product\">\u0414\u043e\u043c\u0430\u0448\u043d\u0438\u0439 \u0414\u043e\u043a\u0442\u043e\u0440<\/a> \u2013 s\u0103n\u0103tatea \u00eentregii familii! Gama de produse cosmetic profilactice pentru \u00eengrijirea pielii \u0219i a p\u0103rului destinat\u0103 \u00eentregii familii.<\/p>\n<p>Gama con\u021bine produse:<\/p>\n<ul>\n<li>Pentru cei mai mici- creme igienice pentru copii, sare de baie cu romani\u021b\u0103<\/li>\n<li>Pentru p\u0103rin\u021bi- produse de \u00eengrijire profilactic\u0103 a p\u0103rului \u0219i corpului<\/li>\n<li>Pentru dragii no\u0219tri bunici \u2013 Produse profilactice pentru solu\u021bionarea \u0219i tratarea problemelor precum varicoza \u0219i altele.<\/li>\n<\/ul>\n<p>De asemenea gama mai con\u021bine sare de baie, produse pentru \u00eengrijirea pielii care contribuie la starea de bine a \u00eentregului organism. Pretul accesibil a produselor este inca un aspect placut. Calitatea \u00eenalt\u0103 a produselor se datoreaz\u0103 materiei prime de calitate superioar\u0103 \u0219i tehnologiilor de produc\u021bie inovative.<\/p>\n<p>\u00cencearc\u0103 \u0219i tu <a href=\"https:\/\/myavocado.md\/?s=%D0%94%D0%BE%D0%BC%D0%B0%D1%88%D0%BD%D0%B8%D0%B9+%D0%94%D0%BE%D0%BA%D1%82%D0%BE%D1%80&amp;post_type=product\">\u0414\u043e\u043c\u0430\u0448\u043d\u0438\u0439 \u0414\u043e\u043a\u0442\u043e\u0440<\/a> !<\/p>\n","protected":false},"excerpt":{"rendered":"<p>Despre brandul: \u0414\u043e\u043c\u0430\u0448\u043d\u0438\u0439 \u0414\u043e\u043a\u0442\u043e\u0440 \u2013 s\u0103n\u0103tatea \u00eentregii familii! Gama de produse cosmetic profilactice pentru \u00eengrijirea pielii \u0219i a p\u0103rului destinat\u0103<\/p>\n","protected":false},"featured_media":10130,"comment_status":"closed","ping_status":"closed","template":"","meta":[],"product_cat":[132,40,78],"product_tag":[],"yoast_head":"<!-- This site is optimized with the Yoast SEO plugin v22.6 - https:\/\/yoast.com\/wordpress\/plugins\/seo\/ -->\n<title>\u041a\u0440\u0435\u043c \u0434\u043b\u044f \u043b\u0438\u0446\u0430 \u0414\u041e\u041c\u0410\u0428\u041d\u0418\u0419 \u0414\u041e\u041a\u0422\u041e\u0420 250 \u043c\u043b \u041c\u0451\u0434 \u0438 \u043e\u0431\u043b\u0435\u043f\u0438\u0445\u0430 - Avocado Beauty Shop<\/title>\n<meta name=\"robots\" content=\"index, follow, max-snippet:-1, max-image-preview:large, max-video-preview:-1\" \/>\n<link rel=\"canonical\" href=\"https:\/\/myavocado.md\/produs\/crema-p-fata-\u0434\u043e\u043c\u0430\u0448\u043d\u0438\u0439-\u0434\u043e\u043a\u0442\u043e\u0440-250ml-miere-catina\/\" \/>\n<meta property=\"og:locale\" content=\"ru_RU\" \/>\n<meta property=\"og:type\" content=\"article\" \/>\n<meta property=\"og:title\" content=\"[:ro]Crema pentru fata \u0414\u041e\u041c\u0410\u0428\u041d\u0418\u0419 \u0414\u041e\u041a\u0422\u041e\u0420 250 ml Miere\/catina[:ru]\u041a\u0440\u0435\u043c \u0434\u043b\u044f \u043b\u0438\u0446\u0430 \u0414\u041e\u041c\u0410\u0428\u041d\u0418\u0419 \u0414\u041e\u041a\u0422\u041e\u0420 250 \u043c\u043b \u041c\u0451\u0434 \u0438 \u043e\u0431\u043b\u0435\u043f\u0438\u0445\u0430[:] - Avocado Beauty Shop\" \/>\n<meta property=\"og:description\" content=\"Despre brandul: \u0414\u043e\u043c\u0430\u0448\u043d\u0438\u0439 \u0414\u043e\u043a\u0442\u043e\u0440 \u2013 s\u0103n\u0103tatea \u00eentregii familii! Gama de produse cosmetic profilactice pentru \u00eengrijirea pielii \u0219i a p\u0103rului destinat\u0103\" \/>\n<meta property=\"og:url\" content=\"https:\/\/myavocado.md\/produs\/crema-p-fata-\u0434\u043e\u043c\u0430\u0448\u043d\u0438\u0439-\u0434\u043e\u043a\u0442\u043e\u0440-250ml-miere-catina\/\" \/>\n<meta property=\"og:site_name\" content=\"Avocado Beauty Shop\" \/>\n<meta property=\"article:modified_time\" content=\"2025-08-05T08:33:49+00:00\" \/>\n<meta property=\"og:image\" content=\"https:\/\/myavocado.md\/wp-content\/uploads\/2020\/03\/DD-krem-3in1-med-oblepiha.png\" \/>\n\t<meta property=\"og:image:width\" content=\"500\" \/>\n\t<meta property=\"og:image:height\" content=\"700\" \/>\n\t<meta property=\"og:image:type\" content=\"image\/png\" \/>\n<meta name=\"twitter:card\" content=\"summary_large_image\" \/>\n<meta name=\"twitter:label1\" content=\"\u041f\u0440\u0438\u043c\u0435\u0440\u043d\u043e\u0435 \u0432\u0440\u0435\u043c\u044f \u0434\u043b\u044f \u0447\u0442\u0435\u043d\u0438\u044f\" \/>\n\t<meta name=\"twitter:data1\" content=\"1 \u043c\u0438\u043d\u0443\u0442\u0430\" \/>\n<script type=\"application\/ld+json\" class=\"yoast-schema-graph\">{\"@context\":\"https:\/\/schema.org\",\"@graph\":[{\"@type\":\"WebPage\",\"@id\":\"https:\/\/myavocado.md\/produs\/crema-p-fata-%d0%b4%d0%be%d0%bc%d0%b0%d1%88%d0%bd%d0%b8%d0%b9-%d0%b4%d0%be%d0%ba%d1%82%d0%be%d1%80-250ml-miere-catina\/\",\"url\":\"https:\/\/myavocado.md\/produs\/crema-p-fata-%d0%b4%d0%be%d0%bc%d0%b0%d1%88%d0%bd%d0%b8%d0%b9-%d0%b4%d0%be%d0%ba%d1%82%d0%be%d1%80-250ml-miere-catina\/\",\"name\":\"[:ro]Crema pentru fata \u0414\u041e\u041c\u0410\u0428\u041d\u0418\u0419 \u0414\u041e\u041a\u0422\u041e\u0420 250 ml Miere\/catina[:ru]\u041a\u0440\u0435\u043c \u0434\u043b\u044f \u043b\u0438\u0446\u0430 \u0414\u041e\u041c\u0410\u0428\u041d\u0418\u0419 \u0414\u041e\u041a\u0422\u041e\u0420 250 \u043c\u043b \u041c\u0451\u0434 \u0438 \u043e\u0431\u043b\u0435\u043f\u0438\u0445\u0430[:] - Avocado Beauty Shop\",\"isPartOf\":{\"@id\":\"https:\/\/myavocado.md\/ru\/#website\"},\"primaryImageOfPage\":{\"@id\":\"https:\/\/myavocado.md\/produs\/crema-p-fata-%d0%b4%d0%be%d0%bc%d0%b0%d1%88%d0%bd%d0%b8%d0%b9-%d0%b4%d0%be%d0%ba%d1%82%d0%be%d1%80-250ml-miere-catina\/#primaryimage\"},\"image\":{\"@id\":\"https:\/\/myavocado.md\/produs\/crema-p-fata-%d0%b4%d0%be%d0%bc%d0%b0%d1%88%d0%bd%d0%b8%d0%b9-%d0%b4%d0%be%d0%ba%d1%82%d0%be%d1%80-250ml-miere-catina\/#primaryimage\"},\"thumbnailUrl\":\"https:\/\/myavocado.md\/wp-content\/uploads\/2020\/03\/DD-krem-3in1-med-oblepiha.png\",\"datePublished\":\"2020-03-21T09:15:24+00:00\",\"dateModified\":\"2025-08-05T08:33:49+00:00\",\"breadcrumb\":{\"@id\":\"https:\/\/myavocado.md\/produs\/crema-p-fata-%d0%b4%d0%be%d0%bc%d0%b0%d1%88%d0%bd%d0%b8%d0%b9-%d0%b4%d0%be%d0%ba%d1%82%d0%be%d1%80-250ml-miere-catina\/#breadcrumb\"},\"inLanguage\":\"ru-RU\",\"potentialAction\":[{\"@type\":\"ReadAction\",\"target\":[\"https:\/\/myavocado.md\/produs\/crema-p-fata-%d0%b4%d0%be%d0%bc%d0%b0%d1%88%d0%bd%d0%b8%d0%b9-%d0%b4%d0%be%d0%ba%d1%82%d0%be%d1%80-250ml-miere-catina\/\"]}]},{\"@type\":\"ImageObject\",\"inLanguage\":\"ru-RU\",\"@id\":\"https:\/\/myavocado.md\/produs\/crema-p-fata-%d0%b4%d0%be%d0%bc%d0%b0%d1%88%d0%bd%d0%b8%d0%b9-%d0%b4%d0%be%d0%ba%d1%82%d0%be%d1%80-250ml-miere-catina\/#primaryimage\",\"url\":\"https:\/\/myavocado.md\/wp-content\/uploads\/2020\/03\/DD-krem-3in1-med-oblepiha.png\",\"contentUrl\":\"https:\/\/myavocado.md\/wp-content\/uploads\/2020\/03\/DD-krem-3in1-med-oblepiha.png\",\"width\":500,\"height\":700},{\"@type\":\"BreadcrumbList\",\"@id\":\"https:\/\/myavocado.md\/produs\/crema-p-fata-%d0%b4%d0%be%d0%bc%d0%b0%d1%88%d0%bd%d0%b8%d0%b9-%d0%b4%d0%be%d0%ba%d1%82%d0%be%d1%80-250ml-miere-catina\/#breadcrumb\",\"itemListElement\":[{\"@type\":\"ListItem\",\"position\":1,\"name\":\"Prima pagin\u0103\",\"item\":\"https:\/\/myavocado.md\/\"},{\"@type\":\"ListItem\",\"position\":2,\"name\":\"\u041c\u0430\u0433\u0430\u0437\u0438\u043d\",\"item\":\"https:\/\/myavocado.md\/ru\/magazin\/\"},{\"@type\":\"ListItem\",\"position\":3,\"name\":\"Crema pentru fata \u0414\u041e\u041c\u0410\u0428\u041d\u0418\u0419 \u0414\u041e\u041a\u0422\u041e\u0420 250 ml Miere\/catina\"}]},{\"@type\":\"WebSite\",\"@id\":\"https:\/\/myavocado.md\/ru\/#website\",\"url\":\"https:\/\/myavocado.md\/ru\/\",\"name\":\"Avocado Beauty Shop\",\"description\":\"Alege inteligent! Economise\u0219te energie \u0219i bani!\",\"publisher\":{\"@id\":\"https:\/\/myavocado.md\/ru\/#organization\"},\"potentialAction\":[{\"@type\":\"SearchAction\",\"target\":{\"@type\":\"EntryPoint\",\"urlTemplate\":\"https:\/\/myavocado.md\/ru\/?s={search_term_string}\"},\"query-input\":\"required name=search_term_string\"}],\"inLanguage\":\"ru-RU\"},{\"@type\":\"Organization\",\"@id\":\"https:\/\/myavocado.md\/ru\/#organization\",\"name\":\"MyAvocado\",\"url\":\"https:\/\/myavocado.md\/ru\/\",\"logo\":{\"@type\":\"ImageObject\",\"inLanguage\":\"ru-RU\",\"@id\":\"https:\/\/myavocado.md\/ru\/#\/schema\/logo\/image\/\",\"url\":\"https:\/\/myavocado.md\/wp-content\/uploads\/2020\/03\/logo-dark.png\",\"contentUrl\":\"https:\/\/myavocado.md\/wp-content\/uploads\/2020\/03\/logo-dark.png\",\"width\":714,\"height\":221,\"caption\":\"MyAvocado\"},\"image\":{\"@id\":\"https:\/\/myavocado.md\/ru\/#\/schema\/logo\/image\/\"}}]}<\/script>\n<!-- \/ Yoast SEO plugin. -->","yoast_head_json":{"title":"[:ro]Crema pentru fata \u0414\u041e\u041c\u0410\u0428\u041d\u0418\u0419 \u0414\u041e\u041a\u0422\u041e\u0420 250 ml Miere\/catina[:ru]\u041a\u0440\u0435\u043c \u0434\u043b\u044f \u043b\u0438\u0446\u0430 \u0414\u041e\u041c\u0410\u0428\u041d\u0418\u0419 \u0414\u041e\u041a\u0422\u041e\u0420 250 \u043c\u043b \u041c\u0451\u0434 \u0438 \u043e\u0431\u043b\u0435\u043f\u0438\u0445\u0430[:] - Avocado Beauty Shop","robots":{"index":"index","follow":"follow","max-snippet":"max-snippet:-1","max-image-preview":"max-image-preview:large","max-video-preview":"max-video-preview:-1"},"canonical":"https:\/\/myavocado.md\/produs\/crema-p-fata-\u0434\u043e\u043c\u0430\u0448\u043d\u0438\u0439-\u0434\u043e\u043a\u0442\u043e\u0440-250ml-miere-catina\/","og_locale":"ru_RU","og_type":"article","og_title":"[:ro]Crema pentru fata \u0414\u041e\u041c\u0410\u0428\u041d\u0418\u0419 \u0414\u041e\u041a\u0422\u041e\u0420 250 ml Miere\/catina[:ru]\u041a\u0440\u0435\u043c \u0434\u043b\u044f \u043b\u0438\u0446\u0430 \u0414\u041e\u041c\u0410\u0428\u041d\u0418\u0419 \u0414\u041e\u041a\u0422\u041e\u0420 250 \u043c\u043b \u041c\u0451\u0434 \u0438 \u043e\u0431\u043b\u0435\u043f\u0438\u0445\u0430[:] - Avocado Beauty Shop","og_description":"Despre brandul: \u0414\u043e\u043c\u0430\u0448\u043d\u0438\u0439 \u0414\u043e\u043a\u0442\u043e\u0440 \u2013 s\u0103n\u0103tatea \u00eentregii familii! Gama de produse cosmetic profilactice pentru \u00eengrijirea pielii \u0219i a p\u0103rului destinat\u0103","og_url":"https:\/\/myavocado.md\/produs\/crema-p-fata-\u0434\u043e\u043c\u0430\u0448\u043d\u0438\u0439-\u0434\u043e\u043a\u0442\u043e\u0440-250ml-miere-catina\/","og_site_name":"Avocado Beauty Shop","article_modified_time":"2025-08-05T08:33:49+00:00","og_image":[{"width":500,"height":700,"url":"https:\/\/myavocado.md\/wp-content\/uploads\/2020\/03\/DD-krem-3in1-med-oblepiha.png","type":"image\/png"}],"twitter_card":"summary_large_image","twitter_misc":{"\u041f\u0440\u0438\u043c\u0435\u0440\u043d\u043e\u0435 \u0432\u0440\u0435\u043c\u044f \u0434\u043b\u044f \u0447\u0442\u0435\u043d\u0438\u044f":"1 \u043c\u0438\u043d\u0443\u0442\u0430"},"schema":{"@context":"https:\/\/schema.org","@graph":[{"@type":"WebPage","@id":"https:\/\/myavocado.md\/produs\/crema-p-fata-%d0%b4%d0%be%d0%bc%d0%b0%d1%88%d0%bd%d0%b8%d0%b9-%d0%b4%d0%be%d0%ba%d1%82%d0%be%d1%80-250ml-miere-catina\/","url":"https:\/\/myavocado.md\/produs\/crema-p-fata-%d0%b4%d0%be%d0%bc%d0%b0%d1%88%d0%bd%d0%b8%d0%b9-%d0%b4%d0%be%d0%ba%d1%82%d0%be%d1%80-250ml-miere-catina\/","name":"[:ro]Crema pentru fata \u0414\u041e\u041c\u0410\u0428\u041d\u0418\u0419 \u0414\u041e\u041a\u0422\u041e\u0420 250 ml Miere\/catina[:ru]\u041a\u0440\u0435\u043c \u0434\u043b\u044f \u043b\u0438\u0446\u0430 \u0414\u041e\u041c\u0410\u0428\u041d\u0418\u0419 \u0414\u041e\u041a\u0422\u041e\u0420 250 \u043c\u043b \u041c\u0451\u0434 \u0438 \u043e\u0431\u043b\u0435\u043f\u0438\u0445\u0430[:] - Avocado Beauty Shop","isPartOf":{"@id":"https:\/\/myavocado.md\/ru\/#website"},"primaryImageOfPage":{"@id":"https:\/\/myavocado.md\/produs\/crema-p-fata-%d0%b4%d0%be%d0%bc%d0%b0%d1%88%d0%bd%d0%b8%d0%b9-%d0%b4%d0%be%d0%ba%d1%82%d0%be%d1%80-250ml-miere-catina\/#primaryimage"},"image":{"@id":"https:\/\/myavocado.md\/produs\/crema-p-fata-%d0%b4%d0%be%d0%bc%d0%b0%d1%88%d0%bd%d0%b8%d0%b9-%d0%b4%d0%be%d0%ba%d1%82%d0%be%d1%80-250ml-miere-catina\/#primaryimage"},"thumbnailUrl":"https:\/\/myavocado.md\/wp-content\/uploads\/2020\/03\/DD-krem-3in1-med-oblepiha.png","datePublished":"2020-03-21T09:15:24+00:00","dateModified":"2025-08-05T08:33:49+00:00","breadcrumb":{"@id":"https:\/\/myavocado.md\/produs\/crema-p-fata-%d0%b4%d0%be%d0%bc%d0%b0%d1%88%d0%bd%d0%b8%d0%b9-%d0%b4%d0%be%d0%ba%d1%82%d0%be%d1%80-250ml-miere-catina\/#breadcrumb"},"inLanguage":"ru-RU","potentialAction":[{"@type":"ReadAction","target":["https:\/\/myavocado.md\/produs\/crema-p-fata-%d0%b4%d0%be%d0%bc%d0%b0%d1%88%d0%bd%d0%b8%d0%b9-%d0%b4%d0%be%d0%ba%d1%82%d0%be%d1%80-250ml-miere-catina\/"]}]},{"@type":"ImageObject","inLanguage":"ru-RU","@id":"https:\/\/myavocado.md\/produs\/crema-p-fata-%d0%b4%d0%be%d0%bc%d0%b0%d1%88%d0%bd%d0%b8%d0%b9-%d0%b4%d0%be%d0%ba%d1%82%d0%be%d1%80-250ml-miere-catina\/#primaryimage","url":"https:\/\/myavocado.md\/wp-content\/uploads\/2020\/03\/DD-krem-3in1-med-oblepiha.png","contentUrl":"https:\/\/myavocado.md\/wp-content\/uploads\/2020\/03\/DD-krem-3in1-med-oblepiha.png","width":500,"height":700},{"@type":"BreadcrumbList","@id":"https:\/\/myavocado.md\/produs\/crema-p-fata-%d0%b4%d0%be%d0%bc%d0%b0%d1%88%d0%bd%d0%b8%d0%b9-%d0%b4%d0%be%d0%ba%d1%82%d0%be%d1%80-250ml-miere-catina\/#breadcrumb","itemListElement":[{"@type":"ListItem","position":1,"name":"Prima pagin\u0103","item":"https:\/\/myavocado.md\/"},{"@type":"ListItem","position":2,"name":"\u041c\u0430\u0433\u0430\u0437\u0438\u043d","item":"https:\/\/myavocado.md\/ru\/magazin\/"},{"@type":"ListItem","position":3,"name":"Crema pentru fata \u0414\u041e\u041c\u0410\u0428\u041d\u0418\u0419 \u0414\u041e\u041a\u0422\u041e\u0420 250 ml Miere\/catina"}]},{"@type":"WebSite","@id":"https:\/\/myavocado.md\/ru\/#website","url":"https:\/\/myavocado.md\/ru\/","name":"Avocado Beauty Shop","description":"Alege inteligent! Economise\u0219te energie \u0219i bani!","publisher":{"@id":"https:\/\/myavocado.md\/ru\/#organization"},"potentialAction":[{"@type":"SearchAction","target":{"@type":"EntryPoint","urlTemplate":"https:\/\/myavocado.md\/ru\/?s={search_term_string}"},"query-input":"required name=search_term_string"}],"inLanguage":"ru-RU"},{"@type":"Organization","@id":"https:\/\/myavocado.md\/ru\/#organization","name":"MyAvocado","url":"https:\/\/myavocado.md\/ru\/","logo":{"@type":"ImageObject","inLanguage":"ru-RU","@id":"https:\/\/myavocado.md\/ru\/#\/schema\/logo\/image\/","url":"https:\/\/myavocado.md\/wp-content\/uploads\/2020\/03\/logo-dark.png","contentUrl":"https:\/\/myavocado.md\/wp-content\/uploads\/2020\/03\/logo-dark.png","width":714,"height":221,"caption":"MyAvocado"},"image":{"@id":"https:\/\/myavocado.md\/ru\/#\/schema\/logo\/image\/"}}]}},"_links":{"self":[{"href":"https:\/\/myavocado.md\/ru\/wp-json\/wp\/v2\/product\/4931"}],"collection":[{"href":"https:\/\/myavocado.md\/ru\/wp-json\/wp\/v2\/product"}],"about":[{"href":"https:\/\/myavocado.md\/ru\/wp-json\/wp\/v2\/types\/product"}],"replies":[{"embeddable":true,"href":"https:\/\/myavocado.md\/ru\/wp-json\/wp\/v2\/comments?post=4931"}],"wp:featuredmedia":[{"embeddable":true,"href":"https:\/\/myavocado.md\/ru\/wp-json\/wp\/v2\/media\/10130"}],"wp:attachment":[{"href":"https:\/\/myavocado.md\/ru\/wp-json\/wp\/v2\/media?parent=4931"}],"wp:term":[{"taxonomy":"product_cat","embeddable":true,"href":"https:\/\/myavocado.md\/ru\/wp-json\/wp\/v2\/product_cat?post=4931"},{"taxonomy":"product_tag","embeddable":true,"href":"https:\/\/myavocado.md\/ru\/wp-json\/wp\/v2\/product_tag?post=4931"}],"curies":[{"name":"wp","href":"https:\/\/api.w.org\/{rel}","templated":true}]}}