{"id":3724,"date":"2020-09-10T16:05:38","date_gmt":"2020-03-21T09:11:51","guid":{"rendered":"https:\/\/myavocado.md\/produs\/ulei-de-brusture-dom-doctor-100-gr-stimul-crest-parului\/"},"modified":"2025-11-10T10:08:18","modified_gmt":"2025-11-10T08:08:18","slug":"ulei-de-brusture-%d0%b4%d0%be%d0%bc%d0%b0%d1%88%d0%bd%d0%b8%d0%b9-%d0%b4%d0%be%d0%ba%d1%82%d0%be%d1%80-100ml-stimul-crest-parului","status":"publish","type":"product","link":"https:\/\/myavocado.md\/ru\/produs\/ulei-de-brusture-%d0%b4%d0%be%d0%bc%d0%b0%d1%88%d0%bd%d0%b8%d0%b9-%d0%b4%d0%be%d0%ba%d1%82%d0%be%d1%80-100ml-stimul-crest-parului\/","title":{"rendered":"\u041c\u0430\u0441\u043b\u043e \u0434\u043b\u044f \u0432\u043e\u043b\u043e\u0441 \u0414\u041e\u041c\u0410\u0428\u041d\u0418\u0419 \u0414\u041e\u041a\u0422\u041e\u0420 100 \u043c\u043b Stimularea cresterii"},"content":{"rendered":"<h1><a href=\"https:\/\/myavocado.md\/?s=%D0%B4%D0%BE%D0%BC%D0%B0%D1%88%D0%BD%D0%B8%D0%B9+%D0%B4%D0%BE%D0%BA%D1%82%D0%BE%D1%80&amp;post_type=product\">\u0414\u043e\u043c\u0430\u0448\u043d\u0438\u0439 \u0414\u043e\u043a\u0442\u043e\u0440<\/a><\/h1>\n<p><strong>DESCRIERE:<\/strong><br \/>\nUlei de brusture si extract de ardei rosu pentru cresterea parului. Complex eficient pentru consolidarea si accelerarea cresterii parului. Uleiul de brusture fortifica, opreste caderea firelor fragile, reface vitalitatea lor. Ardeiul iute rosu imbunatateste microcirculatia, promoveaza livrarea rapida la radacinile parului a componentelor utile oferite de uleiul de brusture. Parul incepe sa creasca repede, se indeseste, devine puternic si stralucitor. Mod de utilizare: Aplicati uleiul caldut la radacinile parului. Dupa 20-30 minute spalati cu sampon. Utilizati de 1-2 ori pe saptamana.<\/p>\n<p><strong>INGRIDIENTE:<\/strong><br \/>\nVegetable Oil, SC-\u0421\u041e2-extract Arctium Lappa (Burdock), Capsicum Annuum Resin, BHT.<\/p>\n<p><strong>Despre brandul:<\/strong><\/p>\n<p><a href=\"https:\/\/myavocado.md\/?s=%D0%94%D0%BE%D0%BC%D0%B0%D1%88%D0%BD%D0%B8%D0%B9+%D0%94%D0%BE%D0%BA%D1%82%D0%BE%D1%80&amp;post_type=product\">\u0414\u043e\u043c\u0430\u0448\u043d\u0438\u0439 \u0414\u043e\u043a\u0442\u043e\u0440<\/a> \u2013 s\u0103n\u0103tatea \u00eentregii familii! Gama de produse cosmetic profilactice pentru \u00eengrijirea pielii \u0219i a p\u0103rului destinat\u0103 \u00eentregii familii.<\/p>\n<p>Gama con\u021bine produse:<\/p>\n<ul>\n<li>Pentru cei mai mici- creme igienice pentru copii, sare de baie cu romani\u021b\u0103<\/li>\n<li>Pentru p\u0103rin\u021bi- produse de \u00eengrijire profilactic\u0103 a p\u0103rului \u0219i corpului<\/li>\n<li>Pentru dragii no\u0219tri bunici \u2013 Produse profilactice pentru solu\u021bionarea \u0219i tratarea problemelor precum varicoza \u0219i altele.<\/li>\n<\/ul>\n<p>De asemenea gama mai con\u021bine sare de baie, produse pentru \u00eengrijirea pielii care contribuie la starea de bine a \u00eentregului organism. Pretul accesibil a produselor este inca un aspect placut. Calitatea \u00eenalt\u0103 a produselor se datoreaz\u0103 materiei prime de calitate superioar\u0103 \u0219i tehnologiilor de produc\u021bie inovative.<\/p>\n<p>\u00cencearc\u0103 \u0219i tu <a href=\"https:\/\/myavocado.md\/?s=%D0%94%D0%BE%D0%BC%D0%B0%D1%88%D0%BD%D0%B8%D0%B9+%D0%94%D0%BE%D0%BA%D1%82%D0%BE%D1%80&amp;post_type=product\">\u0414\u043e\u043c\u0430\u0448\u043d\u0438\u0439 \u0414\u043e\u043a\u0442\u043e\u0440<\/a> !<\/p>\n","protected":false},"excerpt":{"rendered":"<p>\u0414\u043e\u043c\u0430\u0448\u043d\u0438\u0439 \u0414\u043e\u043a\u0442\u043e\u0440 DESCRIERE: Ulei de brusture si extract de ardei rosu pentru cresterea parului. Complex eficient pentru consolidarea si accelerarea<\/p>\n","protected":false},"featured_media":10184,"comment_status":"closed","ping_status":"closed","template":"","meta":[],"product_cat":[102,42,73],"product_tag":[],"yoast_head":"<!-- This site is optimized with the Yoast SEO plugin v22.6 - https:\/\/yoast.com\/wordpress\/plugins\/seo\/ -->\n<title>\u041c\u0430\u0441\u043b\u043e \u0434\u043b\u044f \u0432\u043e\u043b\u043e\u0441 \u0414\u041e\u041c\u0410\u0428\u041d\u0418\u0419 \u0414\u041e\u041a\u0422\u041e\u0420 100 \u043c\u043b Stimularea cresterii - Avocado Beauty Shop<\/title>\n<meta name=\"robots\" content=\"index, follow, max-snippet:-1, max-image-preview:large, max-video-preview:-1\" \/>\n<link rel=\"canonical\" href=\"https:\/\/myavocado.md\/produs\/ulei-de-brusture-\u0434\u043e\u043c\u0430\u0448\u043d\u0438\u0439-\u0434\u043e\u043a\u0442\u043e\u0440-100ml-stimul-crest-parului\/\" \/>\n<meta property=\"og:locale\" content=\"ru_RU\" \/>\n<meta property=\"og:type\" content=\"article\" \/>\n<meta property=\"og:title\" content=\"[:ro]Ulei pentru par \u0414\u041e\u041c\u0410\u0428\u041d\u0418\u0419 \u0414\u041e\u041a\u0422\u041e\u0420 100 ml Stimularea cresterii[:ru]\u041c\u0430\u0441\u043b\u043e \u0434\u043b\u044f \u0432\u043e\u043b\u043e\u0441 \u0414\u041e\u041c\u0410\u0428\u041d\u0418\u0419 \u0414\u041e\u041a\u0422\u041e\u0420 100 \u043c\u043b Stimularea cresterii[:] - Avocado Beauty Shop\" \/>\n<meta property=\"og:description\" content=\"\u0414\u043e\u043c\u0430\u0448\u043d\u0438\u0439 \u0414\u043e\u043a\u0442\u043e\u0440 DESCRIERE: Ulei de brusture si extract de ardei rosu pentru cresterea parului. Complex eficient pentru consolidarea si accelerarea\" \/>\n<meta property=\"og:url\" content=\"https:\/\/myavocado.md\/produs\/ulei-de-brusture-\u0434\u043e\u043c\u0430\u0448\u043d\u0438\u0439-\u0434\u043e\u043a\u0442\u043e\u0440-100ml-stimul-crest-parului\/\" \/>\n<meta property=\"og:site_name\" content=\"Avocado Beauty Shop\" \/>\n<meta property=\"article:modified_time\" content=\"2025-11-10T08:08:18+00:00\" \/>\n<meta property=\"og:image\" content=\"https:\/\/myavocado.md\/wp-content\/uploads\/2020\/03\/dd_maslo_perec.png\" \/>\n\t<meta property=\"og:image:width\" content=\"500\" \/>\n\t<meta property=\"og:image:height\" content=\"700\" \/>\n\t<meta property=\"og:image:type\" content=\"image\/png\" \/>\n<meta name=\"twitter:card\" content=\"summary_large_image\" \/>\n<meta name=\"twitter:label1\" content=\"\u041f\u0440\u0438\u043c\u0435\u0440\u043d\u043e\u0435 \u0432\u0440\u0435\u043c\u044f \u0434\u043b\u044f \u0447\u0442\u0435\u043d\u0438\u044f\" \/>\n\t<meta name=\"twitter:data1\" content=\"1 \u043c\u0438\u043d\u0443\u0442\u0430\" \/>\n<script type=\"application\/ld+json\" class=\"yoast-schema-graph\">{\"@context\":\"https:\/\/schema.org\",\"@graph\":[{\"@type\":\"WebPage\",\"@id\":\"https:\/\/myavocado.md\/produs\/ulei-de-brusture-%d0%b4%d0%be%d0%bc%d0%b0%d1%88%d0%bd%d0%b8%d0%b9-%d0%b4%d0%be%d0%ba%d1%82%d0%be%d1%80-100ml-stimul-crest-parului\/\",\"url\":\"https:\/\/myavocado.md\/produs\/ulei-de-brusture-%d0%b4%d0%be%d0%bc%d0%b0%d1%88%d0%bd%d0%b8%d0%b9-%d0%b4%d0%be%d0%ba%d1%82%d0%be%d1%80-100ml-stimul-crest-parului\/\",\"name\":\"[:ro]Ulei pentru par \u0414\u041e\u041c\u0410\u0428\u041d\u0418\u0419 \u0414\u041e\u041a\u0422\u041e\u0420 100 ml Stimularea cresterii[:ru]\u041c\u0430\u0441\u043b\u043e \u0434\u043b\u044f \u0432\u043e\u043b\u043e\u0441 \u0414\u041e\u041c\u0410\u0428\u041d\u0418\u0419 \u0414\u041e\u041a\u0422\u041e\u0420 100 \u043c\u043b Stimularea cresterii[:] - Avocado Beauty Shop\",\"isPartOf\":{\"@id\":\"https:\/\/myavocado.md\/ru\/#website\"},\"primaryImageOfPage\":{\"@id\":\"https:\/\/myavocado.md\/produs\/ulei-de-brusture-%d0%b4%d0%be%d0%bc%d0%b0%d1%88%d0%bd%d0%b8%d0%b9-%d0%b4%d0%be%d0%ba%d1%82%d0%be%d1%80-100ml-stimul-crest-parului\/#primaryimage\"},\"image\":{\"@id\":\"https:\/\/myavocado.md\/produs\/ulei-de-brusture-%d0%b4%d0%be%d0%bc%d0%b0%d1%88%d0%bd%d0%b8%d0%b9-%d0%b4%d0%be%d0%ba%d1%82%d0%be%d1%80-100ml-stimul-crest-parului\/#primaryimage\"},\"thumbnailUrl\":\"https:\/\/myavocado.md\/wp-content\/uploads\/2020\/03\/dd_maslo_perec.png\",\"datePublished\":\"2020-03-21T09:11:51+00:00\",\"dateModified\":\"2025-11-10T08:08:18+00:00\",\"breadcrumb\":{\"@id\":\"https:\/\/myavocado.md\/produs\/ulei-de-brusture-%d0%b4%d0%be%d0%bc%d0%b0%d1%88%d0%bd%d0%b8%d0%b9-%d0%b4%d0%be%d0%ba%d1%82%d0%be%d1%80-100ml-stimul-crest-parului\/#breadcrumb\"},\"inLanguage\":\"ru-RU\",\"potentialAction\":[{\"@type\":\"ReadAction\",\"target\":[\"https:\/\/myavocado.md\/produs\/ulei-de-brusture-%d0%b4%d0%be%d0%bc%d0%b0%d1%88%d0%bd%d0%b8%d0%b9-%d0%b4%d0%be%d0%ba%d1%82%d0%be%d1%80-100ml-stimul-crest-parului\/\"]}]},{\"@type\":\"ImageObject\",\"inLanguage\":\"ru-RU\",\"@id\":\"https:\/\/myavocado.md\/produs\/ulei-de-brusture-%d0%b4%d0%be%d0%bc%d0%b0%d1%88%d0%bd%d0%b8%d0%b9-%d0%b4%d0%be%d0%ba%d1%82%d0%be%d1%80-100ml-stimul-crest-parului\/#primaryimage\",\"url\":\"https:\/\/myavocado.md\/wp-content\/uploads\/2020\/03\/dd_maslo_perec.png\",\"contentUrl\":\"https:\/\/myavocado.md\/wp-content\/uploads\/2020\/03\/dd_maslo_perec.png\",\"width\":500,\"height\":700},{\"@type\":\"BreadcrumbList\",\"@id\":\"https:\/\/myavocado.md\/produs\/ulei-de-brusture-%d0%b4%d0%be%d0%bc%d0%b0%d1%88%d0%bd%d0%b8%d0%b9-%d0%b4%d0%be%d0%ba%d1%82%d0%be%d1%80-100ml-stimul-crest-parului\/#breadcrumb\",\"itemListElement\":[{\"@type\":\"ListItem\",\"position\":1,\"name\":\"Prima pagin\u0103\",\"item\":\"https:\/\/myavocado.md\/\"},{\"@type\":\"ListItem\",\"position\":2,\"name\":\"\u041c\u0430\u0433\u0430\u0437\u0438\u043d\",\"item\":\"https:\/\/myavocado.md\/ru\/magazin\/\"},{\"@type\":\"ListItem\",\"position\":3,\"name\":\"Ulei pentru par \u0414\u041e\u041c\u0410\u0428\u041d\u0418\u0419 \u0414\u041e\u041a\u0422\u041e\u0420 100 ml Stimularea cresterii\"}]},{\"@type\":\"WebSite\",\"@id\":\"https:\/\/myavocado.md\/ru\/#website\",\"url\":\"https:\/\/myavocado.md\/ru\/\",\"name\":\"Avocado Beauty Shop\",\"description\":\"Alege inteligent! Economise\u0219te energie \u0219i bani!\",\"publisher\":{\"@id\":\"https:\/\/myavocado.md\/ru\/#organization\"},\"potentialAction\":[{\"@type\":\"SearchAction\",\"target\":{\"@type\":\"EntryPoint\",\"urlTemplate\":\"https:\/\/myavocado.md\/ru\/?s={search_term_string}\"},\"query-input\":\"required name=search_term_string\"}],\"inLanguage\":\"ru-RU\"},{\"@type\":\"Organization\",\"@id\":\"https:\/\/myavocado.md\/ru\/#organization\",\"name\":\"MyAvocado\",\"url\":\"https:\/\/myavocado.md\/ru\/\",\"logo\":{\"@type\":\"ImageObject\",\"inLanguage\":\"ru-RU\",\"@id\":\"https:\/\/myavocado.md\/ru\/#\/schema\/logo\/image\/\",\"url\":\"https:\/\/myavocado.md\/wp-content\/uploads\/2020\/03\/logo-dark.png\",\"contentUrl\":\"https:\/\/myavocado.md\/wp-content\/uploads\/2020\/03\/logo-dark.png\",\"width\":714,\"height\":221,\"caption\":\"MyAvocado\"},\"image\":{\"@id\":\"https:\/\/myavocado.md\/ru\/#\/schema\/logo\/image\/\"}}]}<\/script>\n<!-- \/ Yoast SEO plugin. -->","yoast_head_json":{"title":"[:ro]Ulei pentru par \u0414\u041e\u041c\u0410\u0428\u041d\u0418\u0419 \u0414\u041e\u041a\u0422\u041e\u0420 100 ml Stimularea cresterii[:ru]\u041c\u0430\u0441\u043b\u043e \u0434\u043b\u044f \u0432\u043e\u043b\u043e\u0441 \u0414\u041e\u041c\u0410\u0428\u041d\u0418\u0419 \u0414\u041e\u041a\u0422\u041e\u0420 100 \u043c\u043b Stimularea cresterii[:] - Avocado Beauty Shop","robots":{"index":"index","follow":"follow","max-snippet":"max-snippet:-1","max-image-preview":"max-image-preview:large","max-video-preview":"max-video-preview:-1"},"canonical":"https:\/\/myavocado.md\/produs\/ulei-de-brusture-\u0434\u043e\u043c\u0430\u0448\u043d\u0438\u0439-\u0434\u043e\u043a\u0442\u043e\u0440-100ml-stimul-crest-parului\/","og_locale":"ru_RU","og_type":"article","og_title":"[:ro]Ulei pentru par \u0414\u041e\u041c\u0410\u0428\u041d\u0418\u0419 \u0414\u041e\u041a\u0422\u041e\u0420 100 ml Stimularea cresterii[:ru]\u041c\u0430\u0441\u043b\u043e \u0434\u043b\u044f \u0432\u043e\u043b\u043e\u0441 \u0414\u041e\u041c\u0410\u0428\u041d\u0418\u0419 \u0414\u041e\u041a\u0422\u041e\u0420 100 \u043c\u043b Stimularea cresterii[:] - Avocado Beauty Shop","og_description":"\u0414\u043e\u043c\u0430\u0448\u043d\u0438\u0439 \u0414\u043e\u043a\u0442\u043e\u0440 DESCRIERE: Ulei de brusture si extract de ardei rosu pentru cresterea parului. Complex eficient pentru consolidarea si accelerarea","og_url":"https:\/\/myavocado.md\/produs\/ulei-de-brusture-\u0434\u043e\u043c\u0430\u0448\u043d\u0438\u0439-\u0434\u043e\u043a\u0442\u043e\u0440-100ml-stimul-crest-parului\/","og_site_name":"Avocado Beauty Shop","article_modified_time":"2025-11-10T08:08:18+00:00","og_image":[{"width":500,"height":700,"url":"https:\/\/myavocado.md\/wp-content\/uploads\/2020\/03\/dd_maslo_perec.png","type":"image\/png"}],"twitter_card":"summary_large_image","twitter_misc":{"\u041f\u0440\u0438\u043c\u0435\u0440\u043d\u043e\u0435 \u0432\u0440\u0435\u043c\u044f \u0434\u043b\u044f \u0447\u0442\u0435\u043d\u0438\u044f":"1 \u043c\u0438\u043d\u0443\u0442\u0430"},"schema":{"@context":"https:\/\/schema.org","@graph":[{"@type":"WebPage","@id":"https:\/\/myavocado.md\/produs\/ulei-de-brusture-%d0%b4%d0%be%d0%bc%d0%b0%d1%88%d0%bd%d0%b8%d0%b9-%d0%b4%d0%be%d0%ba%d1%82%d0%be%d1%80-100ml-stimul-crest-parului\/","url":"https:\/\/myavocado.md\/produs\/ulei-de-brusture-%d0%b4%d0%be%d0%bc%d0%b0%d1%88%d0%bd%d0%b8%d0%b9-%d0%b4%d0%be%d0%ba%d1%82%d0%be%d1%80-100ml-stimul-crest-parului\/","name":"[:ro]Ulei pentru par \u0414\u041e\u041c\u0410\u0428\u041d\u0418\u0419 \u0414\u041e\u041a\u0422\u041e\u0420 100 ml Stimularea cresterii[:ru]\u041c\u0430\u0441\u043b\u043e \u0434\u043b\u044f \u0432\u043e\u043b\u043e\u0441 \u0414\u041e\u041c\u0410\u0428\u041d\u0418\u0419 \u0414\u041e\u041a\u0422\u041e\u0420 100 \u043c\u043b Stimularea cresterii[:] - Avocado Beauty Shop","isPartOf":{"@id":"https:\/\/myavocado.md\/ru\/#website"},"primaryImageOfPage":{"@id":"https:\/\/myavocado.md\/produs\/ulei-de-brusture-%d0%b4%d0%be%d0%bc%d0%b0%d1%88%d0%bd%d0%b8%d0%b9-%d0%b4%d0%be%d0%ba%d1%82%d0%be%d1%80-100ml-stimul-crest-parului\/#primaryimage"},"image":{"@id":"https:\/\/myavocado.md\/produs\/ulei-de-brusture-%d0%b4%d0%be%d0%bc%d0%b0%d1%88%d0%bd%d0%b8%d0%b9-%d0%b4%d0%be%d0%ba%d1%82%d0%be%d1%80-100ml-stimul-crest-parului\/#primaryimage"},"thumbnailUrl":"https:\/\/myavocado.md\/wp-content\/uploads\/2020\/03\/dd_maslo_perec.png","datePublished":"2020-03-21T09:11:51+00:00","dateModified":"2025-11-10T08:08:18+00:00","breadcrumb":{"@id":"https:\/\/myavocado.md\/produs\/ulei-de-brusture-%d0%b4%d0%be%d0%bc%d0%b0%d1%88%d0%bd%d0%b8%d0%b9-%d0%b4%d0%be%d0%ba%d1%82%d0%be%d1%80-100ml-stimul-crest-parului\/#breadcrumb"},"inLanguage":"ru-RU","potentialAction":[{"@type":"ReadAction","target":["https:\/\/myavocado.md\/produs\/ulei-de-brusture-%d0%b4%d0%be%d0%bc%d0%b0%d1%88%d0%bd%d0%b8%d0%b9-%d0%b4%d0%be%d0%ba%d1%82%d0%be%d1%80-100ml-stimul-crest-parului\/"]}]},{"@type":"ImageObject","inLanguage":"ru-RU","@id":"https:\/\/myavocado.md\/produs\/ulei-de-brusture-%d0%b4%d0%be%d0%bc%d0%b0%d1%88%d0%bd%d0%b8%d0%b9-%d0%b4%d0%be%d0%ba%d1%82%d0%be%d1%80-100ml-stimul-crest-parului\/#primaryimage","url":"https:\/\/myavocado.md\/wp-content\/uploads\/2020\/03\/dd_maslo_perec.png","contentUrl":"https:\/\/myavocado.md\/wp-content\/uploads\/2020\/03\/dd_maslo_perec.png","width":500,"height":700},{"@type":"BreadcrumbList","@id":"https:\/\/myavocado.md\/produs\/ulei-de-brusture-%d0%b4%d0%be%d0%bc%d0%b0%d1%88%d0%bd%d0%b8%d0%b9-%d0%b4%d0%be%d0%ba%d1%82%d0%be%d1%80-100ml-stimul-crest-parului\/#breadcrumb","itemListElement":[{"@type":"ListItem","position":1,"name":"Prima pagin\u0103","item":"https:\/\/myavocado.md\/"},{"@type":"ListItem","position":2,"name":"\u041c\u0430\u0433\u0430\u0437\u0438\u043d","item":"https:\/\/myavocado.md\/ru\/magazin\/"},{"@type":"ListItem","position":3,"name":"Ulei pentru par \u0414\u041e\u041c\u0410\u0428\u041d\u0418\u0419 \u0414\u041e\u041a\u0422\u041e\u0420 100 ml Stimularea cresterii"}]},{"@type":"WebSite","@id":"https:\/\/myavocado.md\/ru\/#website","url":"https:\/\/myavocado.md\/ru\/","name":"Avocado Beauty Shop","description":"Alege inteligent! Economise\u0219te energie \u0219i bani!","publisher":{"@id":"https:\/\/myavocado.md\/ru\/#organization"},"potentialAction":[{"@type":"SearchAction","target":{"@type":"EntryPoint","urlTemplate":"https:\/\/myavocado.md\/ru\/?s={search_term_string}"},"query-input":"required name=search_term_string"}],"inLanguage":"ru-RU"},{"@type":"Organization","@id":"https:\/\/myavocado.md\/ru\/#organization","name":"MyAvocado","url":"https:\/\/myavocado.md\/ru\/","logo":{"@type":"ImageObject","inLanguage":"ru-RU","@id":"https:\/\/myavocado.md\/ru\/#\/schema\/logo\/image\/","url":"https:\/\/myavocado.md\/wp-content\/uploads\/2020\/03\/logo-dark.png","contentUrl":"https:\/\/myavocado.md\/wp-content\/uploads\/2020\/03\/logo-dark.png","width":714,"height":221,"caption":"MyAvocado"},"image":{"@id":"https:\/\/myavocado.md\/ru\/#\/schema\/logo\/image\/"}}]}},"_links":{"self":[{"href":"https:\/\/myavocado.md\/ru\/wp-json\/wp\/v2\/product\/3724"}],"collection":[{"href":"https:\/\/myavocado.md\/ru\/wp-json\/wp\/v2\/product"}],"about":[{"href":"https:\/\/myavocado.md\/ru\/wp-json\/wp\/v2\/types\/product"}],"replies":[{"embeddable":true,"href":"https:\/\/myavocado.md\/ru\/wp-json\/wp\/v2\/comments?post=3724"}],"wp:featuredmedia":[{"embeddable":true,"href":"https:\/\/myavocado.md\/ru\/wp-json\/wp\/v2\/media\/10184"}],"wp:attachment":[{"href":"https:\/\/myavocado.md\/ru\/wp-json\/wp\/v2\/media?parent=3724"}],"wp:term":[{"taxonomy":"product_cat","embeddable":true,"href":"https:\/\/myavocado.md\/ru\/wp-json\/wp\/v2\/product_cat?post=3724"},{"taxonomy":"product_tag","embeddable":true,"href":"https:\/\/myavocado.md\/ru\/wp-json\/wp\/v2\/product_tag?post=3724"}],"curies":[{"name":"wp","href":"https:\/\/api.w.org\/{rel}","templated":true}]}}