{"id":3578,"date":"2020-12-09T15:50:16","date_gmt":"2020-03-21T09:11:33","guid":{"rendered":"https:\/\/myavocado.md\/produs\/bals-clatit-dr-s-anti-hair-loss-200-gr\/"},"modified":"2025-09-04T11:16:36","modified_gmt":"2025-09-04T08:16:36","slug":"balsam-clatitor-dr-sante-anti-hair-loss-200ml","status":"publish","type":"product","link":"https:\/\/myavocado.md\/ru\/produs\/balsam-clatitor-dr-sante-anti-hair-loss-200ml\/","title":{"rendered":"\u0411\u0430\u043b\u044c\u0437\u0430\u043c \u0434\u043b\u044f \u0432\u043e\u043b\u043e\u0441 DR.SANTE 200 \u043c\u043b Anti-hair loss"},"content":{"rendered":"<p><strong>DESCRIERE:<\/strong><br \/>\nBalsam pentru p\u0103r fragil \u0219i predispus la c\u0103dere ajut\u0103 la descurcarea p\u0103rului \u0219i \u00eei ofer\u0103 nutri\u021bia indispensabil\u0103, pentru a fi frumos \u0219i s\u0103n\u0103tos.Caracteristici:previne ruperea p\u0103rului\u00eembun\u0103t\u0103\u021be\u0219te structura p\u0103rului\u00eenchide suprafa\u021ba p\u0103rului, care devine astfel mai rezistent<br \/>\nMod de utilizare: Se aplic\u0103 pe p\u0103rul sp\u0103lat \u00een prealabil cu \u0219ampon. Se las\u0103 s\u0103 ac\u021bioneze un timp scurt \u0219i apoi se cl\u0103te\u0219te bine.<\/p>\n<p><strong>INGRIDIENTE:<\/strong><br \/>\nAqua, Cetearyl Alcohol, Dipalmitoylethyl Hydroxyethylmonium Methosulfate, Ceteareth-20, Cetrimonium Chloride, Isopropyl Palmitate, Arginine, Acetyl Tyrosine, PEG-12 Dimethicone, Calcium Pantothenate, Zinc Gluconate, Niacinamide, Ornithine HCL, Polyquaternium-11, Citrulline, Hydrolyzed Soy Protein, Glucosamine HCL, Arctium Majus Root Extract, Panax Ginseng Root Extract, Biotin, Hydrolyzed Lupine Seed Extract, Lepidium Meyenii Root Extract, Plukenetia Volubilis Seed Oil, Parfum, Propanediol, Tetrasodium Glutamate Diacetate, Sodium Benzoate, Citric Acid, Benzoic Acid, Phenoxyethanol, Disodium Succinate.<\/p>\n<p><a href=\"http:\/\/www.elfa.ua\/our_products_are\/vypadenie\/dr-sante-anti-hair-loss\/balzam_2\/\" target=\"_blank\" rel=\"noopener\">Vizualiza\u021bi produsul pe site-ul web al produc\u0103torului<\/a><\/p>\n","protected":false},"excerpt":{"rendered":"<p>DESCRIERE: Balsam pentru p\u0103r fragil \u0219i predispus la c\u0103dere ajut\u0103 la descurcarea p\u0103rului \u0219i \u00eei ofer\u0103 nutri\u021bia indispensabil\u0103, pentru a<\/p>\n","protected":false},"featured_media":34899,"comment_status":"closed","ping_status":"closed","template":"","meta":[],"product_cat":[100,42,73],"product_tag":[],"yoast_head":"<!-- This site is optimized with the Yoast SEO plugin v22.6 - https:\/\/yoast.com\/wordpress\/plugins\/seo\/ -->\n<title>\u0411\u0430\u043b\u044c\u0437\u0430\u043c \u0434\u043b\u044f \u0432\u043e\u043b\u043e\u0441 DR.SANTE 200 \u043c\u043b Anti-hair loss - Avocado Beauty Shop<\/title>\n<meta name=\"robots\" content=\"index, follow, max-snippet:-1, max-image-preview:large, max-video-preview:-1\" \/>\n<link rel=\"canonical\" href=\"https:\/\/myavocado.md\/produs\/balsam-clatitor-dr-sante-anti-hair-loss-200ml\/\" \/>\n<meta property=\"og:locale\" content=\"ru_RU\" \/>\n<meta property=\"og:type\" content=\"article\" \/>\n<meta property=\"og:title\" content=\"[:ro]Balsam pentru par DR.SANTE 200 ml Anti-hair loss[:ru]\u0411\u0430\u043b\u044c\u0437\u0430\u043c \u0434\u043b\u044f \u0432\u043e\u043b\u043e\u0441 DR.SANTE 200 \u043c\u043b Anti-hair loss[:] - Avocado Beauty Shop\" \/>\n<meta property=\"og:description\" content=\"DESCRIERE: Balsam pentru p\u0103r fragil \u0219i predispus la c\u0103dere ajut\u0103 la descurcarea p\u0103rului \u0219i \u00eei ofer\u0103 nutri\u021bia indispensabil\u0103, pentru a\" \/>\n<meta property=\"og:url\" content=\"https:\/\/myavocado.md\/produs\/balsam-clatitor-dr-sante-anti-hair-loss-200ml\/\" \/>\n<meta property=\"og:site_name\" content=\"Avocado Beauty Shop\" \/>\n<meta property=\"article:modified_time\" content=\"2025-09-04T08:16:36+00:00\" \/>\n<meta property=\"og:image\" content=\"https:\/\/myavocado.md\/wp-content\/uploads\/2020\/12\/25129dac-a981-11e5-9a95-0050569c1486_4823015936616.png\" \/>\n\t<meta property=\"og:image:width\" content=\"500\" \/>\n\t<meta property=\"og:image:height\" content=\"700\" \/>\n\t<meta property=\"og:image:type\" content=\"image\/png\" \/>\n<meta name=\"twitter:card\" content=\"summary_large_image\" \/>\n<meta name=\"twitter:label1\" content=\"\u041f\u0440\u0438\u043c\u0435\u0440\u043d\u043e\u0435 \u0432\u0440\u0435\u043c\u044f \u0434\u043b\u044f \u0447\u0442\u0435\u043d\u0438\u044f\" \/>\n\t<meta name=\"twitter:data1\" content=\"1 \u043c\u0438\u043d\u0443\u0442\u0430\" \/>\n<script type=\"application\/ld+json\" class=\"yoast-schema-graph\">{\"@context\":\"https:\/\/schema.org\",\"@graph\":[{\"@type\":\"WebPage\",\"@id\":\"https:\/\/myavocado.md\/produs\/balsam-clatitor-dr-sante-anti-hair-loss-200ml\/\",\"url\":\"https:\/\/myavocado.md\/produs\/balsam-clatitor-dr-sante-anti-hair-loss-200ml\/\",\"name\":\"[:ro]Balsam pentru par DR.SANTE 200 ml Anti-hair loss[:ru]\u0411\u0430\u043b\u044c\u0437\u0430\u043c \u0434\u043b\u044f \u0432\u043e\u043b\u043e\u0441 DR.SANTE 200 \u043c\u043b Anti-hair loss[:] - Avocado Beauty Shop\",\"isPartOf\":{\"@id\":\"https:\/\/myavocado.md\/ru\/#website\"},\"primaryImageOfPage\":{\"@id\":\"https:\/\/myavocado.md\/produs\/balsam-clatitor-dr-sante-anti-hair-loss-200ml\/#primaryimage\"},\"image\":{\"@id\":\"https:\/\/myavocado.md\/produs\/balsam-clatitor-dr-sante-anti-hair-loss-200ml\/#primaryimage\"},\"thumbnailUrl\":\"https:\/\/myavocado.md\/wp-content\/uploads\/2020\/12\/25129dac-a981-11e5-9a95-0050569c1486_4823015936616.png\",\"datePublished\":\"2020-03-21T09:11:33+00:00\",\"dateModified\":\"2025-09-04T08:16:36+00:00\",\"breadcrumb\":{\"@id\":\"https:\/\/myavocado.md\/produs\/balsam-clatitor-dr-sante-anti-hair-loss-200ml\/#breadcrumb\"},\"inLanguage\":\"ru-RU\",\"potentialAction\":[{\"@type\":\"ReadAction\",\"target\":[\"https:\/\/myavocado.md\/produs\/balsam-clatitor-dr-sante-anti-hair-loss-200ml\/\"]}]},{\"@type\":\"ImageObject\",\"inLanguage\":\"ru-RU\",\"@id\":\"https:\/\/myavocado.md\/produs\/balsam-clatitor-dr-sante-anti-hair-loss-200ml\/#primaryimage\",\"url\":\"https:\/\/myavocado.md\/wp-content\/uploads\/2020\/12\/25129dac-a981-11e5-9a95-0050569c1486_4823015936616.png\",\"contentUrl\":\"https:\/\/myavocado.md\/wp-content\/uploads\/2020\/12\/25129dac-a981-11e5-9a95-0050569c1486_4823015936616.png\",\"width\":500,\"height\":700},{\"@type\":\"BreadcrumbList\",\"@id\":\"https:\/\/myavocado.md\/produs\/balsam-clatitor-dr-sante-anti-hair-loss-200ml\/#breadcrumb\",\"itemListElement\":[{\"@type\":\"ListItem\",\"position\":1,\"name\":\"Prima pagin\u0103\",\"item\":\"https:\/\/myavocado.md\/\"},{\"@type\":\"ListItem\",\"position\":2,\"name\":\"\u041c\u0430\u0433\u0430\u0437\u0438\u043d\",\"item\":\"https:\/\/myavocado.md\/ru\/magazin\/\"},{\"@type\":\"ListItem\",\"position\":3,\"name\":\"Balsam pentru par DR.SANTE 200 ml Anti-hair loss\"}]},{\"@type\":\"WebSite\",\"@id\":\"https:\/\/myavocado.md\/ru\/#website\",\"url\":\"https:\/\/myavocado.md\/ru\/\",\"name\":\"Avocado Beauty Shop\",\"description\":\"Alege inteligent! Economise\u0219te energie \u0219i bani!\",\"publisher\":{\"@id\":\"https:\/\/myavocado.md\/ru\/#organization\"},\"potentialAction\":[{\"@type\":\"SearchAction\",\"target\":{\"@type\":\"EntryPoint\",\"urlTemplate\":\"https:\/\/myavocado.md\/ru\/?s={search_term_string}\"},\"query-input\":\"required name=search_term_string\"}],\"inLanguage\":\"ru-RU\"},{\"@type\":\"Organization\",\"@id\":\"https:\/\/myavocado.md\/ru\/#organization\",\"name\":\"MyAvocado\",\"url\":\"https:\/\/myavocado.md\/ru\/\",\"logo\":{\"@type\":\"ImageObject\",\"inLanguage\":\"ru-RU\",\"@id\":\"https:\/\/myavocado.md\/ru\/#\/schema\/logo\/image\/\",\"url\":\"https:\/\/myavocado.md\/wp-content\/uploads\/2020\/03\/logo-dark.png\",\"contentUrl\":\"https:\/\/myavocado.md\/wp-content\/uploads\/2020\/03\/logo-dark.png\",\"width\":714,\"height\":221,\"caption\":\"MyAvocado\"},\"image\":{\"@id\":\"https:\/\/myavocado.md\/ru\/#\/schema\/logo\/image\/\"}}]}<\/script>\n<!-- \/ Yoast SEO plugin. -->","yoast_head_json":{"title":"[:ro]Balsam pentru par DR.SANTE 200 ml Anti-hair loss[:ru]\u0411\u0430\u043b\u044c\u0437\u0430\u043c \u0434\u043b\u044f \u0432\u043e\u043b\u043e\u0441 DR.SANTE 200 \u043c\u043b Anti-hair loss[:] - Avocado Beauty Shop","robots":{"index":"index","follow":"follow","max-snippet":"max-snippet:-1","max-image-preview":"max-image-preview:large","max-video-preview":"max-video-preview:-1"},"canonical":"https:\/\/myavocado.md\/produs\/balsam-clatitor-dr-sante-anti-hair-loss-200ml\/","og_locale":"ru_RU","og_type":"article","og_title":"[:ro]Balsam pentru par DR.SANTE 200 ml Anti-hair loss[:ru]\u0411\u0430\u043b\u044c\u0437\u0430\u043c \u0434\u043b\u044f \u0432\u043e\u043b\u043e\u0441 DR.SANTE 200 \u043c\u043b Anti-hair loss[:] - Avocado Beauty Shop","og_description":"DESCRIERE: Balsam pentru p\u0103r fragil \u0219i predispus la c\u0103dere ajut\u0103 la descurcarea p\u0103rului \u0219i \u00eei ofer\u0103 nutri\u021bia indispensabil\u0103, pentru a","og_url":"https:\/\/myavocado.md\/produs\/balsam-clatitor-dr-sante-anti-hair-loss-200ml\/","og_site_name":"Avocado Beauty Shop","article_modified_time":"2025-09-04T08:16:36+00:00","og_image":[{"width":500,"height":700,"url":"https:\/\/myavocado.md\/wp-content\/uploads\/2020\/12\/25129dac-a981-11e5-9a95-0050569c1486_4823015936616.png","type":"image\/png"}],"twitter_card":"summary_large_image","twitter_misc":{"\u041f\u0440\u0438\u043c\u0435\u0440\u043d\u043e\u0435 \u0432\u0440\u0435\u043c\u044f \u0434\u043b\u044f \u0447\u0442\u0435\u043d\u0438\u044f":"1 \u043c\u0438\u043d\u0443\u0442\u0430"},"schema":{"@context":"https:\/\/schema.org","@graph":[{"@type":"WebPage","@id":"https:\/\/myavocado.md\/produs\/balsam-clatitor-dr-sante-anti-hair-loss-200ml\/","url":"https:\/\/myavocado.md\/produs\/balsam-clatitor-dr-sante-anti-hair-loss-200ml\/","name":"[:ro]Balsam pentru par DR.SANTE 200 ml Anti-hair loss[:ru]\u0411\u0430\u043b\u044c\u0437\u0430\u043c \u0434\u043b\u044f \u0432\u043e\u043b\u043e\u0441 DR.SANTE 200 \u043c\u043b Anti-hair loss[:] - Avocado Beauty Shop","isPartOf":{"@id":"https:\/\/myavocado.md\/ru\/#website"},"primaryImageOfPage":{"@id":"https:\/\/myavocado.md\/produs\/balsam-clatitor-dr-sante-anti-hair-loss-200ml\/#primaryimage"},"image":{"@id":"https:\/\/myavocado.md\/produs\/balsam-clatitor-dr-sante-anti-hair-loss-200ml\/#primaryimage"},"thumbnailUrl":"https:\/\/myavocado.md\/wp-content\/uploads\/2020\/12\/25129dac-a981-11e5-9a95-0050569c1486_4823015936616.png","datePublished":"2020-03-21T09:11:33+00:00","dateModified":"2025-09-04T08:16:36+00:00","breadcrumb":{"@id":"https:\/\/myavocado.md\/produs\/balsam-clatitor-dr-sante-anti-hair-loss-200ml\/#breadcrumb"},"inLanguage":"ru-RU","potentialAction":[{"@type":"ReadAction","target":["https:\/\/myavocado.md\/produs\/balsam-clatitor-dr-sante-anti-hair-loss-200ml\/"]}]},{"@type":"ImageObject","inLanguage":"ru-RU","@id":"https:\/\/myavocado.md\/produs\/balsam-clatitor-dr-sante-anti-hair-loss-200ml\/#primaryimage","url":"https:\/\/myavocado.md\/wp-content\/uploads\/2020\/12\/25129dac-a981-11e5-9a95-0050569c1486_4823015936616.png","contentUrl":"https:\/\/myavocado.md\/wp-content\/uploads\/2020\/12\/25129dac-a981-11e5-9a95-0050569c1486_4823015936616.png","width":500,"height":700},{"@type":"BreadcrumbList","@id":"https:\/\/myavocado.md\/produs\/balsam-clatitor-dr-sante-anti-hair-loss-200ml\/#breadcrumb","itemListElement":[{"@type":"ListItem","position":1,"name":"Prima pagin\u0103","item":"https:\/\/myavocado.md\/"},{"@type":"ListItem","position":2,"name":"\u041c\u0430\u0433\u0430\u0437\u0438\u043d","item":"https:\/\/myavocado.md\/ru\/magazin\/"},{"@type":"ListItem","position":3,"name":"Balsam pentru par DR.SANTE 200 ml Anti-hair loss"}]},{"@type":"WebSite","@id":"https:\/\/myavocado.md\/ru\/#website","url":"https:\/\/myavocado.md\/ru\/","name":"Avocado Beauty Shop","description":"Alege inteligent! Economise\u0219te energie \u0219i bani!","publisher":{"@id":"https:\/\/myavocado.md\/ru\/#organization"},"potentialAction":[{"@type":"SearchAction","target":{"@type":"EntryPoint","urlTemplate":"https:\/\/myavocado.md\/ru\/?s={search_term_string}"},"query-input":"required name=search_term_string"}],"inLanguage":"ru-RU"},{"@type":"Organization","@id":"https:\/\/myavocado.md\/ru\/#organization","name":"MyAvocado","url":"https:\/\/myavocado.md\/ru\/","logo":{"@type":"ImageObject","inLanguage":"ru-RU","@id":"https:\/\/myavocado.md\/ru\/#\/schema\/logo\/image\/","url":"https:\/\/myavocado.md\/wp-content\/uploads\/2020\/03\/logo-dark.png","contentUrl":"https:\/\/myavocado.md\/wp-content\/uploads\/2020\/03\/logo-dark.png","width":714,"height":221,"caption":"MyAvocado"},"image":{"@id":"https:\/\/myavocado.md\/ru\/#\/schema\/logo\/image\/"}}]}},"_links":{"self":[{"href":"https:\/\/myavocado.md\/ru\/wp-json\/wp\/v2\/product\/3578"}],"collection":[{"href":"https:\/\/myavocado.md\/ru\/wp-json\/wp\/v2\/product"}],"about":[{"href":"https:\/\/myavocado.md\/ru\/wp-json\/wp\/v2\/types\/product"}],"replies":[{"embeddable":true,"href":"https:\/\/myavocado.md\/ru\/wp-json\/wp\/v2\/comments?post=3578"}],"wp:featuredmedia":[{"embeddable":true,"href":"https:\/\/myavocado.md\/ru\/wp-json\/wp\/v2\/media\/34899"}],"wp:attachment":[{"href":"https:\/\/myavocado.md\/ru\/wp-json\/wp\/v2\/media?parent=3578"}],"wp:term":[{"taxonomy":"product_cat","embeddable":true,"href":"https:\/\/myavocado.md\/ru\/wp-json\/wp\/v2\/product_cat?post=3578"},{"taxonomy":"product_tag","embeddable":true,"href":"https:\/\/myavocado.md\/ru\/wp-json\/wp\/v2\/product_tag?post=3578"}],"curies":[{"name":"wp","href":"https:\/\/api.w.org\/{rel}","templated":true}]}}