{"id":20706,"date":"2020-10-09T15:05:12","date_gmt":"2020-10-09T12:05:12","guid":{"rendered":"https:\/\/myavocado.md\/?post_type=product&#038;p=20706"},"modified":"2025-11-19T12:26:25","modified_gmt":"2025-11-19T10:26:25","slug":"pasta-de-dinti-pentru-copii-aquafresh-50-ml-splash-3-8-ani","status":"publish","type":"product","link":"https:\/\/myavocado.md\/ru\/produs\/pasta-de-dinti-pentru-copii-aquafresh-50-ml-splash-3-8-ani\/","title":{"rendered":"\u0417\u0443\u0431\u043d\u0430\u044f \u043f\u0430\u0441\u0442\u0430 \u0434\u043b\u044f \u0434\u0435\u0442\u0435\u0439 AQUAFRESH 50 \u043c\u043b Splash 3-8 \u043b\u0435\u0442"},"content":{"rendered":"<h1><a href=\"https:\/\/myavocado.md\/?s=aquafresh&amp;post_type=product\" target=\"_blank\" rel=\"noopener noreferrer\">Aquafresh<\/a><\/h1>\n<p>Aquafresh Splash are un gust proasp\u0103t pentru a \u00eencuraja periajul.<\/p>\n<ul>\n<li>Din\u021bi puternici<\/li>\n<li>Gingii s\u0103n\u0103toase<\/li>\n<li>Respira\u021bie proasp\u0103t\u0103<\/li>\n<\/ul>\n<p>Smal\u021bul din\u021bilor de lapte este cu 50% mai sub\u021bire dec\u00e2t smal\u021bul din\u021bilor adul\u021bilor \u0219i este mai vulnerabil la atacul acizilor din zahaturi care pot crea carii. Pata de din\u021bi Aquafresh Splash a fost special conceput\u0103 de c\u00e2tre exper\u021bi \u00een stomatologie pentru copii cu v\u00e2rsta \u00eentre 3 \u0219i 8 ani pentru o cur\u0103\u021bare temeinic\u0103 combinat\u0103 cu o pl\u0103cut\u0103 \u00a0arom\u0103 de c\u0103p\u0219uni \u0219i ment\u0103.<\/p>\n","protected":false},"excerpt":{"rendered":"<p>Aquafresh Aquafresh Splash are un gust proasp\u0103t pentru a \u00eencuraja periajul. Din\u021bi puternici Gingii s\u0103n\u0103toase Respira\u021bie proasp\u0103t\u0103 Smal\u021bul din\u021bilor de<\/p>\n","protected":false},"featured_media":20707,"comment_status":"closed","ping_status":"closed","template":"","meta":[],"product_cat":[152,81,41],"product_tag":[],"yoast_head":"<!-- This site is optimized with the Yoast SEO plugin v22.6 - https:\/\/yoast.com\/wordpress\/plugins\/seo\/ -->\n<title>\u0417\u0443\u0431\u043d\u0430\u044f \u043f\u0430\u0441\u0442\u0430 \u0434\u043b\u044f \u0434\u0435\u0442\u0435\u0439 AQUAFRESH 50 \u043c\u043b Splash 3-8 \u043b\u0435\u0442 - Avocado Beauty Shop<\/title>\n<meta name=\"robots\" content=\"index, follow, max-snippet:-1, max-image-preview:large, max-video-preview:-1\" \/>\n<link rel=\"canonical\" href=\"https:\/\/myavocado.md\/produs\/pasta-de-dinti-pentru-copii-aquafresh-50-ml-splash-3-8-ani\/\" \/>\n<meta property=\"og:locale\" content=\"ru_RU\" \/>\n<meta property=\"og:type\" content=\"article\" \/>\n<meta property=\"og:title\" content=\"[:ro]Pasta de dinti pentru copii AQUAFRESH 50 ml Splash 3-8 ani[:ru]\u0417\u0443\u0431\u043d\u0430\u044f \u043f\u0430\u0441\u0442\u0430 \u0434\u043b\u044f \u0434\u0435\u0442\u0435\u0439 AQUAFRESH 50 \u043c\u043b Splash 3-8 \u043b\u0435\u0442[:] - Avocado Beauty Shop\" \/>\n<meta property=\"og:description\" content=\"Aquafresh Aquafresh Splash are un gust proasp\u0103t pentru a \u00eencuraja periajul. Din\u021bi puternici Gingii s\u0103n\u0103toase Respira\u021bie proasp\u0103t\u0103 Smal\u021bul din\u021bilor de\" \/>\n<meta property=\"og:url\" content=\"https:\/\/myavocado.md\/produs\/pasta-de-dinti-pentru-copii-aquafresh-50-ml-splash-3-8-ani\/\" \/>\n<meta property=\"og:site_name\" content=\"Avocado Beauty Shop\" \/>\n<meta property=\"article:modified_time\" content=\"2025-11-19T10:26:25+00:00\" \/>\n<meta property=\"og:image\" content=\"https:\/\/myavocado.md\/wp-content\/uploads\/2020\/10\/5054563089472_aquafresh.jpg\" \/>\n\t<meta property=\"og:image:width\" content=\"500\" \/>\n\t<meta property=\"og:image:height\" content=\"700\" \/>\n\t<meta property=\"og:image:type\" content=\"image\/jpeg\" \/>\n<meta name=\"twitter:card\" content=\"summary_large_image\" \/>\n<script type=\"application\/ld+json\" class=\"yoast-schema-graph\">{\"@context\":\"https:\/\/schema.org\",\"@graph\":[{\"@type\":\"WebPage\",\"@id\":\"https:\/\/myavocado.md\/produs\/pasta-de-dinti-pentru-copii-aquafresh-50-ml-splash-3-8-ani\/\",\"url\":\"https:\/\/myavocado.md\/produs\/pasta-de-dinti-pentru-copii-aquafresh-50-ml-splash-3-8-ani\/\",\"name\":\"[:ro]Pasta de dinti pentru copii AQUAFRESH 50 ml Splash 3-8 ani[:ru]\u0417\u0443\u0431\u043d\u0430\u044f \u043f\u0430\u0441\u0442\u0430 \u0434\u043b\u044f \u0434\u0435\u0442\u0435\u0439 AQUAFRESH 50 \u043c\u043b Splash 3-8 \u043b\u0435\u0442[:] - Avocado Beauty Shop\",\"isPartOf\":{\"@id\":\"https:\/\/myavocado.md\/ru\/#website\"},\"primaryImageOfPage\":{\"@id\":\"https:\/\/myavocado.md\/produs\/pasta-de-dinti-pentru-copii-aquafresh-50-ml-splash-3-8-ani\/#primaryimage\"},\"image\":{\"@id\":\"https:\/\/myavocado.md\/produs\/pasta-de-dinti-pentru-copii-aquafresh-50-ml-splash-3-8-ani\/#primaryimage\"},\"thumbnailUrl\":\"https:\/\/myavocado.md\/wp-content\/uploads\/2020\/10\/5054563089472_aquafresh.jpg\",\"datePublished\":\"2020-10-09T12:05:12+00:00\",\"dateModified\":\"2025-11-19T10:26:25+00:00\",\"breadcrumb\":{\"@id\":\"https:\/\/myavocado.md\/produs\/pasta-de-dinti-pentru-copii-aquafresh-50-ml-splash-3-8-ani\/#breadcrumb\"},\"inLanguage\":\"ru-RU\",\"potentialAction\":[{\"@type\":\"ReadAction\",\"target\":[\"https:\/\/myavocado.md\/produs\/pasta-de-dinti-pentru-copii-aquafresh-50-ml-splash-3-8-ani\/\"]}]},{\"@type\":\"ImageObject\",\"inLanguage\":\"ru-RU\",\"@id\":\"https:\/\/myavocado.md\/produs\/pasta-de-dinti-pentru-copii-aquafresh-50-ml-splash-3-8-ani\/#primaryimage\",\"url\":\"https:\/\/myavocado.md\/wp-content\/uploads\/2020\/10\/5054563089472_aquafresh.jpg\",\"contentUrl\":\"https:\/\/myavocado.md\/wp-content\/uploads\/2020\/10\/5054563089472_aquafresh.jpg\",\"width\":500,\"height\":700},{\"@type\":\"BreadcrumbList\",\"@id\":\"https:\/\/myavocado.md\/produs\/pasta-de-dinti-pentru-copii-aquafresh-50-ml-splash-3-8-ani\/#breadcrumb\",\"itemListElement\":[{\"@type\":\"ListItem\",\"position\":1,\"name\":\"Prima pagin\u0103\",\"item\":\"https:\/\/myavocado.md\/\"},{\"@type\":\"ListItem\",\"position\":2,\"name\":\"\u041c\u0430\u0433\u0430\u0437\u0438\u043d\",\"item\":\"https:\/\/myavocado.md\/ru\/magazin\/\"},{\"@type\":\"ListItem\",\"position\":3,\"name\":\"Pasta de dinti pentru copii AQUAFRESH 50 ml Splash 3-8 ani\"}]},{\"@type\":\"WebSite\",\"@id\":\"https:\/\/myavocado.md\/ru\/#website\",\"url\":\"https:\/\/myavocado.md\/ru\/\",\"name\":\"Avocado Beauty Shop\",\"description\":\"Alege inteligent! Economise\u0219te energie \u0219i bani!\",\"publisher\":{\"@id\":\"https:\/\/myavocado.md\/ru\/#organization\"},\"potentialAction\":[{\"@type\":\"SearchAction\",\"target\":{\"@type\":\"EntryPoint\",\"urlTemplate\":\"https:\/\/myavocado.md\/ru\/?s={search_term_string}\"},\"query-input\":\"required name=search_term_string\"}],\"inLanguage\":\"ru-RU\"},{\"@type\":\"Organization\",\"@id\":\"https:\/\/myavocado.md\/ru\/#organization\",\"name\":\"MyAvocado\",\"url\":\"https:\/\/myavocado.md\/ru\/\",\"logo\":{\"@type\":\"ImageObject\",\"inLanguage\":\"ru-RU\",\"@id\":\"https:\/\/myavocado.md\/ru\/#\/schema\/logo\/image\/\",\"url\":\"https:\/\/myavocado.md\/wp-content\/uploads\/2020\/03\/logo-dark.png\",\"contentUrl\":\"https:\/\/myavocado.md\/wp-content\/uploads\/2020\/03\/logo-dark.png\",\"width\":714,\"height\":221,\"caption\":\"MyAvocado\"},\"image\":{\"@id\":\"https:\/\/myavocado.md\/ru\/#\/schema\/logo\/image\/\"}}]}<\/script>\n<!-- \/ Yoast SEO plugin. -->","yoast_head_json":{"title":"[:ro]Pasta de dinti pentru copii AQUAFRESH 50 ml Splash 3-8 ani[:ru]\u0417\u0443\u0431\u043d\u0430\u044f \u043f\u0430\u0441\u0442\u0430 \u0434\u043b\u044f \u0434\u0435\u0442\u0435\u0439 AQUAFRESH 50 \u043c\u043b Splash 3-8 \u043b\u0435\u0442[:] - Avocado Beauty Shop","robots":{"index":"index","follow":"follow","max-snippet":"max-snippet:-1","max-image-preview":"max-image-preview:large","max-video-preview":"max-video-preview:-1"},"canonical":"https:\/\/myavocado.md\/produs\/pasta-de-dinti-pentru-copii-aquafresh-50-ml-splash-3-8-ani\/","og_locale":"ru_RU","og_type":"article","og_title":"[:ro]Pasta de dinti pentru copii AQUAFRESH 50 ml Splash 3-8 ani[:ru]\u0417\u0443\u0431\u043d\u0430\u044f \u043f\u0430\u0441\u0442\u0430 \u0434\u043b\u044f \u0434\u0435\u0442\u0435\u0439 AQUAFRESH 50 \u043c\u043b Splash 3-8 \u043b\u0435\u0442[:] - Avocado Beauty Shop","og_description":"Aquafresh Aquafresh Splash are un gust proasp\u0103t pentru a \u00eencuraja periajul. Din\u021bi puternici Gingii s\u0103n\u0103toase Respira\u021bie proasp\u0103t\u0103 Smal\u021bul din\u021bilor de","og_url":"https:\/\/myavocado.md\/produs\/pasta-de-dinti-pentru-copii-aquafresh-50-ml-splash-3-8-ani\/","og_site_name":"Avocado Beauty Shop","article_modified_time":"2025-11-19T10:26:25+00:00","og_image":[{"width":500,"height":700,"url":"https:\/\/myavocado.md\/wp-content\/uploads\/2020\/10\/5054563089472_aquafresh.jpg","type":"image\/jpeg"}],"twitter_card":"summary_large_image","schema":{"@context":"https:\/\/schema.org","@graph":[{"@type":"WebPage","@id":"https:\/\/myavocado.md\/produs\/pasta-de-dinti-pentru-copii-aquafresh-50-ml-splash-3-8-ani\/","url":"https:\/\/myavocado.md\/produs\/pasta-de-dinti-pentru-copii-aquafresh-50-ml-splash-3-8-ani\/","name":"[:ro]Pasta de dinti pentru copii AQUAFRESH 50 ml Splash 3-8 ani[:ru]\u0417\u0443\u0431\u043d\u0430\u044f \u043f\u0430\u0441\u0442\u0430 \u0434\u043b\u044f \u0434\u0435\u0442\u0435\u0439 AQUAFRESH 50 \u043c\u043b Splash 3-8 \u043b\u0435\u0442[:] - Avocado Beauty Shop","isPartOf":{"@id":"https:\/\/myavocado.md\/ru\/#website"},"primaryImageOfPage":{"@id":"https:\/\/myavocado.md\/produs\/pasta-de-dinti-pentru-copii-aquafresh-50-ml-splash-3-8-ani\/#primaryimage"},"image":{"@id":"https:\/\/myavocado.md\/produs\/pasta-de-dinti-pentru-copii-aquafresh-50-ml-splash-3-8-ani\/#primaryimage"},"thumbnailUrl":"https:\/\/myavocado.md\/wp-content\/uploads\/2020\/10\/5054563089472_aquafresh.jpg","datePublished":"2020-10-09T12:05:12+00:00","dateModified":"2025-11-19T10:26:25+00:00","breadcrumb":{"@id":"https:\/\/myavocado.md\/produs\/pasta-de-dinti-pentru-copii-aquafresh-50-ml-splash-3-8-ani\/#breadcrumb"},"inLanguage":"ru-RU","potentialAction":[{"@type":"ReadAction","target":["https:\/\/myavocado.md\/produs\/pasta-de-dinti-pentru-copii-aquafresh-50-ml-splash-3-8-ani\/"]}]},{"@type":"ImageObject","inLanguage":"ru-RU","@id":"https:\/\/myavocado.md\/produs\/pasta-de-dinti-pentru-copii-aquafresh-50-ml-splash-3-8-ani\/#primaryimage","url":"https:\/\/myavocado.md\/wp-content\/uploads\/2020\/10\/5054563089472_aquafresh.jpg","contentUrl":"https:\/\/myavocado.md\/wp-content\/uploads\/2020\/10\/5054563089472_aquafresh.jpg","width":500,"height":700},{"@type":"BreadcrumbList","@id":"https:\/\/myavocado.md\/produs\/pasta-de-dinti-pentru-copii-aquafresh-50-ml-splash-3-8-ani\/#breadcrumb","itemListElement":[{"@type":"ListItem","position":1,"name":"Prima pagin\u0103","item":"https:\/\/myavocado.md\/"},{"@type":"ListItem","position":2,"name":"\u041c\u0430\u0433\u0430\u0437\u0438\u043d","item":"https:\/\/myavocado.md\/ru\/magazin\/"},{"@type":"ListItem","position":3,"name":"Pasta de dinti pentru copii AQUAFRESH 50 ml Splash 3-8 ani"}]},{"@type":"WebSite","@id":"https:\/\/myavocado.md\/ru\/#website","url":"https:\/\/myavocado.md\/ru\/","name":"Avocado Beauty Shop","description":"Alege inteligent! Economise\u0219te energie \u0219i bani!","publisher":{"@id":"https:\/\/myavocado.md\/ru\/#organization"},"potentialAction":[{"@type":"SearchAction","target":{"@type":"EntryPoint","urlTemplate":"https:\/\/myavocado.md\/ru\/?s={search_term_string}"},"query-input":"required name=search_term_string"}],"inLanguage":"ru-RU"},{"@type":"Organization","@id":"https:\/\/myavocado.md\/ru\/#organization","name":"MyAvocado","url":"https:\/\/myavocado.md\/ru\/","logo":{"@type":"ImageObject","inLanguage":"ru-RU","@id":"https:\/\/myavocado.md\/ru\/#\/schema\/logo\/image\/","url":"https:\/\/myavocado.md\/wp-content\/uploads\/2020\/03\/logo-dark.png","contentUrl":"https:\/\/myavocado.md\/wp-content\/uploads\/2020\/03\/logo-dark.png","width":714,"height":221,"caption":"MyAvocado"},"image":{"@id":"https:\/\/myavocado.md\/ru\/#\/schema\/logo\/image\/"}}]}},"_links":{"self":[{"href":"https:\/\/myavocado.md\/ru\/wp-json\/wp\/v2\/product\/20706"}],"collection":[{"href":"https:\/\/myavocado.md\/ru\/wp-json\/wp\/v2\/product"}],"about":[{"href":"https:\/\/myavocado.md\/ru\/wp-json\/wp\/v2\/types\/product"}],"replies":[{"embeddable":true,"href":"https:\/\/myavocado.md\/ru\/wp-json\/wp\/v2\/comments?post=20706"}],"wp:featuredmedia":[{"embeddable":true,"href":"https:\/\/myavocado.md\/ru\/wp-json\/wp\/v2\/media\/20707"}],"wp:attachment":[{"href":"https:\/\/myavocado.md\/ru\/wp-json\/wp\/v2\/media?parent=20706"}],"wp:term":[{"taxonomy":"product_cat","embeddable":true,"href":"https:\/\/myavocado.md\/ru\/wp-json\/wp\/v2\/product_cat?post=20706"},{"taxonomy":"product_tag","embeddable":true,"href":"https:\/\/myavocado.md\/ru\/wp-json\/wp\/v2\/product_tag?post=20706"}],"curies":[{"name":"wp","href":"https:\/\/api.w.org\/{rel}","templated":true}]}}