{"id":19615,"date":"2020-12-09T16:37:09","date_gmt":"2020-12-09T14:37:09","guid":{"rendered":"https:\/\/myavocado.md\/?post_type=product&#038;p=19615"},"modified":"2025-08-05T11:18:27","modified_gmt":"2025-08-05T08:18:27","slug":"spuma-pentru-fata-eveline-150-ml-i-love-vegan-food-curatare-si-hidratare","status":"publish","type":"product","link":"https:\/\/myavocado.md\/ru\/produs\/spuma-pentru-fata-eveline-150-ml-i-love-vegan-food-curatare-si-hidratare\/","title":{"rendered":"\u041f\u0435\u043d\u0430 \u0434\u043b\u044f \u0443\u043c\u044b\u0432\u0430\u043d\u0438\u044f EVELINE I LOVE VEGAN FOOD 150 \u043c\u043b Curatare \u0438 hidratare"},"content":{"rendered":"<h1><a href=\"https:\/\/myavocado.md\/?s=eveline&amp;post_type=product\">Eveline<\/a><\/h1>\n<p><strong>DESCRIERE:<\/strong><\/p>\n<p>Spum\u0103\u00a0 pentru cur\u0103\u021barea tenului <a href=\"https:\/\/myavocado.md\/?s=I+LOVE+VEGAN+FOOD&amp;post_type=product\">I LOVE VEGAN FOOD<\/a>,\u00a0 pe baz\u0103 de ap\u0103 de cocos \u0219i aloe vera, cur\u0103\u021b\u0103 delicat \u0219i \u00eemprosp\u0103teaz\u0103 tenul.<\/p>\n<p>Textura fin\u0103 \u0219i cremoas\u0103 \u00eenl\u0103tur\u0103 instant murd\u0103ria, cur\u0103\u021b\u0103 porii f\u0103r\u0103 s\u0103 usuce pielea. Intens hr\u0103ne\u0219te, hidrateaz\u0103, vitaminizeaz\u0103 \u0219i \u00eenl\u0103tur\u0103 ro\u0219ea\u021ba \u0219i irita\u021biile.<\/p>\n<ul>\n<li>100% ALOE VERA natural \u2013 calmeaz\u0103 pielea, elimin\u0103 irita\u021biile, previne apari\u021bia acneei.<\/li>\n<li>APA DE COCOS- hidrateaz\u0103 profund, regenereaz\u0103, hr\u0103ne\u0219te tenul.<\/li>\n<li>CEAI VERDE- cur\u0103\u021b\u0103 porii, \u00eenbun\u0103t\u0103\u021be\u0219te culoarea tenului.<\/li>\n<li>COMPLEX PROBIOTICE \u2013 \u00cent\u0103re\u0219te stratul de protec\u021bie natural al pielii.<\/li>\n<\/ul>\n<p><strong>MOD DE FOLOSIRE:<\/strong><\/p>\n<p>Aplica\u021bi o cantitate suficient\u0103 de produs pe tenul umed, masa\u021bi u\u0219or dup\u0103 care cl\u0103ti\u021bi cu de ap\u0103 cald\u0103.<\/p>\n<p><strong>INGRIDIENTE:<\/strong><\/p>\n<p>AQUA, STEARIC ACID, GLYCERIN, POTASSIUM HYDROXIDE, COCAMIDOPROPYL BETAINE, ALOE BARBADENSIS LEAF JUICE, COCOS NUCIFERA OIL, COCOS NUCIFERA WATER, COCOS NUCIFERA WATER, COCOS NUCIFERA FRUIT JUICE, BAMBUSA ARUNDINACEA LEAF EXTRACT, CAMELIA SINENSIS LEAF EXTRACT, INULIN, ALPHA-GLUCAN OLIGOSACCHARIDE, PARFUM, XANTHAN GUM, PROPYLENE GLYCOL, DISODIUM EDTA, CITRIC ACID, METHYLCHLOROISOTHAIAZOLINONE, METHYLISOTHIAZOLINONE, SODIUM BEZNOATE, POTASSIUM SORBATE, LINALOOL.<\/p>\n<p><a href=\"https:\/\/ru.eveline.eu\/ocisause-uvlaznausaa-penka-dla-umyvania-i-love-vegan-food\" target=\"_blank\" rel=\"noopener noreferrer\">Vizualiza\u021bi produsul pe site-ul web al produc\u0103torului<\/a><\/p>\n","protected":false},"excerpt":{"rendered":"<p>Eveline DESCRIERE: Spum\u0103\u00a0 pentru cur\u0103\u021barea tenului I LOVE VEGAN FOOD,\u00a0 pe baz\u0103 de ap\u0103 de cocos \u0219i aloe vera, cur\u0103\u021b\u0103<\/p>\n","protected":false},"featured_media":19616,"comment_status":"closed","ping_status":"closed","template":"","meta":[],"product_cat":[133,40,78],"product_tag":[],"yoast_head":"<!-- This site is optimized with the Yoast SEO plugin v22.6 - https:\/\/yoast.com\/wordpress\/plugins\/seo\/ -->\n<title>\u041f\u0435\u043d\u0430 \u0434\u043b\u044f \u0443\u043c\u044b\u0432\u0430\u043d\u0438\u044f EVELINE I LOVE VEGAN FOOD 150 \u043c\u043b Curatare \u0438 hidratare - Avocado Beauty Shop<\/title>\n<meta name=\"robots\" content=\"index, follow, max-snippet:-1, max-image-preview:large, max-video-preview:-1\" \/>\n<link rel=\"canonical\" href=\"https:\/\/myavocado.md\/produs\/spuma-pentru-fata-eveline-150-ml-i-love-vegan-food-curatare-si-hidratare\/\" \/>\n<meta property=\"og:locale\" content=\"ru_RU\" \/>\n<meta property=\"og:type\" content=\"article\" \/>\n<meta property=\"og:title\" content=\"[:ro]Spuma pentru fata EVELINE I LOVE VEGAN FOOD 150 ml Curatare si hidratare[:ru]\u041f\u0435\u043d\u0430 \u0434\u043b\u044f \u0443\u043c\u044b\u0432\u0430\u043d\u0438\u044f EVELINE I LOVE VEGAN FOOD 150 \u043c\u043b Curatare \u0438 hidratare[:] - Avocado Beauty Shop\" \/>\n<meta property=\"og:description\" content=\"Eveline DESCRIERE: Spum\u0103\u00a0 pentru cur\u0103\u021barea tenului I LOVE VEGAN FOOD,\u00a0 pe baz\u0103 de ap\u0103 de cocos \u0219i aloe vera, cur\u0103\u021b\u0103\" \/>\n<meta property=\"og:url\" content=\"https:\/\/myavocado.md\/produs\/spuma-pentru-fata-eveline-150-ml-i-love-vegan-food-curatare-si-hidratare\/\" \/>\n<meta property=\"og:site_name\" content=\"Avocado Beauty Shop\" \/>\n<meta property=\"article:modified_time\" content=\"2025-08-05T08:18:27+00:00\" \/>\n<meta property=\"og:image\" content=\"https:\/\/myavocado.md\/wp-content\/uploads\/2020\/06\/eveline_59017461992922.jpg\" \/>\n\t<meta property=\"og:image:width\" content=\"500\" \/>\n\t<meta property=\"og:image:height\" content=\"700\" \/>\n\t<meta property=\"og:image:type\" content=\"image\/jpeg\" \/>\n<meta name=\"twitter:card\" content=\"summary_large_image\" \/>\n<meta name=\"twitter:label1\" content=\"\u041f\u0440\u0438\u043c\u0435\u0440\u043d\u043e\u0435 \u0432\u0440\u0435\u043c\u044f \u0434\u043b\u044f \u0447\u0442\u0435\u043d\u0438\u044f\" \/>\n\t<meta name=\"twitter:data1\" content=\"1 \u043c\u0438\u043d\u0443\u0442\u0430\" \/>\n<script type=\"application\/ld+json\" class=\"yoast-schema-graph\">{\"@context\":\"https:\/\/schema.org\",\"@graph\":[{\"@type\":\"WebPage\",\"@id\":\"https:\/\/myavocado.md\/produs\/spuma-pentru-fata-eveline-150-ml-i-love-vegan-food-curatare-si-hidratare\/\",\"url\":\"https:\/\/myavocado.md\/produs\/spuma-pentru-fata-eveline-150-ml-i-love-vegan-food-curatare-si-hidratare\/\",\"name\":\"[:ro]Spuma pentru fata EVELINE I LOVE VEGAN FOOD 150 ml Curatare si hidratare[:ru]\u041f\u0435\u043d\u0430 \u0434\u043b\u044f \u0443\u043c\u044b\u0432\u0430\u043d\u0438\u044f EVELINE I LOVE VEGAN FOOD 150 \u043c\u043b Curatare \u0438 hidratare[:] - Avocado Beauty Shop\",\"isPartOf\":{\"@id\":\"https:\/\/myavocado.md\/ru\/#website\"},\"primaryImageOfPage\":{\"@id\":\"https:\/\/myavocado.md\/produs\/spuma-pentru-fata-eveline-150-ml-i-love-vegan-food-curatare-si-hidratare\/#primaryimage\"},\"image\":{\"@id\":\"https:\/\/myavocado.md\/produs\/spuma-pentru-fata-eveline-150-ml-i-love-vegan-food-curatare-si-hidratare\/#primaryimage\"},\"thumbnailUrl\":\"https:\/\/myavocado.md\/wp-content\/uploads\/2020\/06\/eveline_59017461992922.jpg\",\"datePublished\":\"2020-12-09T14:37:09+00:00\",\"dateModified\":\"2025-08-05T08:18:27+00:00\",\"breadcrumb\":{\"@id\":\"https:\/\/myavocado.md\/produs\/spuma-pentru-fata-eveline-150-ml-i-love-vegan-food-curatare-si-hidratare\/#breadcrumb\"},\"inLanguage\":\"ru-RU\",\"potentialAction\":[{\"@type\":\"ReadAction\",\"target\":[\"https:\/\/myavocado.md\/produs\/spuma-pentru-fata-eveline-150-ml-i-love-vegan-food-curatare-si-hidratare\/\"]}]},{\"@type\":\"ImageObject\",\"inLanguage\":\"ru-RU\",\"@id\":\"https:\/\/myavocado.md\/produs\/spuma-pentru-fata-eveline-150-ml-i-love-vegan-food-curatare-si-hidratare\/#primaryimage\",\"url\":\"https:\/\/myavocado.md\/wp-content\/uploads\/2020\/06\/eveline_59017461992922.jpg\",\"contentUrl\":\"https:\/\/myavocado.md\/wp-content\/uploads\/2020\/06\/eveline_59017461992922.jpg\",\"width\":500,\"height\":700},{\"@type\":\"BreadcrumbList\",\"@id\":\"https:\/\/myavocado.md\/produs\/spuma-pentru-fata-eveline-150-ml-i-love-vegan-food-curatare-si-hidratare\/#breadcrumb\",\"itemListElement\":[{\"@type\":\"ListItem\",\"position\":1,\"name\":\"Prima pagin\u0103\",\"item\":\"https:\/\/myavocado.md\/\"},{\"@type\":\"ListItem\",\"position\":2,\"name\":\"\u041c\u0430\u0433\u0430\u0437\u0438\u043d\",\"item\":\"https:\/\/myavocado.md\/ru\/magazin\/\"},{\"@type\":\"ListItem\",\"position\":3,\"name\":\"Spuma pentru fata EVELINE I LOVE VEGAN FOOD 150 ml Curatare si hidratare\"}]},{\"@type\":\"WebSite\",\"@id\":\"https:\/\/myavocado.md\/ru\/#website\",\"url\":\"https:\/\/myavocado.md\/ru\/\",\"name\":\"Avocado Beauty Shop\",\"description\":\"Alege inteligent! Economise\u0219te energie \u0219i bani!\",\"publisher\":{\"@id\":\"https:\/\/myavocado.md\/ru\/#organization\"},\"potentialAction\":[{\"@type\":\"SearchAction\",\"target\":{\"@type\":\"EntryPoint\",\"urlTemplate\":\"https:\/\/myavocado.md\/ru\/?s={search_term_string}\"},\"query-input\":\"required name=search_term_string\"}],\"inLanguage\":\"ru-RU\"},{\"@type\":\"Organization\",\"@id\":\"https:\/\/myavocado.md\/ru\/#organization\",\"name\":\"MyAvocado\",\"url\":\"https:\/\/myavocado.md\/ru\/\",\"logo\":{\"@type\":\"ImageObject\",\"inLanguage\":\"ru-RU\",\"@id\":\"https:\/\/myavocado.md\/ru\/#\/schema\/logo\/image\/\",\"url\":\"https:\/\/myavocado.md\/wp-content\/uploads\/2020\/03\/logo-dark.png\",\"contentUrl\":\"https:\/\/myavocado.md\/wp-content\/uploads\/2020\/03\/logo-dark.png\",\"width\":714,\"height\":221,\"caption\":\"MyAvocado\"},\"image\":{\"@id\":\"https:\/\/myavocado.md\/ru\/#\/schema\/logo\/image\/\"}}]}<\/script>\n<!-- \/ Yoast SEO plugin. -->","yoast_head_json":{"title":"[:ro]Spuma pentru fata EVELINE I LOVE VEGAN FOOD 150 ml Curatare si hidratare[:ru]\u041f\u0435\u043d\u0430 \u0434\u043b\u044f \u0443\u043c\u044b\u0432\u0430\u043d\u0438\u044f EVELINE I LOVE VEGAN FOOD 150 \u043c\u043b Curatare \u0438 hidratare[:] - Avocado Beauty Shop","robots":{"index":"index","follow":"follow","max-snippet":"max-snippet:-1","max-image-preview":"max-image-preview:large","max-video-preview":"max-video-preview:-1"},"canonical":"https:\/\/myavocado.md\/produs\/spuma-pentru-fata-eveline-150-ml-i-love-vegan-food-curatare-si-hidratare\/","og_locale":"ru_RU","og_type":"article","og_title":"[:ro]Spuma pentru fata EVELINE I LOVE VEGAN FOOD 150 ml Curatare si hidratare[:ru]\u041f\u0435\u043d\u0430 \u0434\u043b\u044f \u0443\u043c\u044b\u0432\u0430\u043d\u0438\u044f EVELINE I LOVE VEGAN FOOD 150 \u043c\u043b Curatare \u0438 hidratare[:] - Avocado Beauty Shop","og_description":"Eveline DESCRIERE: Spum\u0103\u00a0 pentru cur\u0103\u021barea tenului I LOVE VEGAN FOOD,\u00a0 pe baz\u0103 de ap\u0103 de cocos \u0219i aloe vera, cur\u0103\u021b\u0103","og_url":"https:\/\/myavocado.md\/produs\/spuma-pentru-fata-eveline-150-ml-i-love-vegan-food-curatare-si-hidratare\/","og_site_name":"Avocado Beauty Shop","article_modified_time":"2025-08-05T08:18:27+00:00","og_image":[{"width":500,"height":700,"url":"https:\/\/myavocado.md\/wp-content\/uploads\/2020\/06\/eveline_59017461992922.jpg","type":"image\/jpeg"}],"twitter_card":"summary_large_image","twitter_misc":{"\u041f\u0440\u0438\u043c\u0435\u0440\u043d\u043e\u0435 \u0432\u0440\u0435\u043c\u044f \u0434\u043b\u044f \u0447\u0442\u0435\u043d\u0438\u044f":"1 \u043c\u0438\u043d\u0443\u0442\u0430"},"schema":{"@context":"https:\/\/schema.org","@graph":[{"@type":"WebPage","@id":"https:\/\/myavocado.md\/produs\/spuma-pentru-fata-eveline-150-ml-i-love-vegan-food-curatare-si-hidratare\/","url":"https:\/\/myavocado.md\/produs\/spuma-pentru-fata-eveline-150-ml-i-love-vegan-food-curatare-si-hidratare\/","name":"[:ro]Spuma pentru fata EVELINE I LOVE VEGAN FOOD 150 ml Curatare si hidratare[:ru]\u041f\u0435\u043d\u0430 \u0434\u043b\u044f \u0443\u043c\u044b\u0432\u0430\u043d\u0438\u044f EVELINE I LOVE VEGAN FOOD 150 \u043c\u043b Curatare \u0438 hidratare[:] - Avocado Beauty Shop","isPartOf":{"@id":"https:\/\/myavocado.md\/ru\/#website"},"primaryImageOfPage":{"@id":"https:\/\/myavocado.md\/produs\/spuma-pentru-fata-eveline-150-ml-i-love-vegan-food-curatare-si-hidratare\/#primaryimage"},"image":{"@id":"https:\/\/myavocado.md\/produs\/spuma-pentru-fata-eveline-150-ml-i-love-vegan-food-curatare-si-hidratare\/#primaryimage"},"thumbnailUrl":"https:\/\/myavocado.md\/wp-content\/uploads\/2020\/06\/eveline_59017461992922.jpg","datePublished":"2020-12-09T14:37:09+00:00","dateModified":"2025-08-05T08:18:27+00:00","breadcrumb":{"@id":"https:\/\/myavocado.md\/produs\/spuma-pentru-fata-eveline-150-ml-i-love-vegan-food-curatare-si-hidratare\/#breadcrumb"},"inLanguage":"ru-RU","potentialAction":[{"@type":"ReadAction","target":["https:\/\/myavocado.md\/produs\/spuma-pentru-fata-eveline-150-ml-i-love-vegan-food-curatare-si-hidratare\/"]}]},{"@type":"ImageObject","inLanguage":"ru-RU","@id":"https:\/\/myavocado.md\/produs\/spuma-pentru-fata-eveline-150-ml-i-love-vegan-food-curatare-si-hidratare\/#primaryimage","url":"https:\/\/myavocado.md\/wp-content\/uploads\/2020\/06\/eveline_59017461992922.jpg","contentUrl":"https:\/\/myavocado.md\/wp-content\/uploads\/2020\/06\/eveline_59017461992922.jpg","width":500,"height":700},{"@type":"BreadcrumbList","@id":"https:\/\/myavocado.md\/produs\/spuma-pentru-fata-eveline-150-ml-i-love-vegan-food-curatare-si-hidratare\/#breadcrumb","itemListElement":[{"@type":"ListItem","position":1,"name":"Prima pagin\u0103","item":"https:\/\/myavocado.md\/"},{"@type":"ListItem","position":2,"name":"\u041c\u0430\u0433\u0430\u0437\u0438\u043d","item":"https:\/\/myavocado.md\/ru\/magazin\/"},{"@type":"ListItem","position":3,"name":"Spuma pentru fata EVELINE I LOVE VEGAN FOOD 150 ml Curatare si hidratare"}]},{"@type":"WebSite","@id":"https:\/\/myavocado.md\/ru\/#website","url":"https:\/\/myavocado.md\/ru\/","name":"Avocado Beauty Shop","description":"Alege inteligent! Economise\u0219te energie \u0219i bani!","publisher":{"@id":"https:\/\/myavocado.md\/ru\/#organization"},"potentialAction":[{"@type":"SearchAction","target":{"@type":"EntryPoint","urlTemplate":"https:\/\/myavocado.md\/ru\/?s={search_term_string}"},"query-input":"required name=search_term_string"}],"inLanguage":"ru-RU"},{"@type":"Organization","@id":"https:\/\/myavocado.md\/ru\/#organization","name":"MyAvocado","url":"https:\/\/myavocado.md\/ru\/","logo":{"@type":"ImageObject","inLanguage":"ru-RU","@id":"https:\/\/myavocado.md\/ru\/#\/schema\/logo\/image\/","url":"https:\/\/myavocado.md\/wp-content\/uploads\/2020\/03\/logo-dark.png","contentUrl":"https:\/\/myavocado.md\/wp-content\/uploads\/2020\/03\/logo-dark.png","width":714,"height":221,"caption":"MyAvocado"},"image":{"@id":"https:\/\/myavocado.md\/ru\/#\/schema\/logo\/image\/"}}]}},"_links":{"self":[{"href":"https:\/\/myavocado.md\/ru\/wp-json\/wp\/v2\/product\/19615"}],"collection":[{"href":"https:\/\/myavocado.md\/ru\/wp-json\/wp\/v2\/product"}],"about":[{"href":"https:\/\/myavocado.md\/ru\/wp-json\/wp\/v2\/types\/product"}],"replies":[{"embeddable":true,"href":"https:\/\/myavocado.md\/ru\/wp-json\/wp\/v2\/comments?post=19615"}],"wp:featuredmedia":[{"embeddable":true,"href":"https:\/\/myavocado.md\/ru\/wp-json\/wp\/v2\/media\/19616"}],"wp:attachment":[{"href":"https:\/\/myavocado.md\/ru\/wp-json\/wp\/v2\/media?parent=19615"}],"wp:term":[{"taxonomy":"product_cat","embeddable":true,"href":"https:\/\/myavocado.md\/ru\/wp-json\/wp\/v2\/product_cat?post=19615"},{"taxonomy":"product_tag","embeddable":true,"href":"https:\/\/myavocado.md\/ru\/wp-json\/wp\/v2\/product_tag?post=19615"}],"curies":[{"name":"wp","href":"https:\/\/api.w.org\/{rel}","templated":true}]}}