{"id":18867,"date":"2020-09-10T14:37:17","date_gmt":"2020-05-26T14:33:33","guid":{"rendered":"https:\/\/myavocado.md\/?post_type=product&#038;p=18867"},"modified":"2025-08-05T11:36:24","modified_gmt":"2025-08-05T08:36:24","slug":"punga-pentru-copt-avocado-5-m","status":"publish","type":"product","link":"https:\/\/myavocado.md\/ru\/produs\/punga-pentru-copt-avocado-5-m\/","title":{"rendered":"\u041f\u0430\u043a\u0435\u0442 \u0434\u043b\u044f \u0437\u0430\u043f\u0435\u043a\u0430\u043d\u0438\u044f Avocado 5 \u043c"},"content":{"rendered":"<p>Este destinat\u0103 pentruprepararea fripturi din carne de vit\u0103, porc, pas\u0103re, peste, dar si pentru legume, fructe. Te ajut\u0103 s\u0103 g\u0103sesti s\u0103n\u0103tos, cu un continut caloric scazut, fiindca nu necesita adaugarea grasimilor alimentare. Pastreaza sucul propriu, aroma naturala si vitaminele. Inainte de a inchide punga, adaugati putina apa, bulion sau vin si produsele vor fi mult mai gustoase si suculente. Compozitie: pelicula din poliester termorezistent.<br \/>\nPrecauti: A nu se lasa la \u00eendemina copiilor. Pericol de sufocare. Feriti de foc, de suprafete fierbinti. Ase evita contactul cu peretii sau spiralele cuptorului. Nu se recomanda folosirea la temperaturi mai mari de 200\u2103. Nu este destinat pentru gratar, gril, cuptor cu microunde. Produs de unica folosinta.<\/p>\n<p><strong>MOD DE FOLOSIRE:<\/strong><\/p>\n<ul>\n<li>Taiati punga cu 10 cm mai mult in fiecare latura de la dimensiunile produsului.<\/li>\n<li>Plasati produsul in punga si sigilati capetele cu clipse. Gauriti partea de sus a pungii.<\/li>\n<li>Punga nu trebuie sa atinga peretii cuptorului. Temperatura coacerii nu trebuie sa depaseasca 200\u2103<\/li>\n<\/ul>\n","protected":false},"excerpt":{"rendered":"<p>Este destinat\u0103 pentruprepararea fripturi din carne de vit\u0103, porc, pas\u0103re, peste, dar si pentru legume, fructe. Te ajut\u0103 s\u0103 g\u0103sesti<\/p>\n","protected":false},"featured_media":18868,"comment_status":"closed","ping_status":"closed","template":"","meta":[],"product_cat":[90,182,39],"product_tag":[],"yoast_head":"<!-- This site is optimized with the Yoast SEO plugin v22.6 - https:\/\/yoast.com\/wordpress\/plugins\/seo\/ -->\n<title>\u041f\u0430\u043a\u0435\u0442 \u0434\u043b\u044f \u0437\u0430\u043f\u0435\u043a\u0430\u043d\u0438\u044f Avocado 5 \u043c - Avocado Beauty Shop<\/title>\n<meta name=\"robots\" content=\"index, follow, max-snippet:-1, max-image-preview:large, max-video-preview:-1\" \/>\n<link rel=\"canonical\" href=\"https:\/\/myavocado.md\/produs\/punga-pentru-copt-avocado-5-m\/\" \/>\n<meta property=\"og:locale\" content=\"ru_RU\" \/>\n<meta property=\"og:type\" content=\"article\" \/>\n<meta property=\"og:title\" content=\"[:ro]Punga pentru copt AVOCADO 5 m[:ru]\u041f\u0430\u043a\u0435\u0442 \u0434\u043b\u044f \u0437\u0430\u043f\u0435\u043a\u0430\u043d\u0438\u044f Avocado 5 \u043c[:] - Avocado Beauty Shop\" \/>\n<meta property=\"og:description\" content=\"Este destinat\u0103 pentruprepararea fripturi din carne de vit\u0103, porc, pas\u0103re, peste, dar si pentru legume, fructe. Te ajut\u0103 s\u0103 g\u0103sesti\" \/>\n<meta property=\"og:url\" content=\"https:\/\/myavocado.md\/produs\/punga-pentru-copt-avocado-5-m\/\" \/>\n<meta property=\"og:site_name\" content=\"Avocado Beauty Shop\" \/>\n<meta property=\"article:modified_time\" content=\"2025-08-05T08:36:24+00:00\" \/>\n<meta property=\"og:image\" content=\"https:\/\/myavocado.md\/wp-content\/uploads\/2020\/05\/4842164000313_avocado.jpg\" \/>\n\t<meta property=\"og:image:width\" content=\"500\" \/>\n\t<meta property=\"og:image:height\" content=\"700\" \/>\n\t<meta property=\"og:image:type\" content=\"image\/jpeg\" \/>\n<meta name=\"twitter:card\" content=\"summary_large_image\" \/>\n<meta name=\"twitter:label1\" content=\"\u041f\u0440\u0438\u043c\u0435\u0440\u043d\u043e\u0435 \u0432\u0440\u0435\u043c\u044f \u0434\u043b\u044f \u0447\u0442\u0435\u043d\u0438\u044f\" \/>\n\t<meta name=\"twitter:data1\" content=\"1 \u043c\u0438\u043d\u0443\u0442\u0430\" \/>\n<script type=\"application\/ld+json\" class=\"yoast-schema-graph\">{\"@context\":\"https:\/\/schema.org\",\"@graph\":[{\"@type\":\"WebPage\",\"@id\":\"https:\/\/myavocado.md\/produs\/punga-pentru-copt-avocado-5-m\/\",\"url\":\"https:\/\/myavocado.md\/produs\/punga-pentru-copt-avocado-5-m\/\",\"name\":\"[:ro]Punga pentru copt AVOCADO 5 m[:ru]\u041f\u0430\u043a\u0435\u0442 \u0434\u043b\u044f \u0437\u0430\u043f\u0435\u043a\u0430\u043d\u0438\u044f Avocado 5 \u043c[:] - Avocado Beauty Shop\",\"isPartOf\":{\"@id\":\"https:\/\/myavocado.md\/ru\/#website\"},\"primaryImageOfPage\":{\"@id\":\"https:\/\/myavocado.md\/produs\/punga-pentru-copt-avocado-5-m\/#primaryimage\"},\"image\":{\"@id\":\"https:\/\/myavocado.md\/produs\/punga-pentru-copt-avocado-5-m\/#primaryimage\"},\"thumbnailUrl\":\"https:\/\/myavocado.md\/wp-content\/uploads\/2020\/05\/4842164000313_avocado.jpg\",\"datePublished\":\"2020-05-26T14:33:33+00:00\",\"dateModified\":\"2025-08-05T08:36:24+00:00\",\"breadcrumb\":{\"@id\":\"https:\/\/myavocado.md\/produs\/punga-pentru-copt-avocado-5-m\/#breadcrumb\"},\"inLanguage\":\"ru-RU\",\"potentialAction\":[{\"@type\":\"ReadAction\",\"target\":[\"https:\/\/myavocado.md\/produs\/punga-pentru-copt-avocado-5-m\/\"]}]},{\"@type\":\"ImageObject\",\"inLanguage\":\"ru-RU\",\"@id\":\"https:\/\/myavocado.md\/produs\/punga-pentru-copt-avocado-5-m\/#primaryimage\",\"url\":\"https:\/\/myavocado.md\/wp-content\/uploads\/2020\/05\/4842164000313_avocado.jpg\",\"contentUrl\":\"https:\/\/myavocado.md\/wp-content\/uploads\/2020\/05\/4842164000313_avocado.jpg\",\"width\":500,\"height\":700},{\"@type\":\"BreadcrumbList\",\"@id\":\"https:\/\/myavocado.md\/produs\/punga-pentru-copt-avocado-5-m\/#breadcrumb\",\"itemListElement\":[{\"@type\":\"ListItem\",\"position\":1,\"name\":\"Prima pagin\u0103\",\"item\":\"https:\/\/myavocado.md\/\"},{\"@type\":\"ListItem\",\"position\":2,\"name\":\"\u041c\u0430\u0433\u0430\u0437\u0438\u043d\",\"item\":\"https:\/\/myavocado.md\/ru\/magazin\/\"},{\"@type\":\"ListItem\",\"position\":3,\"name\":\"Punga pentru copt AVOCADO 5 m\"}]},{\"@type\":\"WebSite\",\"@id\":\"https:\/\/myavocado.md\/ru\/#website\",\"url\":\"https:\/\/myavocado.md\/ru\/\",\"name\":\"Avocado Beauty Shop\",\"description\":\"Alege inteligent! Economise\u0219te energie \u0219i bani!\",\"publisher\":{\"@id\":\"https:\/\/myavocado.md\/ru\/#organization\"},\"potentialAction\":[{\"@type\":\"SearchAction\",\"target\":{\"@type\":\"EntryPoint\",\"urlTemplate\":\"https:\/\/myavocado.md\/ru\/?s={search_term_string}\"},\"query-input\":\"required name=search_term_string\"}],\"inLanguage\":\"ru-RU\"},{\"@type\":\"Organization\",\"@id\":\"https:\/\/myavocado.md\/ru\/#organization\",\"name\":\"MyAvocado\",\"url\":\"https:\/\/myavocado.md\/ru\/\",\"logo\":{\"@type\":\"ImageObject\",\"inLanguage\":\"ru-RU\",\"@id\":\"https:\/\/myavocado.md\/ru\/#\/schema\/logo\/image\/\",\"url\":\"https:\/\/myavocado.md\/wp-content\/uploads\/2020\/03\/logo-dark.png\",\"contentUrl\":\"https:\/\/myavocado.md\/wp-content\/uploads\/2020\/03\/logo-dark.png\",\"width\":714,\"height\":221,\"caption\":\"MyAvocado\"},\"image\":{\"@id\":\"https:\/\/myavocado.md\/ru\/#\/schema\/logo\/image\/\"}}]}<\/script>\n<!-- \/ Yoast SEO plugin. -->","yoast_head_json":{"title":"[:ro]Punga pentru copt AVOCADO 5 m[:ru]\u041f\u0430\u043a\u0435\u0442 \u0434\u043b\u044f \u0437\u0430\u043f\u0435\u043a\u0430\u043d\u0438\u044f Avocado 5 \u043c[:] - Avocado Beauty Shop","robots":{"index":"index","follow":"follow","max-snippet":"max-snippet:-1","max-image-preview":"max-image-preview:large","max-video-preview":"max-video-preview:-1"},"canonical":"https:\/\/myavocado.md\/produs\/punga-pentru-copt-avocado-5-m\/","og_locale":"ru_RU","og_type":"article","og_title":"[:ro]Punga pentru copt AVOCADO 5 m[:ru]\u041f\u0430\u043a\u0435\u0442 \u0434\u043b\u044f \u0437\u0430\u043f\u0435\u043a\u0430\u043d\u0438\u044f Avocado 5 \u043c[:] - Avocado Beauty Shop","og_description":"Este destinat\u0103 pentruprepararea fripturi din carne de vit\u0103, porc, pas\u0103re, peste, dar si pentru legume, fructe. Te ajut\u0103 s\u0103 g\u0103sesti","og_url":"https:\/\/myavocado.md\/produs\/punga-pentru-copt-avocado-5-m\/","og_site_name":"Avocado Beauty Shop","article_modified_time":"2025-08-05T08:36:24+00:00","og_image":[{"width":500,"height":700,"url":"https:\/\/myavocado.md\/wp-content\/uploads\/2020\/05\/4842164000313_avocado.jpg","type":"image\/jpeg"}],"twitter_card":"summary_large_image","twitter_misc":{"\u041f\u0440\u0438\u043c\u0435\u0440\u043d\u043e\u0435 \u0432\u0440\u0435\u043c\u044f \u0434\u043b\u044f \u0447\u0442\u0435\u043d\u0438\u044f":"1 \u043c\u0438\u043d\u0443\u0442\u0430"},"schema":{"@context":"https:\/\/schema.org","@graph":[{"@type":"WebPage","@id":"https:\/\/myavocado.md\/produs\/punga-pentru-copt-avocado-5-m\/","url":"https:\/\/myavocado.md\/produs\/punga-pentru-copt-avocado-5-m\/","name":"[:ro]Punga pentru copt AVOCADO 5 m[:ru]\u041f\u0430\u043a\u0435\u0442 \u0434\u043b\u044f \u0437\u0430\u043f\u0435\u043a\u0430\u043d\u0438\u044f Avocado 5 \u043c[:] - Avocado Beauty Shop","isPartOf":{"@id":"https:\/\/myavocado.md\/ru\/#website"},"primaryImageOfPage":{"@id":"https:\/\/myavocado.md\/produs\/punga-pentru-copt-avocado-5-m\/#primaryimage"},"image":{"@id":"https:\/\/myavocado.md\/produs\/punga-pentru-copt-avocado-5-m\/#primaryimage"},"thumbnailUrl":"https:\/\/myavocado.md\/wp-content\/uploads\/2020\/05\/4842164000313_avocado.jpg","datePublished":"2020-05-26T14:33:33+00:00","dateModified":"2025-08-05T08:36:24+00:00","breadcrumb":{"@id":"https:\/\/myavocado.md\/produs\/punga-pentru-copt-avocado-5-m\/#breadcrumb"},"inLanguage":"ru-RU","potentialAction":[{"@type":"ReadAction","target":["https:\/\/myavocado.md\/produs\/punga-pentru-copt-avocado-5-m\/"]}]},{"@type":"ImageObject","inLanguage":"ru-RU","@id":"https:\/\/myavocado.md\/produs\/punga-pentru-copt-avocado-5-m\/#primaryimage","url":"https:\/\/myavocado.md\/wp-content\/uploads\/2020\/05\/4842164000313_avocado.jpg","contentUrl":"https:\/\/myavocado.md\/wp-content\/uploads\/2020\/05\/4842164000313_avocado.jpg","width":500,"height":700},{"@type":"BreadcrumbList","@id":"https:\/\/myavocado.md\/produs\/punga-pentru-copt-avocado-5-m\/#breadcrumb","itemListElement":[{"@type":"ListItem","position":1,"name":"Prima pagin\u0103","item":"https:\/\/myavocado.md\/"},{"@type":"ListItem","position":2,"name":"\u041c\u0430\u0433\u0430\u0437\u0438\u043d","item":"https:\/\/myavocado.md\/ru\/magazin\/"},{"@type":"ListItem","position":3,"name":"Punga pentru copt AVOCADO 5 m"}]},{"@type":"WebSite","@id":"https:\/\/myavocado.md\/ru\/#website","url":"https:\/\/myavocado.md\/ru\/","name":"Avocado Beauty Shop","description":"Alege inteligent! Economise\u0219te energie \u0219i bani!","publisher":{"@id":"https:\/\/myavocado.md\/ru\/#organization"},"potentialAction":[{"@type":"SearchAction","target":{"@type":"EntryPoint","urlTemplate":"https:\/\/myavocado.md\/ru\/?s={search_term_string}"},"query-input":"required name=search_term_string"}],"inLanguage":"ru-RU"},{"@type":"Organization","@id":"https:\/\/myavocado.md\/ru\/#organization","name":"MyAvocado","url":"https:\/\/myavocado.md\/ru\/","logo":{"@type":"ImageObject","inLanguage":"ru-RU","@id":"https:\/\/myavocado.md\/ru\/#\/schema\/logo\/image\/","url":"https:\/\/myavocado.md\/wp-content\/uploads\/2020\/03\/logo-dark.png","contentUrl":"https:\/\/myavocado.md\/wp-content\/uploads\/2020\/03\/logo-dark.png","width":714,"height":221,"caption":"MyAvocado"},"image":{"@id":"https:\/\/myavocado.md\/ru\/#\/schema\/logo\/image\/"}}]}},"_links":{"self":[{"href":"https:\/\/myavocado.md\/ru\/wp-json\/wp\/v2\/product\/18867"}],"collection":[{"href":"https:\/\/myavocado.md\/ru\/wp-json\/wp\/v2\/product"}],"about":[{"href":"https:\/\/myavocado.md\/ru\/wp-json\/wp\/v2\/types\/product"}],"replies":[{"embeddable":true,"href":"https:\/\/myavocado.md\/ru\/wp-json\/wp\/v2\/comments?post=18867"}],"wp:featuredmedia":[{"embeddable":true,"href":"https:\/\/myavocado.md\/ru\/wp-json\/wp\/v2\/media\/18868"}],"wp:attachment":[{"href":"https:\/\/myavocado.md\/ru\/wp-json\/wp\/v2\/media?parent=18867"}],"wp:term":[{"taxonomy":"product_cat","embeddable":true,"href":"https:\/\/myavocado.md\/ru\/wp-json\/wp\/v2\/product_cat?post=18867"},{"taxonomy":"product_tag","embeddable":true,"href":"https:\/\/myavocado.md\/ru\/wp-json\/wp\/v2\/product_tag?post=18867"}],"curies":[{"name":"wp","href":"https:\/\/api.w.org\/{rel}","templated":true}]}}