{"id":18864,"date":"2020-12-09T16:10:59","date_gmt":"2020-10-07T08:56:50","guid":{"rendered":"https:\/\/myavocado.md\/?post_type=product&#038;p=18864"},"modified":"2026-01-16T12:19:23","modified_gmt":"2026-01-16T10:19:23","slug":"pungi-pentru-copt-avocado-cu-clipsuri-10-buc","status":"publish","type":"product","link":"https:\/\/myavocado.md\/ru\/produs\/pungi-pentru-copt-avocado-cu-clipsuri-10-buc\/","title":{"rendered":"\u041f\u0430\u043a\u0435\u0442\u044b \u0434\u043b\u044f \u0437\u0430\u043f\u0435\u043a\u0430\u043d\u0438\u044f Avocado 10 \u0448\u0442 \u0441 \u043a\u043b\u0438\u043f\u0441\u0430\u043c\u0438"},"content":{"rendered":"<p>Sunt destinate pentru prepararea fripturii din carde de porc, pas[re, vit\u0103, dar \u0219i pentru fructe si legume. Nu necesit\u0103 utilizarea gr\u0103similor, p\u0103streaz\u0103 vitaminile, microelementele, gustul \u0219i aroma produselor preparate. Se folose\u0219te la temperaturi de p\u00een\u0103 la 200\u2103. A nu se utiliz\u0103 \u00een cuptorul cu microunde sau la programul gril. Produs de unica folosint\u0103.<\/p>\n<p><strong>MOD DE FOLOSIRE:<\/strong><\/p>\n<ul>\n<li>\u00centroduceti produsul care doriti sa-l gatiti \u00een pachet.<\/li>\n<li>\u00cenchideti capatul pachetului cu un clips<\/li>\n<li>Taiati coltul de sus al pachetului pentru evacuarea aburilor<\/li>\n<li>\u00centroduceti pachetul \u00een cuptor \u00een asa fel, inc\u00eet suprafata lui sa nu se atinga de peretii cuptorului.<\/li>\n<\/ul>\n","protected":false},"excerpt":{"rendered":"<p>Sunt destinate pentru prepararea fripturii din carde de porc, pas[re, vit\u0103, dar \u0219i pentru fructe si legume. Nu necesit\u0103 utilizarea<\/p>\n","protected":false},"featured_media":18865,"comment_status":"closed","ping_status":"closed","template":"","meta":[],"product_cat":[90,182,39],"product_tag":[],"yoast_head":"<!-- This site is optimized with the Yoast SEO plugin v22.6 - https:\/\/yoast.com\/wordpress\/plugins\/seo\/ -->\n<title>\u041f\u0430\u043a\u0435\u0442\u044b \u0434\u043b\u044f \u0437\u0430\u043f\u0435\u043a\u0430\u043d\u0438\u044f Avocado 10 \u0448\u0442 \u0441 \u043a\u043b\u0438\u043f\u0441\u0430\u043c\u0438 - Avocado Beauty Shop<\/title>\n<meta name=\"robots\" content=\"index, follow, max-snippet:-1, max-image-preview:large, max-video-preview:-1\" \/>\n<link rel=\"canonical\" href=\"https:\/\/myavocado.md\/produs\/pungi-pentru-copt-avocado-cu-clipsuri-10-buc\/\" \/>\n<meta property=\"og:locale\" content=\"ru_RU\" \/>\n<meta property=\"og:type\" content=\"article\" \/>\n<meta property=\"og:title\" content=\"[:ro]Pungi pentru copt AVOCADO 10 buc cu clipsuri[:ru]\u041f\u0430\u043a\u0435\u0442\u044b \u0434\u043b\u044f \u0437\u0430\u043f\u0435\u043a\u0430\u043d\u0438\u044f Avocado 10 \u0448\u0442 \u0441 \u043a\u043b\u0438\u043f\u0441\u0430\u043c\u0438[:] - Avocado Beauty Shop\" \/>\n<meta property=\"og:description\" content=\"Sunt destinate pentru prepararea fripturii din carde de porc, pas[re, vit\u0103, dar \u0219i pentru fructe si legume. Nu necesit\u0103 utilizarea\" \/>\n<meta property=\"og:url\" content=\"https:\/\/myavocado.md\/produs\/pungi-pentru-copt-avocado-cu-clipsuri-10-buc\/\" \/>\n<meta property=\"og:site_name\" content=\"Avocado Beauty Shop\" \/>\n<meta property=\"article:modified_time\" content=\"2026-01-16T10:19:23+00:00\" \/>\n<meta property=\"og:image\" content=\"https:\/\/myavocado.md\/wp-content\/uploads\/2020\/05\/4842164000337_avocado.jpg\" \/>\n\t<meta property=\"og:image:width\" content=\"500\" \/>\n\t<meta property=\"og:image:height\" content=\"700\" \/>\n\t<meta property=\"og:image:type\" content=\"image\/jpeg\" \/>\n<meta name=\"twitter:card\" content=\"summary_large_image\" \/>\n<meta name=\"twitter:label1\" content=\"\u041f\u0440\u0438\u043c\u0435\u0440\u043d\u043e\u0435 \u0432\u0440\u0435\u043c\u044f \u0434\u043b\u044f \u0447\u0442\u0435\u043d\u0438\u044f\" \/>\n\t<meta name=\"twitter:data1\" content=\"1 \u043c\u0438\u043d\u0443\u0442\u0430\" \/>\n<script type=\"application\/ld+json\" class=\"yoast-schema-graph\">{\"@context\":\"https:\/\/schema.org\",\"@graph\":[{\"@type\":\"WebPage\",\"@id\":\"https:\/\/myavocado.md\/produs\/pungi-pentru-copt-avocado-cu-clipsuri-10-buc\/\",\"url\":\"https:\/\/myavocado.md\/produs\/pungi-pentru-copt-avocado-cu-clipsuri-10-buc\/\",\"name\":\"[:ro]Pungi pentru copt AVOCADO 10 buc cu clipsuri[:ru]\u041f\u0430\u043a\u0435\u0442\u044b \u0434\u043b\u044f \u0437\u0430\u043f\u0435\u043a\u0430\u043d\u0438\u044f Avocado 10 \u0448\u0442 \u0441 \u043a\u043b\u0438\u043f\u0441\u0430\u043c\u0438[:] - Avocado Beauty Shop\",\"isPartOf\":{\"@id\":\"https:\/\/myavocado.md\/ru\/#website\"},\"primaryImageOfPage\":{\"@id\":\"https:\/\/myavocado.md\/produs\/pungi-pentru-copt-avocado-cu-clipsuri-10-buc\/#primaryimage\"},\"image\":{\"@id\":\"https:\/\/myavocado.md\/produs\/pungi-pentru-copt-avocado-cu-clipsuri-10-buc\/#primaryimage\"},\"thumbnailUrl\":\"https:\/\/myavocado.md\/wp-content\/uploads\/2020\/05\/4842164000337_avocado.jpg\",\"datePublished\":\"2020-10-07T08:56:50+00:00\",\"dateModified\":\"2026-01-16T10:19:23+00:00\",\"breadcrumb\":{\"@id\":\"https:\/\/myavocado.md\/produs\/pungi-pentru-copt-avocado-cu-clipsuri-10-buc\/#breadcrumb\"},\"inLanguage\":\"ru-RU\",\"potentialAction\":[{\"@type\":\"ReadAction\",\"target\":[\"https:\/\/myavocado.md\/produs\/pungi-pentru-copt-avocado-cu-clipsuri-10-buc\/\"]}]},{\"@type\":\"ImageObject\",\"inLanguage\":\"ru-RU\",\"@id\":\"https:\/\/myavocado.md\/produs\/pungi-pentru-copt-avocado-cu-clipsuri-10-buc\/#primaryimage\",\"url\":\"https:\/\/myavocado.md\/wp-content\/uploads\/2020\/05\/4842164000337_avocado.jpg\",\"contentUrl\":\"https:\/\/myavocado.md\/wp-content\/uploads\/2020\/05\/4842164000337_avocado.jpg\",\"width\":500,\"height\":700},{\"@type\":\"BreadcrumbList\",\"@id\":\"https:\/\/myavocado.md\/produs\/pungi-pentru-copt-avocado-cu-clipsuri-10-buc\/#breadcrumb\",\"itemListElement\":[{\"@type\":\"ListItem\",\"position\":1,\"name\":\"Prima pagin\u0103\",\"item\":\"https:\/\/myavocado.md\/\"},{\"@type\":\"ListItem\",\"position\":2,\"name\":\"\u041c\u0430\u0433\u0430\u0437\u0438\u043d\",\"item\":\"https:\/\/myavocado.md\/ru\/magazin\/\"},{\"@type\":\"ListItem\",\"position\":3,\"name\":\"Pungi pentru copt AVOCADO 10 buc cu clipsuri\"}]},{\"@type\":\"WebSite\",\"@id\":\"https:\/\/myavocado.md\/ru\/#website\",\"url\":\"https:\/\/myavocado.md\/ru\/\",\"name\":\"Avocado Beauty Shop\",\"description\":\"Alege inteligent! Economise\u0219te energie \u0219i bani!\",\"publisher\":{\"@id\":\"https:\/\/myavocado.md\/ru\/#organization\"},\"potentialAction\":[{\"@type\":\"SearchAction\",\"target\":{\"@type\":\"EntryPoint\",\"urlTemplate\":\"https:\/\/myavocado.md\/ru\/?s={search_term_string}\"},\"query-input\":\"required name=search_term_string\"}],\"inLanguage\":\"ru-RU\"},{\"@type\":\"Organization\",\"@id\":\"https:\/\/myavocado.md\/ru\/#organization\",\"name\":\"MyAvocado\",\"url\":\"https:\/\/myavocado.md\/ru\/\",\"logo\":{\"@type\":\"ImageObject\",\"inLanguage\":\"ru-RU\",\"@id\":\"https:\/\/myavocado.md\/ru\/#\/schema\/logo\/image\/\",\"url\":\"https:\/\/myavocado.md\/wp-content\/uploads\/2020\/03\/logo-dark.png\",\"contentUrl\":\"https:\/\/myavocado.md\/wp-content\/uploads\/2020\/03\/logo-dark.png\",\"width\":714,\"height\":221,\"caption\":\"MyAvocado\"},\"image\":{\"@id\":\"https:\/\/myavocado.md\/ru\/#\/schema\/logo\/image\/\"}}]}<\/script>\n<!-- \/ Yoast SEO plugin. -->","yoast_head_json":{"title":"[:ro]Pungi pentru copt AVOCADO 10 buc cu clipsuri[:ru]\u041f\u0430\u043a\u0435\u0442\u044b \u0434\u043b\u044f \u0437\u0430\u043f\u0435\u043a\u0430\u043d\u0438\u044f Avocado 10 \u0448\u0442 \u0441 \u043a\u043b\u0438\u043f\u0441\u0430\u043c\u0438[:] - Avocado Beauty Shop","robots":{"index":"index","follow":"follow","max-snippet":"max-snippet:-1","max-image-preview":"max-image-preview:large","max-video-preview":"max-video-preview:-1"},"canonical":"https:\/\/myavocado.md\/produs\/pungi-pentru-copt-avocado-cu-clipsuri-10-buc\/","og_locale":"ru_RU","og_type":"article","og_title":"[:ro]Pungi pentru copt AVOCADO 10 buc cu clipsuri[:ru]\u041f\u0430\u043a\u0435\u0442\u044b \u0434\u043b\u044f \u0437\u0430\u043f\u0435\u043a\u0430\u043d\u0438\u044f Avocado 10 \u0448\u0442 \u0441 \u043a\u043b\u0438\u043f\u0441\u0430\u043c\u0438[:] - Avocado Beauty Shop","og_description":"Sunt destinate pentru prepararea fripturii din carde de porc, pas[re, vit\u0103, dar \u0219i pentru fructe si legume. Nu necesit\u0103 utilizarea","og_url":"https:\/\/myavocado.md\/produs\/pungi-pentru-copt-avocado-cu-clipsuri-10-buc\/","og_site_name":"Avocado Beauty Shop","article_modified_time":"2026-01-16T10:19:23+00:00","og_image":[{"width":500,"height":700,"url":"https:\/\/myavocado.md\/wp-content\/uploads\/2020\/05\/4842164000337_avocado.jpg","type":"image\/jpeg"}],"twitter_card":"summary_large_image","twitter_misc":{"\u041f\u0440\u0438\u043c\u0435\u0440\u043d\u043e\u0435 \u0432\u0440\u0435\u043c\u044f \u0434\u043b\u044f \u0447\u0442\u0435\u043d\u0438\u044f":"1 \u043c\u0438\u043d\u0443\u0442\u0430"},"schema":{"@context":"https:\/\/schema.org","@graph":[{"@type":"WebPage","@id":"https:\/\/myavocado.md\/produs\/pungi-pentru-copt-avocado-cu-clipsuri-10-buc\/","url":"https:\/\/myavocado.md\/produs\/pungi-pentru-copt-avocado-cu-clipsuri-10-buc\/","name":"[:ro]Pungi pentru copt AVOCADO 10 buc cu clipsuri[:ru]\u041f\u0430\u043a\u0435\u0442\u044b \u0434\u043b\u044f \u0437\u0430\u043f\u0435\u043a\u0430\u043d\u0438\u044f Avocado 10 \u0448\u0442 \u0441 \u043a\u043b\u0438\u043f\u0441\u0430\u043c\u0438[:] - Avocado Beauty Shop","isPartOf":{"@id":"https:\/\/myavocado.md\/ru\/#website"},"primaryImageOfPage":{"@id":"https:\/\/myavocado.md\/produs\/pungi-pentru-copt-avocado-cu-clipsuri-10-buc\/#primaryimage"},"image":{"@id":"https:\/\/myavocado.md\/produs\/pungi-pentru-copt-avocado-cu-clipsuri-10-buc\/#primaryimage"},"thumbnailUrl":"https:\/\/myavocado.md\/wp-content\/uploads\/2020\/05\/4842164000337_avocado.jpg","datePublished":"2020-10-07T08:56:50+00:00","dateModified":"2026-01-16T10:19:23+00:00","breadcrumb":{"@id":"https:\/\/myavocado.md\/produs\/pungi-pentru-copt-avocado-cu-clipsuri-10-buc\/#breadcrumb"},"inLanguage":"ru-RU","potentialAction":[{"@type":"ReadAction","target":["https:\/\/myavocado.md\/produs\/pungi-pentru-copt-avocado-cu-clipsuri-10-buc\/"]}]},{"@type":"ImageObject","inLanguage":"ru-RU","@id":"https:\/\/myavocado.md\/produs\/pungi-pentru-copt-avocado-cu-clipsuri-10-buc\/#primaryimage","url":"https:\/\/myavocado.md\/wp-content\/uploads\/2020\/05\/4842164000337_avocado.jpg","contentUrl":"https:\/\/myavocado.md\/wp-content\/uploads\/2020\/05\/4842164000337_avocado.jpg","width":500,"height":700},{"@type":"BreadcrumbList","@id":"https:\/\/myavocado.md\/produs\/pungi-pentru-copt-avocado-cu-clipsuri-10-buc\/#breadcrumb","itemListElement":[{"@type":"ListItem","position":1,"name":"Prima pagin\u0103","item":"https:\/\/myavocado.md\/"},{"@type":"ListItem","position":2,"name":"\u041c\u0430\u0433\u0430\u0437\u0438\u043d","item":"https:\/\/myavocado.md\/ru\/magazin\/"},{"@type":"ListItem","position":3,"name":"Pungi pentru copt AVOCADO 10 buc cu clipsuri"}]},{"@type":"WebSite","@id":"https:\/\/myavocado.md\/ru\/#website","url":"https:\/\/myavocado.md\/ru\/","name":"Avocado Beauty Shop","description":"Alege inteligent! Economise\u0219te energie \u0219i bani!","publisher":{"@id":"https:\/\/myavocado.md\/ru\/#organization"},"potentialAction":[{"@type":"SearchAction","target":{"@type":"EntryPoint","urlTemplate":"https:\/\/myavocado.md\/ru\/?s={search_term_string}"},"query-input":"required name=search_term_string"}],"inLanguage":"ru-RU"},{"@type":"Organization","@id":"https:\/\/myavocado.md\/ru\/#organization","name":"MyAvocado","url":"https:\/\/myavocado.md\/ru\/","logo":{"@type":"ImageObject","inLanguage":"ru-RU","@id":"https:\/\/myavocado.md\/ru\/#\/schema\/logo\/image\/","url":"https:\/\/myavocado.md\/wp-content\/uploads\/2020\/03\/logo-dark.png","contentUrl":"https:\/\/myavocado.md\/wp-content\/uploads\/2020\/03\/logo-dark.png","width":714,"height":221,"caption":"MyAvocado"},"image":{"@id":"https:\/\/myavocado.md\/ru\/#\/schema\/logo\/image\/"}}]}},"_links":{"self":[{"href":"https:\/\/myavocado.md\/ru\/wp-json\/wp\/v2\/product\/18864"}],"collection":[{"href":"https:\/\/myavocado.md\/ru\/wp-json\/wp\/v2\/product"}],"about":[{"href":"https:\/\/myavocado.md\/ru\/wp-json\/wp\/v2\/types\/product"}],"replies":[{"embeddable":true,"href":"https:\/\/myavocado.md\/ru\/wp-json\/wp\/v2\/comments?post=18864"}],"wp:featuredmedia":[{"embeddable":true,"href":"https:\/\/myavocado.md\/ru\/wp-json\/wp\/v2\/media\/18865"}],"wp:attachment":[{"href":"https:\/\/myavocado.md\/ru\/wp-json\/wp\/v2\/media?parent=18864"}],"wp:term":[{"taxonomy":"product_cat","embeddable":true,"href":"https:\/\/myavocado.md\/ru\/wp-json\/wp\/v2\/product_cat?post=18864"},{"taxonomy":"product_tag","embeddable":true,"href":"https:\/\/myavocado.md\/ru\/wp-json\/wp\/v2\/product_tag?post=18864"}],"curies":[{"name":"wp","href":"https:\/\/api.w.org\/{rel}","templated":true}]}}