{"id":18709,"date":"2020-09-10T14:37:33","date_gmt":"2020-05-19T08:07:38","guid":{"rendered":"https:\/\/myavocado.md\/?post_type=product&#038;p=18709"},"modified":"2026-01-04T14:58:23","modified_gmt":"2026-01-04T12:58:23","slug":"scrub-pentru-fata-eveline-facemed-75-ml-3in1-curatarea","status":"publish","type":"product","link":"https:\/\/myavocado.md\/ru\/produs\/scrub-pentru-fata-eveline-facemed-75-ml-3in1-curatarea\/","title":{"rendered":"\u0421\u043a\u0440\u0430\u0431 \u0434\u043b\u044f \u043b\u0438\u0446\u0430 EVELINE FACEMED+ 75 \u043c\u043b 3\u04321 \u041e\u0447\u0438\u0449\u0435\u043d\u0438\u0435"},"content":{"rendered":"<h1><a href=\"https:\/\/myavocado.md\/?s=eveline&amp;post_type=product\">Eveline<\/a><\/h1>\n<p><strong>DESCRIERE:<\/strong><\/p>\n<p>Scrub pentru fa\u021b\u0103 3 \u00een 1 de la <a href=\"https:\/\/eveline.pl\/\" target=\"_blank\" rel=\"noopener noreferrer\">Eveline Cosmetics<\/a> &#8211; produs pe baz\u0103 de s\u00e2mburi de caise, cur\u0103\u021b\u0103 \u00een porfunzime porii, f\u0103r\u0103 s\u0103 irite pielea. Datorit\u0103 componentelor naturale, scrubul \u00eenl\u0103tur\u0103 delicat celulele moarte, contribuie la regenerarea \u0219i hidratare profund\u0103. Uniformizeaz\u0103 suprafa\u021ba tenului, \u00eei ofer\u0103 catifelare \u0219i un luciu s\u0103n\u0103tos.<\/p>\n<p>Componente active:<\/p>\n<p>-S\u00e2mburi de caise m\u0103run\u021bite 100% naturale<\/p>\n<p>-Extract de romani\u021b\u0103<\/p>\n<p>-Aquaxyl HydraConcept 3D- hidratare intens\u0103.<\/p>\n<p><strong>MOD DE FOLOSIRE:\u00a0 <\/strong><\/p>\n<p>De 2 ori pe s\u0103pt\u0103m\u00e2n\u0103 aplica\u021bi pe pielea preventiv umezit\u0103 a fe\u021bei \u0219i g\u00e2tului, masa\u021bi delicat pe durata a 1-2 minute apoi cl\u0103ti\u021bi cu ap\u0103 cald\u0103. Evita\u021bi zona ochilor.<\/p>\n<p><strong>INGRIDIENTE:<\/strong><\/p>\n<p>AQUA, CETEARYL ALCOHOL, PRUNUS ARMENIACA SEED POWER, GLYCERIL STAERATES, GLYCERIN, ISOPROPYL MYRISTATE, CETEARETH-20, PROPYLENE GLYCOL, COCAMIDE DEA, PRUNUS AMYGDALUS DULCIS OIL, ALLANTOIN, CHAMOMILLA RECUTITA FLOWER EXTRACT, ANHYDROXYLITOL, GLUCOSE, XYLITOL, XYLITYLGLUCOSIDE, PROPYLENE GLYCOL, PARFUM (FRAGRANCE), SODIUM LAURETH SULFATE, PHENOXYETHANOL, METHYLPARABEN, ETHYLPARABEN, BUTYLPARABEN, PROPYLPARABEN, DMDM HYDANTOIN, METHYLCHLOROISOTHIAZOLINONE, METHYLISOTHIAZOLINONE, ACRYLATES\/C10-30 ALKYL ACRYLATE CROSSPOLYMER, TRIETHANOLAMINE, DISODIUM EDTA, BENZYL SALICYLATE, CITRONELLOL, LINALOOL.<\/p>\n<p><a href=\"https:\/\/eveline.pl\/\" target=\"_blank\" rel=\"noopener noreferrer\">Vizualiza\u021bi produsul pe site-ul web al produc\u0103torului<\/a><\/p>\n","protected":false},"excerpt":{"rendered":"<p>Eveline DESCRIERE: Scrub pentru fa\u021b\u0103 3 \u00een 1 de la Eveline Cosmetics &#8211; produs pe baz\u0103 de s\u00e2mburi de caise,<\/p>\n","protected":false},"featured_media":18710,"comment_status":"closed","ping_status":"closed","template":"","meta":[],"product_cat":[133,40,78],"product_tag":[],"yoast_head":"<!-- This site is optimized with the Yoast SEO plugin v22.6 - https:\/\/yoast.com\/wordpress\/plugins\/seo\/ -->\n<title>\u0421\u043a\u0440\u0430\u0431 \u0434\u043b\u044f \u043b\u0438\u0446\u0430 EVELINE FACEMED+ 75 \u043c\u043b 3\u04321 \u041e\u0447\u0438\u0449\u0435\u043d\u0438\u0435 - Avocado Beauty Shop<\/title>\n<meta name=\"robots\" content=\"index, follow, max-snippet:-1, max-image-preview:large, max-video-preview:-1\" \/>\n<link rel=\"canonical\" href=\"https:\/\/myavocado.md\/produs\/scrub-pentru-fata-eveline-facemed-75-ml-3in1-curatarea\/\" \/>\n<meta property=\"og:locale\" content=\"ru_RU\" \/>\n<meta property=\"og:type\" content=\"article\" \/>\n<meta property=\"og:title\" content=\"[:ro]Scrub pentru fata EVELINE FACEMED+ 75 ml 3in1 Curatarea[:ru]\u0421\u043a\u0440\u0430\u0431 \u0434\u043b\u044f \u043b\u0438\u0446\u0430 EVELINE FACEMED+ 75 \u043c\u043b 3\u04321 \u041e\u0447\u0438\u0449\u0435\u043d\u0438\u0435[:] - Avocado Beauty Shop\" \/>\n<meta property=\"og:description\" content=\"Eveline DESCRIERE: Scrub pentru fa\u021b\u0103 3 \u00een 1 de la Eveline Cosmetics &#8211; produs pe baz\u0103 de s\u00e2mburi de caise,\" \/>\n<meta property=\"og:url\" content=\"https:\/\/myavocado.md\/produs\/scrub-pentru-fata-eveline-facemed-75-ml-3in1-curatarea\/\" \/>\n<meta property=\"og:site_name\" content=\"Avocado Beauty Shop\" \/>\n<meta property=\"article:modified_time\" content=\"2026-01-04T12:58:23+00:00\" \/>\n<meta property=\"og:image\" content=\"https:\/\/myavocado.md\/wp-content\/uploads\/2020\/05\/5903416002659_eveline.jpg\" \/>\n\t<meta property=\"og:image:width\" content=\"500\" \/>\n\t<meta property=\"og:image:height\" content=\"700\" \/>\n\t<meta property=\"og:image:type\" content=\"image\/jpeg\" \/>\n<meta name=\"twitter:card\" content=\"summary_large_image\" \/>\n<meta name=\"twitter:label1\" content=\"\u041f\u0440\u0438\u043c\u0435\u0440\u043d\u043e\u0435 \u0432\u0440\u0435\u043c\u044f \u0434\u043b\u044f \u0447\u0442\u0435\u043d\u0438\u044f\" \/>\n\t<meta name=\"twitter:data1\" content=\"1 \u043c\u0438\u043d\u0443\u0442\u0430\" \/>\n<script type=\"application\/ld+json\" class=\"yoast-schema-graph\">{\"@context\":\"https:\/\/schema.org\",\"@graph\":[{\"@type\":\"WebPage\",\"@id\":\"https:\/\/myavocado.md\/produs\/scrub-pentru-fata-eveline-facemed-75-ml-3in1-curatarea\/\",\"url\":\"https:\/\/myavocado.md\/produs\/scrub-pentru-fata-eveline-facemed-75-ml-3in1-curatarea\/\",\"name\":\"[:ro]Scrub pentru fata EVELINE FACEMED+ 75 ml 3in1 Curatarea[:ru]\u0421\u043a\u0440\u0430\u0431 \u0434\u043b\u044f \u043b\u0438\u0446\u0430 EVELINE FACEMED+ 75 \u043c\u043b 3\u04321 \u041e\u0447\u0438\u0449\u0435\u043d\u0438\u0435[:] - Avocado Beauty Shop\",\"isPartOf\":{\"@id\":\"https:\/\/myavocado.md\/ru\/#website\"},\"primaryImageOfPage\":{\"@id\":\"https:\/\/myavocado.md\/produs\/scrub-pentru-fata-eveline-facemed-75-ml-3in1-curatarea\/#primaryimage\"},\"image\":{\"@id\":\"https:\/\/myavocado.md\/produs\/scrub-pentru-fata-eveline-facemed-75-ml-3in1-curatarea\/#primaryimage\"},\"thumbnailUrl\":\"https:\/\/myavocado.md\/wp-content\/uploads\/2020\/05\/5903416002659_eveline.jpg\",\"datePublished\":\"2020-05-19T08:07:38+00:00\",\"dateModified\":\"2026-01-04T12:58:23+00:00\",\"breadcrumb\":{\"@id\":\"https:\/\/myavocado.md\/produs\/scrub-pentru-fata-eveline-facemed-75-ml-3in1-curatarea\/#breadcrumb\"},\"inLanguage\":\"ru-RU\",\"potentialAction\":[{\"@type\":\"ReadAction\",\"target\":[\"https:\/\/myavocado.md\/produs\/scrub-pentru-fata-eveline-facemed-75-ml-3in1-curatarea\/\"]}]},{\"@type\":\"ImageObject\",\"inLanguage\":\"ru-RU\",\"@id\":\"https:\/\/myavocado.md\/produs\/scrub-pentru-fata-eveline-facemed-75-ml-3in1-curatarea\/#primaryimage\",\"url\":\"https:\/\/myavocado.md\/wp-content\/uploads\/2020\/05\/5903416002659_eveline.jpg\",\"contentUrl\":\"https:\/\/myavocado.md\/wp-content\/uploads\/2020\/05\/5903416002659_eveline.jpg\",\"width\":500,\"height\":700},{\"@type\":\"BreadcrumbList\",\"@id\":\"https:\/\/myavocado.md\/produs\/scrub-pentru-fata-eveline-facemed-75-ml-3in1-curatarea\/#breadcrumb\",\"itemListElement\":[{\"@type\":\"ListItem\",\"position\":1,\"name\":\"Prima pagin\u0103\",\"item\":\"https:\/\/myavocado.md\/\"},{\"@type\":\"ListItem\",\"position\":2,\"name\":\"\u041c\u0430\u0433\u0430\u0437\u0438\u043d\",\"item\":\"https:\/\/myavocado.md\/ru\/magazin\/\"},{\"@type\":\"ListItem\",\"position\":3,\"name\":\"Scrub pentru fata EVELINE FACEMED+ 75 ml 3in1 Curatarea\"}]},{\"@type\":\"WebSite\",\"@id\":\"https:\/\/myavocado.md\/ru\/#website\",\"url\":\"https:\/\/myavocado.md\/ru\/\",\"name\":\"Avocado Beauty Shop\",\"description\":\"Alege inteligent! Economise\u0219te energie \u0219i bani!\",\"publisher\":{\"@id\":\"https:\/\/myavocado.md\/ru\/#organization\"},\"potentialAction\":[{\"@type\":\"SearchAction\",\"target\":{\"@type\":\"EntryPoint\",\"urlTemplate\":\"https:\/\/myavocado.md\/ru\/?s={search_term_string}\"},\"query-input\":\"required name=search_term_string\"}],\"inLanguage\":\"ru-RU\"},{\"@type\":\"Organization\",\"@id\":\"https:\/\/myavocado.md\/ru\/#organization\",\"name\":\"MyAvocado\",\"url\":\"https:\/\/myavocado.md\/ru\/\",\"logo\":{\"@type\":\"ImageObject\",\"inLanguage\":\"ru-RU\",\"@id\":\"https:\/\/myavocado.md\/ru\/#\/schema\/logo\/image\/\",\"url\":\"https:\/\/myavocado.md\/wp-content\/uploads\/2020\/03\/logo-dark.png\",\"contentUrl\":\"https:\/\/myavocado.md\/wp-content\/uploads\/2020\/03\/logo-dark.png\",\"width\":714,\"height\":221,\"caption\":\"MyAvocado\"},\"image\":{\"@id\":\"https:\/\/myavocado.md\/ru\/#\/schema\/logo\/image\/\"}}]}<\/script>\n<!-- \/ Yoast SEO plugin. -->","yoast_head_json":{"title":"[:ro]Scrub pentru fata EVELINE FACEMED+ 75 ml 3in1 Curatarea[:ru]\u0421\u043a\u0440\u0430\u0431 \u0434\u043b\u044f \u043b\u0438\u0446\u0430 EVELINE FACEMED+ 75 \u043c\u043b 3\u04321 \u041e\u0447\u0438\u0449\u0435\u043d\u0438\u0435[:] - Avocado Beauty Shop","robots":{"index":"index","follow":"follow","max-snippet":"max-snippet:-1","max-image-preview":"max-image-preview:large","max-video-preview":"max-video-preview:-1"},"canonical":"https:\/\/myavocado.md\/produs\/scrub-pentru-fata-eveline-facemed-75-ml-3in1-curatarea\/","og_locale":"ru_RU","og_type":"article","og_title":"[:ro]Scrub pentru fata EVELINE FACEMED+ 75 ml 3in1 Curatarea[:ru]\u0421\u043a\u0440\u0430\u0431 \u0434\u043b\u044f \u043b\u0438\u0446\u0430 EVELINE FACEMED+ 75 \u043c\u043b 3\u04321 \u041e\u0447\u0438\u0449\u0435\u043d\u0438\u0435[:] - Avocado Beauty Shop","og_description":"Eveline DESCRIERE: Scrub pentru fa\u021b\u0103 3 \u00een 1 de la Eveline Cosmetics &#8211; produs pe baz\u0103 de s\u00e2mburi de caise,","og_url":"https:\/\/myavocado.md\/produs\/scrub-pentru-fata-eveline-facemed-75-ml-3in1-curatarea\/","og_site_name":"Avocado Beauty Shop","article_modified_time":"2026-01-04T12:58:23+00:00","og_image":[{"width":500,"height":700,"url":"https:\/\/myavocado.md\/wp-content\/uploads\/2020\/05\/5903416002659_eveline.jpg","type":"image\/jpeg"}],"twitter_card":"summary_large_image","twitter_misc":{"\u041f\u0440\u0438\u043c\u0435\u0440\u043d\u043e\u0435 \u0432\u0440\u0435\u043c\u044f \u0434\u043b\u044f \u0447\u0442\u0435\u043d\u0438\u044f":"1 \u043c\u0438\u043d\u0443\u0442\u0430"},"schema":{"@context":"https:\/\/schema.org","@graph":[{"@type":"WebPage","@id":"https:\/\/myavocado.md\/produs\/scrub-pentru-fata-eveline-facemed-75-ml-3in1-curatarea\/","url":"https:\/\/myavocado.md\/produs\/scrub-pentru-fata-eveline-facemed-75-ml-3in1-curatarea\/","name":"[:ro]Scrub pentru fata EVELINE FACEMED+ 75 ml 3in1 Curatarea[:ru]\u0421\u043a\u0440\u0430\u0431 \u0434\u043b\u044f \u043b\u0438\u0446\u0430 EVELINE FACEMED+ 75 \u043c\u043b 3\u04321 \u041e\u0447\u0438\u0449\u0435\u043d\u0438\u0435[:] - Avocado Beauty Shop","isPartOf":{"@id":"https:\/\/myavocado.md\/ru\/#website"},"primaryImageOfPage":{"@id":"https:\/\/myavocado.md\/produs\/scrub-pentru-fata-eveline-facemed-75-ml-3in1-curatarea\/#primaryimage"},"image":{"@id":"https:\/\/myavocado.md\/produs\/scrub-pentru-fata-eveline-facemed-75-ml-3in1-curatarea\/#primaryimage"},"thumbnailUrl":"https:\/\/myavocado.md\/wp-content\/uploads\/2020\/05\/5903416002659_eveline.jpg","datePublished":"2020-05-19T08:07:38+00:00","dateModified":"2026-01-04T12:58:23+00:00","breadcrumb":{"@id":"https:\/\/myavocado.md\/produs\/scrub-pentru-fata-eveline-facemed-75-ml-3in1-curatarea\/#breadcrumb"},"inLanguage":"ru-RU","potentialAction":[{"@type":"ReadAction","target":["https:\/\/myavocado.md\/produs\/scrub-pentru-fata-eveline-facemed-75-ml-3in1-curatarea\/"]}]},{"@type":"ImageObject","inLanguage":"ru-RU","@id":"https:\/\/myavocado.md\/produs\/scrub-pentru-fata-eveline-facemed-75-ml-3in1-curatarea\/#primaryimage","url":"https:\/\/myavocado.md\/wp-content\/uploads\/2020\/05\/5903416002659_eveline.jpg","contentUrl":"https:\/\/myavocado.md\/wp-content\/uploads\/2020\/05\/5903416002659_eveline.jpg","width":500,"height":700},{"@type":"BreadcrumbList","@id":"https:\/\/myavocado.md\/produs\/scrub-pentru-fata-eveline-facemed-75-ml-3in1-curatarea\/#breadcrumb","itemListElement":[{"@type":"ListItem","position":1,"name":"Prima pagin\u0103","item":"https:\/\/myavocado.md\/"},{"@type":"ListItem","position":2,"name":"\u041c\u0430\u0433\u0430\u0437\u0438\u043d","item":"https:\/\/myavocado.md\/ru\/magazin\/"},{"@type":"ListItem","position":3,"name":"Scrub pentru fata EVELINE FACEMED+ 75 ml 3in1 Curatarea"}]},{"@type":"WebSite","@id":"https:\/\/myavocado.md\/ru\/#website","url":"https:\/\/myavocado.md\/ru\/","name":"Avocado Beauty Shop","description":"Alege inteligent! Economise\u0219te energie \u0219i bani!","publisher":{"@id":"https:\/\/myavocado.md\/ru\/#organization"},"potentialAction":[{"@type":"SearchAction","target":{"@type":"EntryPoint","urlTemplate":"https:\/\/myavocado.md\/ru\/?s={search_term_string}"},"query-input":"required name=search_term_string"}],"inLanguage":"ru-RU"},{"@type":"Organization","@id":"https:\/\/myavocado.md\/ru\/#organization","name":"MyAvocado","url":"https:\/\/myavocado.md\/ru\/","logo":{"@type":"ImageObject","inLanguage":"ru-RU","@id":"https:\/\/myavocado.md\/ru\/#\/schema\/logo\/image\/","url":"https:\/\/myavocado.md\/wp-content\/uploads\/2020\/03\/logo-dark.png","contentUrl":"https:\/\/myavocado.md\/wp-content\/uploads\/2020\/03\/logo-dark.png","width":714,"height":221,"caption":"MyAvocado"},"image":{"@id":"https:\/\/myavocado.md\/ru\/#\/schema\/logo\/image\/"}}]}},"_links":{"self":[{"href":"https:\/\/myavocado.md\/ru\/wp-json\/wp\/v2\/product\/18709"}],"collection":[{"href":"https:\/\/myavocado.md\/ru\/wp-json\/wp\/v2\/product"}],"about":[{"href":"https:\/\/myavocado.md\/ru\/wp-json\/wp\/v2\/types\/product"}],"replies":[{"embeddable":true,"href":"https:\/\/myavocado.md\/ru\/wp-json\/wp\/v2\/comments?post=18709"}],"wp:featuredmedia":[{"embeddable":true,"href":"https:\/\/myavocado.md\/ru\/wp-json\/wp\/v2\/media\/18710"}],"wp:attachment":[{"href":"https:\/\/myavocado.md\/ru\/wp-json\/wp\/v2\/media?parent=18709"}],"wp:term":[{"taxonomy":"product_cat","embeddable":true,"href":"https:\/\/myavocado.md\/ru\/wp-json\/wp\/v2\/product_cat?post=18709"},{"taxonomy":"product_tag","embeddable":true,"href":"https:\/\/myavocado.md\/ru\/wp-json\/wp\/v2\/product_tag?post=18709"}],"curies":[{"name":"wp","href":"https:\/\/api.w.org\/{rel}","templated":true}]}}