{"id":18703,"date":"2020-12-09T16:24:06","date_gmt":"2020-05-19T07:38:28","guid":{"rendered":"https:\/\/myavocado.md\/?post_type=product&#038;p=18703"},"modified":"2025-08-05T11:17:15","modified_gmt":"2025-08-05T08:17:15","slug":"spuma-pentru-fata-eveline-150-ml-i-love-vegan-food-curatare","status":"publish","type":"product","link":"https:\/\/myavocado.md\/ru\/produs\/spuma-pentru-fata-eveline-150-ml-i-love-vegan-food-curatare\/","title":{"rendered":"\u041f\u0435\u043d\u0430 \u0434\u043b\u044f \u0443\u043c\u044b\u0432\u0430\u043d\u0438\u044f EVELINE I LOVE VEGAN FOOD 150 \u043c\u043b Curatare"},"content":{"rendered":"<h1><a href=\"https:\/\/myavocado.md\/?s=eveline&amp;post_type=product\">Eveline<\/a><\/h1>\n<p><strong>DESCRIERE:<\/strong><\/p>\n<p>Spum\u0103 demachiant\u0103 <a href=\"https:\/\/myavocado.md\/?s=I+LOVE+VEGAN+FOOD&amp;post_type=product\">I LOVE VEGAN FOOD<\/a> pentru cur\u0103\u021barea profund\u0103 a tenului cu extract de l\u0103m\u00e2ie \u0219i lime.\u00a0 Aceasta este destinat\u0103 cur\u0103\u021birii porilor \u0219i \u00eengustarea lor , elimin\u0103rii excesului de sebum, uniformizeaz\u0103 culoarea tenului, lupta \u00eempotriva acneei \u0219i imperfec\u021biunilor pielii.<\/p>\n<ul>\n<li>EXTRAS DE LIME \u0218I L\u0102M\u00c2IE- regleaz\u0103 activitatea glandelor sebacee, cur\u0103\u021b\u0103 eficient porii, revitalizeaz\u0103 .<\/li>\n<li>SODA &#8211; ajut\u0103 la \u00eengustarea porilor, elimin\u0103 imperfec\u021biuni ale pielii, efect puternic antibacterian.<\/li>\n<li>EXTRACT DE BUMBAC- hidrateaz\u0103, hr\u0103ne\u0219te \u0219i \u00eenmoaie pielea, \u00eei ofer\u0103 prospe\u021bime.<\/li>\n<li>COMPLEX PROBIOTIC &#8211; consolideaz\u0103 stratul protector al pielii &#8211; microbiomul s\u0103u.<\/li>\n<\/ul>\n<p><strong>MOD DE FOLOSIRE:<\/strong><\/p>\n<p>Aplica\u021bi o cantitate suficient\u0103 de produs pe tenul umed, masa\u021bi u\u0219or dup\u0103 care cl\u0103ti\u021bi cu de ap\u0103 cald\u0103.<\/p>\n<p><strong>INGRIDIENTE:<\/strong><\/p>\n<p>AQUA, STEARIC ACID, GLYCERIN, POTASSIUM HYDROXIDE, COCAMIDOPROPYL BETAINE, SODIUM BIOCARBONATE, CITRUS AURANTIFOLIA FRUIT EXTRACT, CITRUS LIMON FRUIT EXTRACT, GOSSYPIUM HERBACEUM SEED OIL, PRUNUS AMYGDALUS DULCIS OIL, CITRUS AURANTIUM DULCIS PEEL OIL, LACTITOL, XYLITOL,COCOS NUCIFERA OIL, XANTHAN GUM, PANTHENOL, HYDROGENATED VEGETABLE OIL, PHENOXYETHANOL, ETHYLHEXYLGLYCERIN, CITRIC ACID, PARFUM (FRAGRANCE), DISODIUM EDTA, LIMONENE, BENZYL ALCOHOL, CITRAL,HYDROXYCITRONELLAL.<\/p>\n<p><a href=\"https:\/\/ru.eveline.eu\/gluboko-ocisausaa-penka-dla-umyvania-i-love-vegan-food\" target=\"_blank\" rel=\"noopener noreferrer\">Vizualiza\u021bi produsul pe site-ul web al produc\u0103torului<\/a><\/p>\n","protected":false},"excerpt":{"rendered":"<p>Eveline DESCRIERE: Spum\u0103 demachiant\u0103 I LOVE VEGAN FOOD pentru cur\u0103\u021barea profund\u0103 a tenului cu extract de l\u0103m\u00e2ie \u0219i lime.\u00a0 Aceasta<\/p>\n","protected":false},"featured_media":18704,"comment_status":"closed","ping_status":"closed","template":"","meta":[],"product_cat":[133,40,78],"product_tag":[],"yoast_head":"<!-- This site is optimized with the Yoast SEO plugin v22.6 - https:\/\/yoast.com\/wordpress\/plugins\/seo\/ -->\n<title>\u041f\u0435\u043d\u0430 \u0434\u043b\u044f \u0443\u043c\u044b\u0432\u0430\u043d\u0438\u044f EVELINE I LOVE VEGAN FOOD 150 \u043c\u043b Curatare - Avocado Beauty Shop<\/title>\n<meta name=\"robots\" content=\"index, follow, max-snippet:-1, max-image-preview:large, max-video-preview:-1\" \/>\n<link rel=\"canonical\" href=\"https:\/\/myavocado.md\/produs\/spuma-pentru-fata-eveline-150-ml-i-love-vegan-food-curatare\/\" \/>\n<meta property=\"og:locale\" content=\"ru_RU\" \/>\n<meta property=\"og:type\" content=\"article\" \/>\n<meta property=\"og:title\" content=\"[:ro]Spuma pentru fata EVELINE I LOVE VEGAN FOOD 150 ml Curatare[:ru]\u041f\u0435\u043d\u0430 \u0434\u043b\u044f \u0443\u043c\u044b\u0432\u0430\u043d\u0438\u044f EVELINE I LOVE VEGAN FOOD 150 \u043c\u043b Curatare[:] - Avocado Beauty Shop\" \/>\n<meta property=\"og:description\" content=\"Eveline DESCRIERE: Spum\u0103 demachiant\u0103 I LOVE VEGAN FOOD pentru cur\u0103\u021barea profund\u0103 a tenului cu extract de l\u0103m\u00e2ie \u0219i lime.\u00a0 Aceasta\" \/>\n<meta property=\"og:url\" content=\"https:\/\/myavocado.md\/produs\/spuma-pentru-fata-eveline-150-ml-i-love-vegan-food-curatare\/\" \/>\n<meta property=\"og:site_name\" content=\"Avocado Beauty Shop\" \/>\n<meta property=\"article:modified_time\" content=\"2025-08-05T08:17:15+00:00\" \/>\n<meta property=\"og:image\" content=\"https:\/\/myavocado.md\/wp-content\/uploads\/2020\/05\/5903416009276_eveline.jpg\" \/>\n\t<meta property=\"og:image:width\" content=\"500\" \/>\n\t<meta property=\"og:image:height\" content=\"700\" \/>\n\t<meta property=\"og:image:type\" content=\"image\/jpeg\" \/>\n<meta name=\"twitter:card\" content=\"summary_large_image\" \/>\n<meta name=\"twitter:label1\" content=\"\u041f\u0440\u0438\u043c\u0435\u0440\u043d\u043e\u0435 \u0432\u0440\u0435\u043c\u044f \u0434\u043b\u044f \u0447\u0442\u0435\u043d\u0438\u044f\" \/>\n\t<meta name=\"twitter:data1\" content=\"1 \u043c\u0438\u043d\u0443\u0442\u0430\" \/>\n<script type=\"application\/ld+json\" class=\"yoast-schema-graph\">{\"@context\":\"https:\/\/schema.org\",\"@graph\":[{\"@type\":\"WebPage\",\"@id\":\"https:\/\/myavocado.md\/produs\/spuma-pentru-fata-eveline-150-ml-i-love-vegan-food-curatare\/\",\"url\":\"https:\/\/myavocado.md\/produs\/spuma-pentru-fata-eveline-150-ml-i-love-vegan-food-curatare\/\",\"name\":\"[:ro]Spuma pentru fata EVELINE I LOVE VEGAN FOOD 150 ml Curatare[:ru]\u041f\u0435\u043d\u0430 \u0434\u043b\u044f \u0443\u043c\u044b\u0432\u0430\u043d\u0438\u044f EVELINE I LOVE VEGAN FOOD 150 \u043c\u043b Curatare[:] - Avocado Beauty Shop\",\"isPartOf\":{\"@id\":\"https:\/\/myavocado.md\/ru\/#website\"},\"primaryImageOfPage\":{\"@id\":\"https:\/\/myavocado.md\/produs\/spuma-pentru-fata-eveline-150-ml-i-love-vegan-food-curatare\/#primaryimage\"},\"image\":{\"@id\":\"https:\/\/myavocado.md\/produs\/spuma-pentru-fata-eveline-150-ml-i-love-vegan-food-curatare\/#primaryimage\"},\"thumbnailUrl\":\"https:\/\/myavocado.md\/wp-content\/uploads\/2020\/05\/5903416009276_eveline.jpg\",\"datePublished\":\"2020-05-19T07:38:28+00:00\",\"dateModified\":\"2025-08-05T08:17:15+00:00\",\"breadcrumb\":{\"@id\":\"https:\/\/myavocado.md\/produs\/spuma-pentru-fata-eveline-150-ml-i-love-vegan-food-curatare\/#breadcrumb\"},\"inLanguage\":\"ru-RU\",\"potentialAction\":[{\"@type\":\"ReadAction\",\"target\":[\"https:\/\/myavocado.md\/produs\/spuma-pentru-fata-eveline-150-ml-i-love-vegan-food-curatare\/\"]}]},{\"@type\":\"ImageObject\",\"inLanguage\":\"ru-RU\",\"@id\":\"https:\/\/myavocado.md\/produs\/spuma-pentru-fata-eveline-150-ml-i-love-vegan-food-curatare\/#primaryimage\",\"url\":\"https:\/\/myavocado.md\/wp-content\/uploads\/2020\/05\/5903416009276_eveline.jpg\",\"contentUrl\":\"https:\/\/myavocado.md\/wp-content\/uploads\/2020\/05\/5903416009276_eveline.jpg\",\"width\":500,\"height\":700},{\"@type\":\"BreadcrumbList\",\"@id\":\"https:\/\/myavocado.md\/produs\/spuma-pentru-fata-eveline-150-ml-i-love-vegan-food-curatare\/#breadcrumb\",\"itemListElement\":[{\"@type\":\"ListItem\",\"position\":1,\"name\":\"Prima pagin\u0103\",\"item\":\"https:\/\/myavocado.md\/\"},{\"@type\":\"ListItem\",\"position\":2,\"name\":\"\u041c\u0430\u0433\u0430\u0437\u0438\u043d\",\"item\":\"https:\/\/myavocado.md\/ru\/magazin\/\"},{\"@type\":\"ListItem\",\"position\":3,\"name\":\"Spuma pentru fata EVELINE I LOVE VEGAN FOOD 150 ml Curatare\"}]},{\"@type\":\"WebSite\",\"@id\":\"https:\/\/myavocado.md\/ru\/#website\",\"url\":\"https:\/\/myavocado.md\/ru\/\",\"name\":\"Avocado Beauty Shop\",\"description\":\"Alege inteligent! Economise\u0219te energie \u0219i bani!\",\"publisher\":{\"@id\":\"https:\/\/myavocado.md\/ru\/#organization\"},\"potentialAction\":[{\"@type\":\"SearchAction\",\"target\":{\"@type\":\"EntryPoint\",\"urlTemplate\":\"https:\/\/myavocado.md\/ru\/?s={search_term_string}\"},\"query-input\":\"required name=search_term_string\"}],\"inLanguage\":\"ru-RU\"},{\"@type\":\"Organization\",\"@id\":\"https:\/\/myavocado.md\/ru\/#organization\",\"name\":\"MyAvocado\",\"url\":\"https:\/\/myavocado.md\/ru\/\",\"logo\":{\"@type\":\"ImageObject\",\"inLanguage\":\"ru-RU\",\"@id\":\"https:\/\/myavocado.md\/ru\/#\/schema\/logo\/image\/\",\"url\":\"https:\/\/myavocado.md\/wp-content\/uploads\/2020\/03\/logo-dark.png\",\"contentUrl\":\"https:\/\/myavocado.md\/wp-content\/uploads\/2020\/03\/logo-dark.png\",\"width\":714,\"height\":221,\"caption\":\"MyAvocado\"},\"image\":{\"@id\":\"https:\/\/myavocado.md\/ru\/#\/schema\/logo\/image\/\"}}]}<\/script>\n<!-- \/ Yoast SEO plugin. -->","yoast_head_json":{"title":"[:ro]Spuma pentru fata EVELINE I LOVE VEGAN FOOD 150 ml Curatare[:ru]\u041f\u0435\u043d\u0430 \u0434\u043b\u044f \u0443\u043c\u044b\u0432\u0430\u043d\u0438\u044f EVELINE I LOVE VEGAN FOOD 150 \u043c\u043b Curatare[:] - Avocado Beauty Shop","robots":{"index":"index","follow":"follow","max-snippet":"max-snippet:-1","max-image-preview":"max-image-preview:large","max-video-preview":"max-video-preview:-1"},"canonical":"https:\/\/myavocado.md\/produs\/spuma-pentru-fata-eveline-150-ml-i-love-vegan-food-curatare\/","og_locale":"ru_RU","og_type":"article","og_title":"[:ro]Spuma pentru fata EVELINE I LOVE VEGAN FOOD 150 ml Curatare[:ru]\u041f\u0435\u043d\u0430 \u0434\u043b\u044f \u0443\u043c\u044b\u0432\u0430\u043d\u0438\u044f EVELINE I LOVE VEGAN FOOD 150 \u043c\u043b Curatare[:] - Avocado Beauty Shop","og_description":"Eveline DESCRIERE: Spum\u0103 demachiant\u0103 I LOVE VEGAN FOOD pentru cur\u0103\u021barea profund\u0103 a tenului cu extract de l\u0103m\u00e2ie \u0219i lime.\u00a0 Aceasta","og_url":"https:\/\/myavocado.md\/produs\/spuma-pentru-fata-eveline-150-ml-i-love-vegan-food-curatare\/","og_site_name":"Avocado Beauty Shop","article_modified_time":"2025-08-05T08:17:15+00:00","og_image":[{"width":500,"height":700,"url":"https:\/\/myavocado.md\/wp-content\/uploads\/2020\/05\/5903416009276_eveline.jpg","type":"image\/jpeg"}],"twitter_card":"summary_large_image","twitter_misc":{"\u041f\u0440\u0438\u043c\u0435\u0440\u043d\u043e\u0435 \u0432\u0440\u0435\u043c\u044f \u0434\u043b\u044f \u0447\u0442\u0435\u043d\u0438\u044f":"1 \u043c\u0438\u043d\u0443\u0442\u0430"},"schema":{"@context":"https:\/\/schema.org","@graph":[{"@type":"WebPage","@id":"https:\/\/myavocado.md\/produs\/spuma-pentru-fata-eveline-150-ml-i-love-vegan-food-curatare\/","url":"https:\/\/myavocado.md\/produs\/spuma-pentru-fata-eveline-150-ml-i-love-vegan-food-curatare\/","name":"[:ro]Spuma pentru fata EVELINE I LOVE VEGAN FOOD 150 ml Curatare[:ru]\u041f\u0435\u043d\u0430 \u0434\u043b\u044f \u0443\u043c\u044b\u0432\u0430\u043d\u0438\u044f EVELINE I LOVE VEGAN FOOD 150 \u043c\u043b Curatare[:] - Avocado Beauty Shop","isPartOf":{"@id":"https:\/\/myavocado.md\/ru\/#website"},"primaryImageOfPage":{"@id":"https:\/\/myavocado.md\/produs\/spuma-pentru-fata-eveline-150-ml-i-love-vegan-food-curatare\/#primaryimage"},"image":{"@id":"https:\/\/myavocado.md\/produs\/spuma-pentru-fata-eveline-150-ml-i-love-vegan-food-curatare\/#primaryimage"},"thumbnailUrl":"https:\/\/myavocado.md\/wp-content\/uploads\/2020\/05\/5903416009276_eveline.jpg","datePublished":"2020-05-19T07:38:28+00:00","dateModified":"2025-08-05T08:17:15+00:00","breadcrumb":{"@id":"https:\/\/myavocado.md\/produs\/spuma-pentru-fata-eveline-150-ml-i-love-vegan-food-curatare\/#breadcrumb"},"inLanguage":"ru-RU","potentialAction":[{"@type":"ReadAction","target":["https:\/\/myavocado.md\/produs\/spuma-pentru-fata-eveline-150-ml-i-love-vegan-food-curatare\/"]}]},{"@type":"ImageObject","inLanguage":"ru-RU","@id":"https:\/\/myavocado.md\/produs\/spuma-pentru-fata-eveline-150-ml-i-love-vegan-food-curatare\/#primaryimage","url":"https:\/\/myavocado.md\/wp-content\/uploads\/2020\/05\/5903416009276_eveline.jpg","contentUrl":"https:\/\/myavocado.md\/wp-content\/uploads\/2020\/05\/5903416009276_eveline.jpg","width":500,"height":700},{"@type":"BreadcrumbList","@id":"https:\/\/myavocado.md\/produs\/spuma-pentru-fata-eveline-150-ml-i-love-vegan-food-curatare\/#breadcrumb","itemListElement":[{"@type":"ListItem","position":1,"name":"Prima pagin\u0103","item":"https:\/\/myavocado.md\/"},{"@type":"ListItem","position":2,"name":"\u041c\u0430\u0433\u0430\u0437\u0438\u043d","item":"https:\/\/myavocado.md\/ru\/magazin\/"},{"@type":"ListItem","position":3,"name":"Spuma pentru fata EVELINE I LOVE VEGAN FOOD 150 ml Curatare"}]},{"@type":"WebSite","@id":"https:\/\/myavocado.md\/ru\/#website","url":"https:\/\/myavocado.md\/ru\/","name":"Avocado Beauty Shop","description":"Alege inteligent! Economise\u0219te energie \u0219i bani!","publisher":{"@id":"https:\/\/myavocado.md\/ru\/#organization"},"potentialAction":[{"@type":"SearchAction","target":{"@type":"EntryPoint","urlTemplate":"https:\/\/myavocado.md\/ru\/?s={search_term_string}"},"query-input":"required name=search_term_string"}],"inLanguage":"ru-RU"},{"@type":"Organization","@id":"https:\/\/myavocado.md\/ru\/#organization","name":"MyAvocado","url":"https:\/\/myavocado.md\/ru\/","logo":{"@type":"ImageObject","inLanguage":"ru-RU","@id":"https:\/\/myavocado.md\/ru\/#\/schema\/logo\/image\/","url":"https:\/\/myavocado.md\/wp-content\/uploads\/2020\/03\/logo-dark.png","contentUrl":"https:\/\/myavocado.md\/wp-content\/uploads\/2020\/03\/logo-dark.png","width":714,"height":221,"caption":"MyAvocado"},"image":{"@id":"https:\/\/myavocado.md\/ru\/#\/schema\/logo\/image\/"}}]}},"_links":{"self":[{"href":"https:\/\/myavocado.md\/ru\/wp-json\/wp\/v2\/product\/18703"}],"collection":[{"href":"https:\/\/myavocado.md\/ru\/wp-json\/wp\/v2\/product"}],"about":[{"href":"https:\/\/myavocado.md\/ru\/wp-json\/wp\/v2\/types\/product"}],"replies":[{"embeddable":true,"href":"https:\/\/myavocado.md\/ru\/wp-json\/wp\/v2\/comments?post=18703"}],"wp:featuredmedia":[{"embeddable":true,"href":"https:\/\/myavocado.md\/ru\/wp-json\/wp\/v2\/media\/18704"}],"wp:attachment":[{"href":"https:\/\/myavocado.md\/ru\/wp-json\/wp\/v2\/media?parent=18703"}],"wp:term":[{"taxonomy":"product_cat","embeddable":true,"href":"https:\/\/myavocado.md\/ru\/wp-json\/wp\/v2\/product_cat?post=18703"},{"taxonomy":"product_tag","embeddable":true,"href":"https:\/\/myavocado.md\/ru\/wp-json\/wp\/v2\/product_tag?post=18703"}],"curies":[{"name":"wp","href":"https:\/\/api.w.org\/{rel}","templated":true}]}}